{"id":40041,"date":"2020-12-31T10:13:49","date_gmt":"2020-12-31T09:13:49","guid":{"rendered":"https:\/\/mms-seminar.com\/mms-terapist-listesi\/"},"modified":"2020-12-31T10:14:12","modified_gmt":"2020-12-31T09:14:12","slug":"mms-terapist-listesi","status":"publish","type":"page","link":"https:\/\/mms-seminar.com\/tr\/mms-terapist-listesi\/","title":{"rendered":"MMS Terapist Listesi"},"content":{"rendered":"\t\t<div data-elementor-type=\"wp-page\" data-elementor-id=\"40041\" class=\"elementor elementor-40041 elementor-28051\" data-elementor-post-type=\"page\">\n\t\t\t\t\t\t<section class=\"elementor-section elementor-top-section elementor-element elementor-element-588efb0 elementor-section-boxed elementor-section-height-default elementor-section-height-default\" data-id=\"588efb0\" data-element_type=\"section\" data-e-type=\"section\">\n\t\t\t\t\t\t<div class=\"elementor-container elementor-column-gap-default\">\n\t\t\t\t\t<div class=\"elementor-column elementor-col-100 elementor-top-column elementor-element elementor-element-075aac3\" data-id=\"075aac3\" data-element_type=\"column\" data-e-type=\"column\">\n\t\t\t<div class=\"elementor-widget-wrap elementor-element-populated\">\n\t\t\t\t\t\t<div class=\"elementor-element elementor-element-87ca27b elementor-widget elementor-widget-heading\" data-id=\"87ca27b\" data-element_type=\"widget\" data-e-type=\"widget\" data-widget_type=\"heading.default\">\n\t\t\t\t<div class=\"elementor-widget-container\">\n\t\t\t\t\t<h2 class=\"elementor-heading-title elementor-size-default\">MMS Terapist Listesi<\/h2>\t\t\t\t<\/div>\n\t\t\t\t<\/div>\n\t\t\t\t\t<\/div>\n\t\t<\/div>\n\t\t\t\t\t<\/div>\n\t\t<\/section>\n\t\t\t\t<section class=\"elementor-section elementor-top-section elementor-element elementor-element-228a6bdb elementor-section-boxed elementor-section-height-default elementor-section-height-default\" data-id=\"228a6bdb\" data-element_type=\"section\" data-e-type=\"section\">\n\t\t\t\t\t\t<div class=\"elementor-container elementor-column-gap-default\">\n\t\t\t\t\t<div class=\"elementor-column elementor-col-100 elementor-top-column elementor-element elementor-element-7420af47\" data-id=\"7420af47\" data-element_type=\"column\" data-e-type=\"column\">\n\t\t\t<div class=\"elementor-widget-wrap elementor-element-populated\">\n\t\t\t\t\t\t<div class=\"elementor-element elementor-element-134b5cd4 elementor-widget elementor-widget-text-editor\" data-id=\"134b5cd4\" data-element_type=\"widget\" data-e-type=\"widget\" data-widget_type=\"text-editor.default\">\n\t\t\t\t<div class=\"elementor-widget-container\">\n\t\t\t\t\t\t\t\t\t<p>Terapistlerin listesi yak\u0131nda haz\u0131rlanacak.<\/p>\n<p><strong>Dikkat:<\/strong> Onlar <strong>doktorlar,<\/strong> <strong>di\u015f hekimleri,<\/strong> <strong>naturopaths<\/strong> ve <strong>MMS,<\/strong> <strong>DMSO<\/strong> ve Co ile do\u011frudan tedavi di\u011fer <strong>sa\u011fl\u0131k profesyonelleri<\/strong>de\u011fildir. MMS hen\u00fcz onaylanmad\u0131 ve bu nedenle bir sa\u011fl\u0131k uzman\u0131 do\u011frudan MMS re\u00e7ete edemez veya uygulayamaz. Ama kendi kendine terapinde sana b\u00fct\u00fcnsel olarak e\u015flik edebilir. Burada a\u011f\u0131rl\u0131kl\u0131 olarak b\u00fct\u00fcnsel olarak \u00e7al\u0131\u015fan ve alternatif ila\u00e7lar ve y\u00f6ntemlere a\u00e7\u0131k sa\u011fl\u0131k profesyonelleri listelenmi\u015ftir. Daha fazla sa\u011fl\u0131k profesyonelleri \u00f6nerebilirsiniz. \u0130stek \u00fczerine, adresleri bu eksik listeden de kald\u0131rabiliriz.<\/p>\n<p>Dr. Hartmut Fischer<\/p>\n<p><a href=\"https:\/\/www.praktijk-beaumont.nl\/\" target=\"_blank\" rel=\"noopener\">Patrik Beaumont<\/a><\/p>\n<p>Dr. Klinghardt <a href=\"http:\/\/www.ink.ag\" target=\"_blank\" rel=\"noopener noreferrer\">www.ink.ag<\/a> g\u00f6re ek e\u011fitim ile Terapistler<\/p>\n<p>Alexandra Wilhelm <a href=\"http:\/\/praxis-pferdegesundheit.de\" target=\"_blank\" rel=\"noopener noreferrer\">www.praxis-pferdegesundheit.de<\/a><\/p>\n\t\t\t\t\t\t\t\t<\/div>\n\t\t\t\t<\/div>\n\t\t\t\t\t<\/div>\n\t\t<\/div>\n\t\t\t\t\t<\/div>\n\t\t<\/section>\n\t\t\t\t<section class=\"elementor-section elementor-top-section elementor-element elementor-element-2357848a elementor-section-boxed elementor-section-height-default elementor-section-height-default\" data-id=\"2357848a\" data-element_type=\"section\" data-e-type=\"section\">\n\t\t\t\t\t\t<div class=\"elementor-container elementor-column-gap-default\">\n\t\t\t\t\t<div class=\"elementor-column elementor-col-100 elementor-top-column elementor-element elementor-element-1643d280\" data-id=\"1643d280\" data-element_type=\"column\" data-e-type=\"column\">\n\t\t\t<div class=\"elementor-widget-wrap elementor-element-populated\">\n\t\t\t\t\t\t<section class=\"elementor-section elementor-inner-section elementor-element elementor-element-202fb4e7 elementor-section-boxed elementor-section-height-default elementor-section-height-default\" data-id=\"202fb4e7\" data-element_type=\"section\" data-e-type=\"section\">\n\t\t\t\t\t\t<div class=\"elementor-container elementor-column-gap-default\">\n\t\t\t\t\t<div class=\"elementor-column elementor-col-100 elementor-inner-column elementor-element elementor-element-4fc453c2\" data-id=\"4fc453c2\" data-element_type=\"column\" data-e-type=\"column\">\n\t\t\t<div class=\"elementor-widget-wrap elementor-element-populated\">\n\t\t\t\t\t\t<div class=\"elementor-element elementor-element-7962bff2 elementor-widget elementor-widget-spacer\" data-id=\"7962bff2\" data-element_type=\"widget\" data-e-type=\"widget\" data-widget_type=\"spacer.default\">\n\t\t\t\t<div class=\"elementor-widget-container\">\n\t\t\t\t\t\t\t<div class=\"elementor-spacer\">\n\t\t\t<div class=\"elementor-spacer-inner\"><\/div>\n\t\t<\/div>\n\t\t\t\t\t\t<\/div>\n\t\t\t\t<\/div>\n\t\t\t\t<div class=\"elementor-element elementor-element-1d358746 elementor-hidden-phone elementor-widget elementor-widget-image\" data-id=\"1d358746\" data-element_type=\"widget\" data-e-type=\"widget\" data-widget_type=\"image.default\">\n\t\t\t\t<div class=\"elementor-widget-container\">\n\t\t\t\t\t\t\t\t\t\t\t\t\t\t\t\t<a href=\"https:\/\/ticketshop.akasha-congress.com.\/s\/AKASHA-Congress?group_id=816\" target=\"_blank\">\n\t\t\t\t\t\t\t<img fetchpriority=\"high\" decoding=\"async\" width=\"1200\" height=\"400\" src=\"https:\/\/mms-seminar.com\/wp-content\/uploads\/2020\/06\/Banner_quer_mms-dvd.jpg\" class=\"attachment-full size-full wp-image-39186\" alt=\"\" srcset=\"https:\/\/mms-seminar.com\/wp-content\/uploads\/2020\/06\/Banner_quer_mms-dvd.jpg 1200w, https:\/\/mms-seminar.com\/wp-content\/uploads\/2020\/06\/Banner_quer_mms-dvd-300x100.jpg 300w, https:\/\/mms-seminar.com\/wp-content\/uploads\/2020\/06\/Banner_quer_mms-dvd-1024x341.jpg 1024w, https:\/\/mms-seminar.com\/wp-content\/uploads\/2020\/06\/Banner_quer_mms-dvd-768x256.jpg 768w\" sizes=\"(max-width: 1200px) 100vw, 1200px\" \/>\t\t\t\t\t\t\t\t<\/a>\n\t\t\t\t\t\t\t\t\t\t\t\t\t\t\t<\/div>\n\t\t\t\t<\/div>\n\t\t\t\t\t<\/div>\n\t\t<\/div>\n\t\t\t\t\t<\/div>\n\t\t<\/section>\n\t\t\t\t<section class=\"elementor-section elementor-inner-section elementor-element elementor-element-3aa0fd54 elementor-section-boxed elementor-section-height-default elementor-section-height-default\" data-id=\"3aa0fd54\" data-element_type=\"section\" data-e-type=\"section\">\n\t\t\t\t\t\t<div class=\"elementor-container elementor-column-gap-default\">\n\t\t\t\t\t<div class=\"elementor-column elementor-col-100 elementor-inner-column elementor-element elementor-element-72987a04\" data-id=\"72987a04\" data-element_type=\"column\" data-e-type=\"column\">\n\t\t\t<div class=\"elementor-widget-wrap elementor-element-populated\">\n\t\t\t\t\t\t<div class=\"elementor-element elementor-element-783fdfec elementor-hidden-desktop elementor-hidden-tablet elementor-widget elementor-widget-image\" data-id=\"783fdfec\" data-element_type=\"widget\" data-e-type=\"widget\" data-widget_type=\"image.default\">\n\t\t\t\t<div class=\"elementor-widget-container\">\n\t\t\t\t\t\t\t\t\t\t\t\t\t\t\t\t<a href=\"https:\/\/ticketshop.akasha-congress.com.\/s\/AKASHA-Congress?group_id=816\" target=\"_blank\">\n\t\t\t\t\t\t\t<img decoding=\"async\" width=\"300\" height=\"250\" src=\"https:\/\/mms-seminar.com\/wp-content\/uploads\/2020\/06\/Banner_mobile_video.gif\" class=\"attachment-full size-full wp-image-39329\" alt=\"\" \/>\t\t\t\t\t\t\t\t<\/a>\n\t\t\t\t\t\t\t\t\t\t\t\t\t\t\t<\/div>\n\t\t\t\t<\/div>\n\t\t\t\t<div class=\"elementor-element elementor-element-7b5f68f3 elementor-widget elementor-widget-spacer\" data-id=\"7b5f68f3\" data-element_type=\"widget\" data-e-type=\"widget\" data-widget_type=\"spacer.default\">\n\t\t\t\t<div class=\"elementor-widget-container\">\n\t\t\t\t\t\t\t<div class=\"elementor-spacer\">\n\t\t\t<div class=\"elementor-spacer-inner\"><\/div>\n\t\t<\/div>\n\t\t\t\t\t\t<\/div>\n\t\t\t\t<\/div>\n\t\t\t\t\t<\/div>\n\t\t<\/div>\n\t\t\t\t\t<\/div>\n\t\t<\/section>\n\t\t\t\t\t<\/div>\n\t\t<\/div>\n\t\t\t\t\t<\/div>\n\t\t<\/section>\n\t\t\t\t<\/div>\n\t\t","protected":false},"excerpt":{"rendered":"<p>MMS Terapist Listesi Terapistlerin listesi yak\u0131nda haz\u0131rlanacak. Dikkat: Onlar doktorlar, di\u015f hekimleri, naturopaths ve MMS, DMSO ve Co ile do\u011frudan tedavi di\u011fer sa\u011fl\u0131k profesyonelleride\u011fildir. MMS hen\u00fcz onaylanmad\u0131 ve bu nedenle bir sa\u011fl\u0131k uzman\u0131 do\u011frudan MMS re\u00e7ete edemez [&hellip;]<\/p>\n","protected":false},"author":1,"featured_media":0,"parent":0,"menu_order":0,"comment_status":"closed","ping_status":"closed","template":"","meta":{"_uag_custom_page_level_css":"","site-sidebar-layout":"no-sidebar","site-content-layout":"plain-container","ast-site-content-layout":"","site-content-style":"default","site-sidebar-style":"default","ast-global-header-display":"","ast-banner-title-visibility":"","ast-main-header-display":"","ast-hfb-above-header-display":"","ast-hfb-below-header-display":"","ast-hfb-mobile-header-display":"","site-post-title":"disabled","ast-breadcrumbs-content":"","ast-featured-img":"disabled","footer-sml-layout":"","theme-transparent-header-meta":"default","adv-header-id-meta":"","stick-header-meta":"","header-above-stick-meta":"","header-main-stick-meta":"","header-below-stick-meta":"","astra-migrate-meta-layouts":"default","ast-page-background-enabled":"default","ast-page-background-meta":{"desktop":{"background-color":"","background-image":"","background-repeat":"repeat","background-position":"center center","background-size":"auto","background-attachment":"scroll","background-type":"","background-media":"","overlay-type":"","overlay-color":"","overlay-opacity":"","overlay-gradient":""},"tablet":{"background-color":"","background-image":"","background-repeat":"repeat","background-position":"center center","background-size":"auto","background-attachment":"scroll","background-type":"","background-media":"","overlay-type":"","overlay-color":"","overlay-opacity":"","overlay-gradient":""},"mobile":{"background-color":"","background-image":"","background-repeat":"repeat","background-position":"center center","background-size":"auto","background-attachment":"scroll","background-type":"","background-media":"","overlay-type":"","overlay-color":"","overlay-opacity":"","overlay-gradient":""}},"ast-content-background-meta":{"desktop":{"background-color":"var(--ast-global-color-5)","background-image":"","background-repeat":"repeat","background-position":"center center","background-size":"auto","background-attachment":"scroll","background-type":"","background-media":"","overlay-type":"","overlay-color":"","overlay-opacity":"","overlay-gradient":""},"tablet":{"background-color":"var(--ast-global-color-5)","background-image":"","background-repeat":"repeat","background-position":"center center","background-size":"auto","background-attachment":"scroll","background-type":"","background-media":"","overlay-type":"","overlay-color":"","overlay-opacity":"","overlay-gradient":""},"mobile":{"background-color":"var(--ast-global-color-5)","background-image":"","background-repeat":"repeat","background-position":"center center","background-size":"auto","background-attachment":"scroll","background-type":"","background-media":"","overlay-type":"","overlay-color":"","overlay-opacity":"","overlay-gradient":""}},"footnotes":""},"class_list":["post-40041","page","type-page","status-publish","hentry"],"yoast_head":"<!-- This site is optimized with the Yoast SEO Premium plugin v27.2 (Yoast SEO v27.2) - https:\/\/yoast.com\/product\/yoast-seo-premium-wordpress\/ -->\n<title>MMS Terapist Listesi - MMS Seminar | Chlordioxid (CDS\/CDL) nach Jim Humble &amp; A. Kalcker<\/title>\n<meta name=\"robots\" content=\"index, follow, max-snippet:-1, max-image-preview:large, max-video-preview:-1\" \/>\n<link rel=\"canonical\" href=\"https:\/\/mms-seminar.com\/tr\/mms-terapist-listesi\/\" \/>\n<meta property=\"og:locale\" content=\"tr_TR\" \/>\n<meta property=\"og:type\" content=\"article\" \/>\n<meta property=\"og:title\" content=\"MMS Terapist Listesi\" \/>\n<meta property=\"og:description\" content=\"MMS Terapist Listesi Terapistlerin listesi yak\u0131nda haz\u0131rlanacak. Dikkat: Onlar doktorlar, di\u015f hekimleri, naturopaths ve MMS, DMSO ve Co ile do\u011frudan tedavi di\u011fer sa\u011fl\u0131k profesyonelleride\u011fildir. MMS hen\u00fcz onaylanmad\u0131 ve bu nedenle bir sa\u011fl\u0131k uzman\u0131 do\u011frudan MMS re\u00e7ete edemez [&hellip;]\" \/>\n<meta property=\"og:url\" content=\"https:\/\/mms-seminar.com\/tr\/mms-terapist-listesi\/\" \/>\n<meta property=\"og:site_name\" content=\"MMS Seminar | Chlordioxid (CDS\/CDL) nach Jim Humble &amp; A. Kalcker\" \/>\n<meta property=\"article:publisher\" content=\"https:\/\/www.facebook.com\/MMSseminare\" \/>\n<meta property=\"article:modified_time\" content=\"2020-12-31T09:14:12+00:00\" \/>\n<meta property=\"og:image\" content=\"https:\/\/mms-seminar.com\/wp-content\/uploads\/2020\/06\/Banner_quer_mms-dvd.jpg\" \/>\n<meta name=\"twitter:label1\" content=\"Tahmini okuma s\u00fcresi\" \/>\n\t<meta name=\"twitter:data1\" content=\"1 dakika\" \/>\n<script type=\"application\/ld+json\" class=\"yoast-schema-graph\">{\"@context\":\"https:\/\/schema.org\",\"@graph\":[{\"@type\":\"WebPage\",\"@id\":\"https:\/\/mms-seminar.com\/tr\/mms-terapist-listesi\/\",\"url\":\"https:\/\/mms-seminar.com\/tr\/mms-terapist-listesi\/\",\"name\":\"MMS Terapist Listesi - MMS Seminar | Chlordioxid (CDS\/CDL) nach Jim Humble &amp; A. Kalcker\",\"isPartOf\":{\"@id\":\"https:\/\/mms-seminar.com\/tr\/#website\"},\"primaryImageOfPage\":{\"@id\":\"https:\/\/mms-seminar.com\/tr\/mms-terapist-listesi\/#primaryimage\"},\"image\":{\"@id\":\"https:\/\/mms-seminar.com\/tr\/mms-terapist-listesi\/#primaryimage\"},\"thumbnailUrl\":\"https:\/\/mms-seminar.com\/wp-content\/uploads\/2020\/06\/Banner_quer_mms-dvd.jpg\",\"datePublished\":\"2020-12-31T09:13:49+00:00\",\"dateModified\":\"2020-12-31T09:14:12+00:00\",\"breadcrumb\":{\"@id\":\"https:\/\/mms-seminar.com\/tr\/mms-terapist-listesi\/#breadcrumb\"},\"inLanguage\":\"tr\",\"potentialAction\":[{\"@type\":\"ReadAction\",\"target\":[\"https:\/\/mms-seminar.com\/tr\/mms-terapist-listesi\/\"]}]},{\"@type\":\"ImageObject\",\"inLanguage\":\"tr\",\"@id\":\"https:\/\/mms-seminar.com\/tr\/mms-terapist-listesi\/#primaryimage\",\"url\":\"https:\/\/mms-seminar.com\/wp-content\/uploads\/2020\/06\/Banner_quer_mms-dvd.jpg\",\"contentUrl\":\"https:\/\/mms-seminar.com\/wp-content\/uploads\/2020\/06\/Banner_quer_mms-dvd.jpg\"},{\"@type\":\"BreadcrumbList\",\"@id\":\"https:\/\/mms-seminar.com\/tr\/mms-terapist-listesi\/#breadcrumb\",\"itemListElement\":[{\"@type\":\"ListItem\",\"position\":1,\"name\":\"Home\",\"item\":\"https:\/\/mms-seminar.com\/tr\/\"},{\"@type\":\"ListItem\",\"position\":2,\"name\":\"MMS Terapist Listesi\"}]},{\"@type\":\"WebSite\",\"@id\":\"https:\/\/mms-seminar.com\/tr\/#website\",\"url\":\"https:\/\/mms-seminar.com\/tr\/\",\"name\":\"MMS Seminar | Chlordioxid (CDS\/CDL) nach Jim Humble & A. Kalcker\",\"description\":\"Dein Wissensportal zu MMS, CDS\/CDL &amp; Methylenblau nach Jim Humble und Andreas Kalcker.\",\"publisher\":{\"@id\":\"https:\/\/mms-seminar.com\/tr\/#organization\"},\"potentialAction\":[{\"@type\":\"SearchAction\",\"target\":{\"@type\":\"EntryPoint\",\"urlTemplate\":\"https:\/\/mms-seminar.com\/tr\/?s={search_term_string}\"},\"query-input\":{\"@type\":\"PropertyValueSpecification\",\"valueRequired\":true,\"valueName\":\"search_term_string\"}}],\"inLanguage\":\"tr\"},{\"@type\":\"Organization\",\"@id\":\"https:\/\/mms-seminar.com\/tr\/#organization\",\"name\":\"MMS-Seminar\",\"url\":\"https:\/\/mms-seminar.com\/tr\/\",\"logo\":{\"@type\":\"ImageObject\",\"inLanguage\":\"tr\",\"@id\":\"https:\/\/mms-seminar.com\/tr\/#\/schema\/logo\/image\/\",\"url\":\"https:\/\/mms-seminar.com\/wp-content\/uploads\/2017\/08\/cropped-mms-logo-weiss-560x80-2.png\",\"contentUrl\":\"https:\/\/mms-seminar.com\/wp-content\/uploads\/2017\/08\/cropped-mms-logo-weiss-560x80-2.png\",\"width\":446,\"height\":80,\"caption\":\"MMS-Seminar\"},\"image\":{\"@id\":\"https:\/\/mms-seminar.com\/tr\/#\/schema\/logo\/image\/\"},\"sameAs\":[\"https:\/\/www.facebook.com\/MMSseminare\"]}]}<\/script>\n<!-- \/ Yoast SEO Premium plugin. -->","yoast_head_json":{"title":"MMS Terapist Listesi - MMS Seminar | Chlordioxid (CDS\/CDL) nach Jim Humble &amp; A. Kalcker","robots":{"index":"index","follow":"follow","max-snippet":"max-snippet:-1","max-image-preview":"max-image-preview:large","max-video-preview":"max-video-preview:-1"},"canonical":"https:\/\/mms-seminar.com\/tr\/mms-terapist-listesi\/","og_locale":"tr_TR","og_type":"article","og_title":"MMS Terapist Listesi","og_description":"MMS Terapist Listesi Terapistlerin listesi yak\u0131nda haz\u0131rlanacak. Dikkat: Onlar doktorlar, di\u015f hekimleri, naturopaths ve MMS, DMSO ve Co ile do\u011frudan tedavi di\u011fer sa\u011fl\u0131k profesyonelleride\u011fildir. MMS hen\u00fcz onaylanmad\u0131 ve bu nedenle bir sa\u011fl\u0131k uzman\u0131 do\u011frudan MMS re\u00e7ete edemez [&hellip;]","og_url":"https:\/\/mms-seminar.com\/tr\/mms-terapist-listesi\/","og_site_name":"MMS Seminar | Chlordioxid (CDS\/CDL) nach Jim Humble &amp; A. Kalcker","article_publisher":"https:\/\/www.facebook.com\/MMSseminare","article_modified_time":"2020-12-31T09:14:12+00:00","og_image":[{"url":"https:\/\/mms-seminar.com\/wp-content\/uploads\/2020\/06\/Banner_quer_mms-dvd.jpg","type":"","width":"","height":""}],"twitter_misc":{"Tahmini okuma s\u00fcresi":"1 dakika"},"schema":{"@context":"https:\/\/schema.org","@graph":[{"@type":"WebPage","@id":"https:\/\/mms-seminar.com\/tr\/mms-terapist-listesi\/","url":"https:\/\/mms-seminar.com\/tr\/mms-terapist-listesi\/","name":"MMS Terapist Listesi - MMS Seminar | Chlordioxid (CDS\/CDL) nach Jim Humble &amp; A. Kalcker","isPartOf":{"@id":"https:\/\/mms-seminar.com\/tr\/#website"},"primaryImageOfPage":{"@id":"https:\/\/mms-seminar.com\/tr\/mms-terapist-listesi\/#primaryimage"},"image":{"@id":"https:\/\/mms-seminar.com\/tr\/mms-terapist-listesi\/#primaryimage"},"thumbnailUrl":"https:\/\/mms-seminar.com\/wp-content\/uploads\/2020\/06\/Banner_quer_mms-dvd.jpg","datePublished":"2020-12-31T09:13:49+00:00","dateModified":"2020-12-31T09:14:12+00:00","breadcrumb":{"@id":"https:\/\/mms-seminar.com\/tr\/mms-terapist-listesi\/#breadcrumb"},"inLanguage":"tr","potentialAction":[{"@type":"ReadAction","target":["https:\/\/mms-seminar.com\/tr\/mms-terapist-listesi\/"]}]},{"@type":"ImageObject","inLanguage":"tr","@id":"https:\/\/mms-seminar.com\/tr\/mms-terapist-listesi\/#primaryimage","url":"https:\/\/mms-seminar.com\/wp-content\/uploads\/2020\/06\/Banner_quer_mms-dvd.jpg","contentUrl":"https:\/\/mms-seminar.com\/wp-content\/uploads\/2020\/06\/Banner_quer_mms-dvd.jpg"},{"@type":"BreadcrumbList","@id":"https:\/\/mms-seminar.com\/tr\/mms-terapist-listesi\/#breadcrumb","itemListElement":[{"@type":"ListItem","position":1,"name":"Home","item":"https:\/\/mms-seminar.com\/tr\/"},{"@type":"ListItem","position":2,"name":"MMS Terapist Listesi"}]},{"@type":"WebSite","@id":"https:\/\/mms-seminar.com\/tr\/#website","url":"https:\/\/mms-seminar.com\/tr\/","name":"MMS Seminar | Chlordioxid (CDS\/CDL) nach Jim Humble & A. Kalcker","description":"Dein Wissensportal zu MMS, CDS\/CDL &amp; Methylenblau nach Jim Humble und Andreas Kalcker.","publisher":{"@id":"https:\/\/mms-seminar.com\/tr\/#organization"},"potentialAction":[{"@type":"SearchAction","target":{"@type":"EntryPoint","urlTemplate":"https:\/\/mms-seminar.com\/tr\/?s={search_term_string}"},"query-input":{"@type":"PropertyValueSpecification","valueRequired":true,"valueName":"search_term_string"}}],"inLanguage":"tr"},{"@type":"Organization","@id":"https:\/\/mms-seminar.com\/tr\/#organization","name":"MMS-Seminar","url":"https:\/\/mms-seminar.com\/tr\/","logo":{"@type":"ImageObject","inLanguage":"tr","@id":"https:\/\/mms-seminar.com\/tr\/#\/schema\/logo\/image\/","url":"https:\/\/mms-seminar.com\/wp-content\/uploads\/2017\/08\/cropped-mms-logo-weiss-560x80-2.png","contentUrl":"https:\/\/mms-seminar.com\/wp-content\/uploads\/2017\/08\/cropped-mms-logo-weiss-560x80-2.png","width":446,"height":80,"caption":"MMS-Seminar"},"image":{"@id":"https:\/\/mms-seminar.com\/tr\/#\/schema\/logo\/image\/"},"sameAs":["https:\/\/www.facebook.com\/MMSseminare"]}]}},"uagb_featured_image_src":{"full":false,"thumbnail":false,"medium":false,"medium_large":false,"large":false,"1536x1536":false,"2048x2048":false},"uagb_author_info":{"display_name":"Teamer MMSler","author_link":"https:\/\/mms-seminar.com\/tr\/author\/mms-dreamteam2016-2-2-2-2-2-2\/"},"uagb_comment_info":0,"uagb_excerpt":"MMS Terapist Listesi Terapistlerin listesi yak\u0131nda haz\u0131rlanacak. Dikkat: Onlar doktorlar, di\u015f hekimleri, naturopaths ve MMS, DMSO ve Co ile do\u011frudan tedavi di\u011fer sa\u011fl\u0131k profesyonelleride\u011fildir. MMS hen\u00fcz onaylanmad\u0131 ve bu nedenle bir sa\u011fl\u0131k uzman\u0131 do\u011frudan MMS re\u00e7ete edemez [&hellip;]","_links":{"self":[{"href":"https:\/\/mms-seminar.com\/tr\/wp-json\/wp\/v2\/pages\/40041","targetHints":{"allow":["GET"]}}],"collection":[{"href":"https:\/\/mms-seminar.com\/tr\/wp-json\/wp\/v2\/pages"}],"about":[{"href":"https:\/\/mms-seminar.com\/tr\/wp-json\/wp\/v2\/types\/page"}],"author":[{"embeddable":true,"href":"https:\/\/mms-seminar.com\/tr\/wp-json\/wp\/v2\/users\/1"}],"replies":[{"embeddable":true,"href":"https:\/\/mms-seminar.com\/tr\/wp-json\/wp\/v2\/comments?post=40041"}],"version-history":[{"count":0,"href":"https:\/\/mms-seminar.com\/tr\/wp-json\/wp\/v2\/pages\/40041\/revisions"}],"wp:attachment":[{"href":"https:\/\/mms-seminar.com\/tr\/wp-json\/wp\/v2\/media?parent=40041"}],"curies":[{"name":"wp","href":"https:\/\/api.w.org\/{rel}","templated":true}]}}