{"id":39983,"date":"2020-12-31T10:13:25","date_gmt":"2020-12-31T09:13:25","guid":{"rendered":"https:\/\/mms-seminar.com\/zzz-borax-msm-ve-zerdecal\/"},"modified":"2020-12-31T10:13:53","modified_gmt":"2020-12-31T09:13:53","slug":"zzz-borax-msm-ve-zerdecal","status":"publish","type":"page","link":"https:\/\/mms-seminar.com\/tr\/zzz-borax-msm-ve-zerdecal\/","title":{"rendered":"ZZZ-Borax, MSM ve Zerde\u00e7al"},"content":{"rendered":"\t\t<div data-elementor-type=\"wp-page\" data-elementor-id=\"39983\" class=\"elementor elementor-39983 elementor-3656\" data-elementor-post-type=\"page\">\n\t\t\t\t\t\t<section class=\"elementor-section elementor-top-section elementor-element elementor-element-7a117987 elementor-section-boxed elementor-section-height-default elementor-section-height-default\" data-id=\"7a117987\" data-element_type=\"section\" data-e-type=\"section\">\n\t\t\t\t\t\t<div class=\"elementor-container elementor-column-gap-default\">\n\t\t\t\t\t<div class=\"elementor-column elementor-col-100 elementor-top-column elementor-element elementor-element-15213548\" data-id=\"15213548\" data-element_type=\"column\" data-e-type=\"column\">\n\t\t\t<div class=\"elementor-widget-wrap elementor-element-populated\">\n\t\t\t\t\t\t<div class=\"elementor-element elementor-element-2558315b elementor-widget elementor-widget-text-editor\" data-id=\"2558315b\" data-element_type=\"widget\" data-e-type=\"widget\" data-widget_type=\"text-editor.default\">\n\t\t\t\t<div class=\"elementor-widget-container\">\n\t\t\t\t\t\t\t\t\t<p><span style=\"font-size: 16px; text-align: justify;\">Boraks osteoartrit ve artrit fantastik \u00f6zellikleri yan\u0131 s\u0131ra v\u00fccutta her t\u00fcrl\u00fc mantarkar\u015f\u0131 harika bir do\u011fal mineraldir. 2011 y\u0131l\u0131nda AB genelinde neredeyse bir gecede yasaklanm\u0131\u015f, ABD&#8217;de ise hala deterjanlar\u0131n ana bile\u015feni olarak kullan\u0131lmaktad\u0131r. \u0130\u015fte daha fazla bilgi.<\/span><\/p>\n<h3 style=\"text-align: justify;\">Boraks Komplosu<\/h3>\n<p style=\"text-align: justify;\"><span style=\"line-height: 1.5;\"><a href=\"https:\/\/mms-seminar.com\/wp-content\/uploads\/2013\/07\/Bildschirmfoto-2014-03-07-um-22.54.02.png\" target=\"_blank\" rel=\"noopener noreferrer\"><img decoding=\"async\" class=\"alignleft wp-image-1393\" src=\"https:\/\/mms-seminar.com\/wp-content\/uploads\/2013\/07\/Bildschirmfoto-2014-03-07-um-22.54.02.png\" alt=\"\" width=\"121\" height=\"169\" srcset=\"https:\/\/mms-seminar.com\/wp-content\/uploads\/2013\/07\/Bildschirmfoto-2014-03-07-um-22.54.02.png 696w, https:\/\/mms-seminar.com\/wp-content\/uploads\/2013\/07\/Bildschirmfoto-2014-03-07-um-22.54.02-215x300.png 215w\" sizes=\"(max-width: 121px) 100vw, 121px\" \/><\/a><\/span><\/p>\n<p style=\"text-align: justify;\"><span style=\"line-height: 1.5;\"> <br \/> Makaleler Nexus Dergisi<\/span> <a title=\"Die Borax-Verschw\u00f6rung\" href=\"https:\/\/mms-seminar.com\/wp-content\/uploads\/2013\/07\/Borax-Nexus.pdf\" target=\"_blank\" rel=\"noopener noreferrer\">burada<\/a><strong style=\"line-height: 1.5;\">.<\/strong> <span style=\"line-height: 1.5;\">Ev \u00e7are Borax birka\u00e7 euro i\u00e7in her eczanede T\u00fcrkiye&#8217;de (AB d\u0131\u015f\u0131) e.B elde edilir.<\/span> <span style=\"line-height: 1.5;\">Daha fazla al\u0131\u015fveri\u015f f\u0131rsatlar\u0131 her zaman tedarik <a href=\"https:\/\/mms-seminar.com\/tr\/mms-tedarik-kaynaklari\/\">kaynaklar\u0131<\/a> listemizde korunur.<\/span><\/p>\n<h3 style=\"text-align: justify;\"> <\/h3>\n<h3 style=\"text-align: justify;\"> <\/h3>\n<p>https:\/\/youtube.com\/watch?v=B_zk5xnFLKc<\/p>\n<h3>Zer -de\u00e7al<\/h3>\n<p><div class=\"ast-oembed-container \" style=\"height: 100%;\"><iframe title=\"KURKUMIN - Wunderwaffe der Natur\" width=\"500\" height=\"281\" src=\"https:\/\/www.youtube.com\/embed\/OI5Z6tA4o1Q?feature=oembed\" frameborder=\"0\" allow=\"accelerometer; autoplay; clipboard-write; encrypted-media; gyroscope; picture-in-picture; web-share\" referrerpolicy=\"strict-origin-when-cross-origin\" allowfullscreen><\/iframe><\/div><\/p>\n<p>ayr\u0131ca <a href=\"https:\/\/mms-seminar.com\/wp-content\/uploads\/2015\/08\/DrDouwes_Info_Curcumin.pdf\" target=\"_blank\" rel=\"noopener noreferrer\"> &gt; &gt; zerde\u00e7al \u00e7al\u0131\u015fmas\u0131 \u0130svi\u00e7re<\/a> bak\u0131n\u0131z<\/p>\n<h3>Msm<\/h3>\n<p class=\"p1\">D\u00fczenli aral\u0131klarla hasta grubunun eklemlerinde a\u011fr\u0131, iltihap lanma ve \u015fi\u015flik \u00f6l\u00e7\u00fcld\u00fc.<\/p>\n<p class=\"p1\">MSM grubunda 12 hafta sonra a\u011fr\u0131da y\u00fczde 52 azalma g\u00f6zlenirken, glukozamin grubunda a\u011fr\u0131 seviyesi y\u00fczde 63&#8217;e kadar azalm\u0131\u015ft\u0131r.<\/p>\n<p class=\"p1\">Ancak msM&#8217;nin glukozamin ile birlikte ald\u0131\u011f\u0131 grupta en iyi sonu\u00e7 elde edildi, eklemlerde a\u011fr\u0131, iltihap lanma ve \u015fi\u015flik y\u00fczde 79 oran\u0131nda azald\u0131.<\/p>\n<p class=\"p1\">\u015eiddetli a\u011fr\u0131larda, g\u00fcnl\u00fck miktar 2500 MSM mg ve glukozamin 2500 mg art\u0131r\u0131labilir. Sabah ve ak\u015fam 2 doza b\u00f6l\u00fcn\u00fcr. Yava\u015f yava\u015f art\u0131rmak i\u00e7in tavsiye edilir!<\/p>\n<h3>Strophantin<\/h3>\n<p>https:\/\/youtu.be\/ltQqiBqlzA4<\/p>\n\t\t\t\t\t\t\t\t<\/div>\n\t\t\t\t<\/div>\n\t\t\t\t\t<\/div>\n\t\t<\/div>\n\t\t\t\t\t<\/div>\n\t\t<\/section>\n\t\t\t\t<\/div>\n\t\t","protected":false},"excerpt":{"rendered":"<p>Boraks osteoartrit ve artrit fantastik \u00f6zellikleri yan\u0131 s\u0131ra v\u00fccutta her t\u00fcrl\u00fc mantarkar\u015f\u0131 harika bir do\u011fal mineraldir. 2011 y\u0131l\u0131nda AB genelinde neredeyse bir gecede yasaklanm\u0131\u015f, ABD&#8217;de ise hala deterjanlar\u0131n ana bile\u015feni olarak kullan\u0131lmaktad\u0131r. \u0130\u015fte daha fazla bilgi. Boraks [&hellip;]<\/p>\n","protected":false},"author":1,"featured_media":0,"parent":0,"menu_order":0,"comment_status":"closed","ping_status":"closed","template":"","meta":{"_uag_custom_page_level_css":"","site-sidebar-layout":"no-sidebar","site-content-layout":"plain-container","ast-site-content-layout":"","site-content-style":"default","site-sidebar-style":"default","ast-global-header-display":"","ast-banner-title-visibility":"","ast-main-header-display":"","ast-hfb-above-header-display":"","ast-hfb-below-header-display":"","ast-hfb-mobile-header-display":"","site-post-title":"disabled","ast-breadcrumbs-content":"","ast-featured-img":"disabled","footer-sml-layout":"","theme-transparent-header-meta":"default","adv-header-id-meta":"","stick-header-meta":"","header-above-stick-meta":"","header-main-stick-meta":"","header-below-stick-meta":"","astra-migrate-meta-layouts":"default","ast-page-background-enabled":"default","ast-page-background-meta":{"desktop":{"background-color":"","background-image":"","background-repeat":"repeat","background-position":"center center","background-size":"auto","background-attachment":"scroll","background-type":"","background-media":"","overlay-type":"","overlay-color":"","overlay-opacity":"","overlay-gradient":""},"tablet":{"background-color":"","background-image":"","background-repeat":"repeat","background-position":"center center","background-size":"auto","background-attachment":"scroll","background-type":"","background-media":"","overlay-type":"","overlay-color":"","overlay-opacity":"","overlay-gradient":""},"mobile":{"background-color":"","background-image":"","background-repeat":"repeat","background-position":"center center","background-size":"auto","background-attachment":"scroll","background-type":"","background-media":"","overlay-type":"","overlay-color":"","overlay-opacity":"","overlay-gradient":""}},"ast-content-background-meta":{"desktop":{"background-color":"var(--ast-global-color-5)","background-image":"","background-repeat":"repeat","background-position":"center center","background-size":"auto","background-attachment":"scroll","background-type":"","background-media":"","overlay-type":"","overlay-color":"","overlay-opacity":"","overlay-gradient":""},"tablet":{"background-color":"var(--ast-global-color-5)","background-image":"","background-repeat":"repeat","background-position":"center center","background-size":"auto","background-attachment":"scroll","background-type":"","background-media":"","overlay-type":"","overlay-color":"","overlay-opacity":"","overlay-gradient":""},"mobile":{"background-color":"var(--ast-global-color-5)","background-image":"","background-repeat":"repeat","background-position":"center center","background-size":"auto","background-attachment":"scroll","background-type":"","background-media":"","overlay-type":"","overlay-color":"","overlay-opacity":"","overlay-gradient":""}},"footnotes":""},"class_list":["post-39983","page","type-page","status-publish","hentry"],"yoast_head":"<!-- This site is optimized with the Yoast SEO Premium plugin v27.2 (Yoast SEO v27.2) - https:\/\/yoast.com\/product\/yoast-seo-premium-wordpress\/ -->\n<title>ZZZ-Borax, MSM ve Zerde\u00e7al - MMS Seminar | Chlordioxid (CDS\/CDL) nach Jim Humble &amp; A. Kalcker<\/title>\n<meta name=\"robots\" content=\"index, follow, max-snippet:-1, max-image-preview:large, max-video-preview:-1\" \/>\n<link rel=\"canonical\" href=\"https:\/\/mms-seminar.com\/tr\/zzz-borax-msm-ve-zerdecal\/\" \/>\n<meta property=\"og:locale\" content=\"tr_TR\" \/>\n<meta property=\"og:type\" content=\"article\" \/>\n<meta property=\"og:title\" content=\"ZZZ-Borax, MSM ve Zerde\u00e7al\" \/>\n<meta property=\"og:description\" content=\"Boraks osteoartrit ve artrit fantastik \u00f6zellikleri yan\u0131 s\u0131ra v\u00fccutta her t\u00fcrl\u00fc mantarkar\u015f\u0131 harika bir do\u011fal mineraldir. 2011 y\u0131l\u0131nda AB genelinde neredeyse bir gecede yasaklanm\u0131\u015f, ABD&#8217;de ise hala deterjanlar\u0131n ana bile\u015feni olarak kullan\u0131lmaktad\u0131r. \u0130\u015fte daha fazla bilgi. Boraks [&hellip;]\" \/>\n<meta property=\"og:url\" content=\"https:\/\/mms-seminar.com\/tr\/zzz-borax-msm-ve-zerdecal\/\" \/>\n<meta property=\"og:site_name\" content=\"MMS Seminar | Chlordioxid (CDS\/CDL) nach Jim Humble &amp; A. Kalcker\" \/>\n<meta property=\"article:publisher\" content=\"https:\/\/www.facebook.com\/MMSseminare\" \/>\n<meta property=\"article:modified_time\" content=\"2020-12-31T09:13:53+00:00\" \/>\n<meta property=\"og:image\" content=\"https:\/\/mms-seminar.com\/wp-content\/uploads\/2013\/07\/Bildschirmfoto-2014-03-07-um-22.54.02.png\" \/>\n\t<meta property=\"og:image:width\" content=\"696\" \/>\n\t<meta property=\"og:image:height\" content=\"970\" \/>\n\t<meta property=\"og:image:type\" content=\"image\/png\" \/>\n<meta name=\"twitter:label1\" content=\"Tahmini okuma s\u00fcresi\" \/>\n\t<meta name=\"twitter:data1\" content=\"1 dakika\" \/>\n<script type=\"application\/ld+json\" class=\"yoast-schema-graph\">{\"@context\":\"https:\/\/schema.org\",\"@graph\":[{\"@type\":\"WebPage\",\"@id\":\"https:\/\/mms-seminar.com\/tr\/zzz-borax-msm-ve-zerdecal\/\",\"url\":\"https:\/\/mms-seminar.com\/tr\/zzz-borax-msm-ve-zerdecal\/\",\"name\":\"ZZZ-Borax, MSM ve Zerde\u00e7al - MMS Seminar | Chlordioxid (CDS\/CDL) nach Jim Humble &amp; A. Kalcker\",\"isPartOf\":{\"@id\":\"https:\/\/mms-seminar.com\/tr\/#website\"},\"primaryImageOfPage\":{\"@id\":\"https:\/\/mms-seminar.com\/tr\/zzz-borax-msm-ve-zerdecal\/#primaryimage\"},\"image\":{\"@id\":\"https:\/\/mms-seminar.com\/tr\/zzz-borax-msm-ve-zerdecal\/#primaryimage\"},\"thumbnailUrl\":\"https:\/\/mms-seminar.com\/wp-content\/uploads\/2013\/07\/Bildschirmfoto-2014-03-07-um-22.54.02.png\",\"datePublished\":\"2020-12-31T09:13:25+00:00\",\"dateModified\":\"2020-12-31T09:13:53+00:00\",\"breadcrumb\":{\"@id\":\"https:\/\/mms-seminar.com\/tr\/zzz-borax-msm-ve-zerdecal\/#breadcrumb\"},\"inLanguage\":\"tr\",\"potentialAction\":[{\"@type\":\"ReadAction\",\"target\":[\"https:\/\/mms-seminar.com\/tr\/zzz-borax-msm-ve-zerdecal\/\"]}]},{\"@type\":\"ImageObject\",\"inLanguage\":\"tr\",\"@id\":\"https:\/\/mms-seminar.com\/tr\/zzz-borax-msm-ve-zerdecal\/#primaryimage\",\"url\":\"https:\/\/mms-seminar.com\/wp-content\/uploads\/2013\/07\/Bildschirmfoto-2014-03-07-um-22.54.02.png\",\"contentUrl\":\"https:\/\/mms-seminar.com\/wp-content\/uploads\/2013\/07\/Bildschirmfoto-2014-03-07-um-22.54.02.png\"},{\"@type\":\"BreadcrumbList\",\"@id\":\"https:\/\/mms-seminar.com\/tr\/zzz-borax-msm-ve-zerdecal\/#breadcrumb\",\"itemListElement\":[{\"@type\":\"ListItem\",\"position\":1,\"name\":\"Home\",\"item\":\"https:\/\/mms-seminar.com\/tr\/\"},{\"@type\":\"ListItem\",\"position\":2,\"name\":\"ZZZ-Borax, MSM ve Zerde\u00e7al\"}]},{\"@type\":\"WebSite\",\"@id\":\"https:\/\/mms-seminar.com\/tr\/#website\",\"url\":\"https:\/\/mms-seminar.com\/tr\/\",\"name\":\"MMS Seminar | Chlordioxid (CDS\/CDL) nach Jim Humble & A. Kalcker\",\"description\":\"Dein Wissensportal zu MMS, CDS\/CDL &amp; Methylenblau nach Jim Humble und Andreas Kalcker.\",\"publisher\":{\"@id\":\"https:\/\/mms-seminar.com\/tr\/#organization\"},\"potentialAction\":[{\"@type\":\"SearchAction\",\"target\":{\"@type\":\"EntryPoint\",\"urlTemplate\":\"https:\/\/mms-seminar.com\/tr\/?s={search_term_string}\"},\"query-input\":{\"@type\":\"PropertyValueSpecification\",\"valueRequired\":true,\"valueName\":\"search_term_string\"}}],\"inLanguage\":\"tr\"},{\"@type\":\"Organization\",\"@id\":\"https:\/\/mms-seminar.com\/tr\/#organization\",\"name\":\"MMS-Seminar\",\"url\":\"https:\/\/mms-seminar.com\/tr\/\",\"logo\":{\"@type\":\"ImageObject\",\"inLanguage\":\"tr\",\"@id\":\"https:\/\/mms-seminar.com\/tr\/#\/schema\/logo\/image\/\",\"url\":\"https:\/\/mms-seminar.com\/wp-content\/uploads\/2017\/08\/cropped-mms-logo-weiss-560x80-2.png\",\"contentUrl\":\"https:\/\/mms-seminar.com\/wp-content\/uploads\/2017\/08\/cropped-mms-logo-weiss-560x80-2.png\",\"width\":446,\"height\":80,\"caption\":\"MMS-Seminar\"},\"image\":{\"@id\":\"https:\/\/mms-seminar.com\/tr\/#\/schema\/logo\/image\/\"},\"sameAs\":[\"https:\/\/www.facebook.com\/MMSseminare\"]}]}<\/script>\n<!-- \/ Yoast SEO Premium plugin. -->","yoast_head_json":{"title":"ZZZ-Borax, MSM ve Zerde\u00e7al - MMS Seminar | Chlordioxid (CDS\/CDL) nach Jim Humble &amp; A. Kalcker","robots":{"index":"index","follow":"follow","max-snippet":"max-snippet:-1","max-image-preview":"max-image-preview:large","max-video-preview":"max-video-preview:-1"},"canonical":"https:\/\/mms-seminar.com\/tr\/zzz-borax-msm-ve-zerdecal\/","og_locale":"tr_TR","og_type":"article","og_title":"ZZZ-Borax, MSM ve Zerde\u00e7al","og_description":"Boraks osteoartrit ve artrit fantastik \u00f6zellikleri yan\u0131 s\u0131ra v\u00fccutta her t\u00fcrl\u00fc mantarkar\u015f\u0131 harika bir do\u011fal mineraldir. 2011 y\u0131l\u0131nda AB genelinde neredeyse bir gecede yasaklanm\u0131\u015f, ABD&#8217;de ise hala deterjanlar\u0131n ana bile\u015feni olarak kullan\u0131lmaktad\u0131r. \u0130\u015fte daha fazla bilgi. Boraks [&hellip;]","og_url":"https:\/\/mms-seminar.com\/tr\/zzz-borax-msm-ve-zerdecal\/","og_site_name":"MMS Seminar | Chlordioxid (CDS\/CDL) nach Jim Humble &amp; A. Kalcker","article_publisher":"https:\/\/www.facebook.com\/MMSseminare","article_modified_time":"2020-12-31T09:13:53+00:00","og_image":[{"width":696,"height":970,"url":"https:\/\/mms-seminar.com\/wp-content\/uploads\/2013\/07\/Bildschirmfoto-2014-03-07-um-22.54.02.png","type":"image\/png"}],"twitter_misc":{"Tahmini okuma s\u00fcresi":"1 dakika"},"schema":{"@context":"https:\/\/schema.org","@graph":[{"@type":"WebPage","@id":"https:\/\/mms-seminar.com\/tr\/zzz-borax-msm-ve-zerdecal\/","url":"https:\/\/mms-seminar.com\/tr\/zzz-borax-msm-ve-zerdecal\/","name":"ZZZ-Borax, MSM ve Zerde\u00e7al - MMS Seminar | Chlordioxid (CDS\/CDL) nach Jim Humble &amp; A. Kalcker","isPartOf":{"@id":"https:\/\/mms-seminar.com\/tr\/#website"},"primaryImageOfPage":{"@id":"https:\/\/mms-seminar.com\/tr\/zzz-borax-msm-ve-zerdecal\/#primaryimage"},"image":{"@id":"https:\/\/mms-seminar.com\/tr\/zzz-borax-msm-ve-zerdecal\/#primaryimage"},"thumbnailUrl":"https:\/\/mms-seminar.com\/wp-content\/uploads\/2013\/07\/Bildschirmfoto-2014-03-07-um-22.54.02.png","datePublished":"2020-12-31T09:13:25+00:00","dateModified":"2020-12-31T09:13:53+00:00","breadcrumb":{"@id":"https:\/\/mms-seminar.com\/tr\/zzz-borax-msm-ve-zerdecal\/#breadcrumb"},"inLanguage":"tr","potentialAction":[{"@type":"ReadAction","target":["https:\/\/mms-seminar.com\/tr\/zzz-borax-msm-ve-zerdecal\/"]}]},{"@type":"ImageObject","inLanguage":"tr","@id":"https:\/\/mms-seminar.com\/tr\/zzz-borax-msm-ve-zerdecal\/#primaryimage","url":"https:\/\/mms-seminar.com\/wp-content\/uploads\/2013\/07\/Bildschirmfoto-2014-03-07-um-22.54.02.png","contentUrl":"https:\/\/mms-seminar.com\/wp-content\/uploads\/2013\/07\/Bildschirmfoto-2014-03-07-um-22.54.02.png"},{"@type":"BreadcrumbList","@id":"https:\/\/mms-seminar.com\/tr\/zzz-borax-msm-ve-zerdecal\/#breadcrumb","itemListElement":[{"@type":"ListItem","position":1,"name":"Home","item":"https:\/\/mms-seminar.com\/tr\/"},{"@type":"ListItem","position":2,"name":"ZZZ-Borax, MSM ve Zerde\u00e7al"}]},{"@type":"WebSite","@id":"https:\/\/mms-seminar.com\/tr\/#website","url":"https:\/\/mms-seminar.com\/tr\/","name":"MMS Seminar | Chlordioxid (CDS\/CDL) nach Jim Humble & A. Kalcker","description":"Dein Wissensportal zu MMS, CDS\/CDL &amp; Methylenblau nach Jim Humble und Andreas Kalcker.","publisher":{"@id":"https:\/\/mms-seminar.com\/tr\/#organization"},"potentialAction":[{"@type":"SearchAction","target":{"@type":"EntryPoint","urlTemplate":"https:\/\/mms-seminar.com\/tr\/?s={search_term_string}"},"query-input":{"@type":"PropertyValueSpecification","valueRequired":true,"valueName":"search_term_string"}}],"inLanguage":"tr"},{"@type":"Organization","@id":"https:\/\/mms-seminar.com\/tr\/#organization","name":"MMS-Seminar","url":"https:\/\/mms-seminar.com\/tr\/","logo":{"@type":"ImageObject","inLanguage":"tr","@id":"https:\/\/mms-seminar.com\/tr\/#\/schema\/logo\/image\/","url":"https:\/\/mms-seminar.com\/wp-content\/uploads\/2017\/08\/cropped-mms-logo-weiss-560x80-2.png","contentUrl":"https:\/\/mms-seminar.com\/wp-content\/uploads\/2017\/08\/cropped-mms-logo-weiss-560x80-2.png","width":446,"height":80,"caption":"MMS-Seminar"},"image":{"@id":"https:\/\/mms-seminar.com\/tr\/#\/schema\/logo\/image\/"},"sameAs":["https:\/\/www.facebook.com\/MMSseminare"]}]}},"uagb_featured_image_src":{"full":false,"thumbnail":false,"medium":false,"medium_large":false,"large":false,"1536x1536":false,"2048x2048":false},"uagb_author_info":{"display_name":"Teamer MMSler","author_link":"https:\/\/mms-seminar.com\/tr\/author\/mms-dreamteam2016-2-2-2-2-2-2\/"},"uagb_comment_info":0,"uagb_excerpt":"Boraks osteoartrit ve artrit fantastik \u00f6zellikleri yan\u0131 s\u0131ra v\u00fccutta her t\u00fcrl\u00fc mantarkar\u015f\u0131 harika bir do\u011fal mineraldir. 2011 y\u0131l\u0131nda AB genelinde neredeyse bir gecede yasaklanm\u0131\u015f, ABD&#8217;de ise hala deterjanlar\u0131n ana bile\u015feni olarak kullan\u0131lmaktad\u0131r. \u0130\u015fte daha fazla bilgi. Boraks [&hellip;]","_links":{"self":[{"href":"https:\/\/mms-seminar.com\/tr\/wp-json\/wp\/v2\/pages\/39983","targetHints":{"allow":["GET"]}}],"collection":[{"href":"https:\/\/mms-seminar.com\/tr\/wp-json\/wp\/v2\/pages"}],"about":[{"href":"https:\/\/mms-seminar.com\/tr\/wp-json\/wp\/v2\/types\/page"}],"author":[{"embeddable":true,"href":"https:\/\/mms-seminar.com\/tr\/wp-json\/wp\/v2\/users\/1"}],"replies":[{"embeddable":true,"href":"https:\/\/mms-seminar.com\/tr\/wp-json\/wp\/v2\/comments?post=39983"}],"version-history":[{"count":0,"href":"https:\/\/mms-seminar.com\/tr\/wp-json\/wp\/v2\/pages\/39983\/revisions"}],"wp:attachment":[{"href":"https:\/\/mms-seminar.com\/tr\/wp-json\/wp\/v2\/media?parent=39983"}],"curies":[{"name":"wp","href":"https:\/\/api.w.org\/{rel}","templated":true}]}}