{"id":39958,"date":"2020-12-31T10:13:02","date_gmt":"2020-12-31T09:13:02","guid":{"rendered":"https:\/\/mms-seminar.com\/e-kitap-okuma-secimi\/"},"modified":"2022-05-05T09:07:54","modified_gmt":"2022-05-05T07:07:54","slug":"e-kitap-okuma-secimi","status":"publish","type":"page","link":"https:\/\/mms-seminar.com\/tr\/e-kitap-okuma-secimi\/","title":{"rendered":"E-Kitap Okuma Se\u00e7imi"},"content":{"rendered":"\t\t<div data-elementor-type=\"wp-page\" data-elementor-id=\"39958\" class=\"elementor elementor-39958 elementor-27061\" data-elementor-post-type=\"page\">\n\t\t\t\t\t\t<section class=\"elementor-section elementor-top-section elementor-element elementor-element-c7fe87e elementor-section-boxed elementor-section-height-default elementor-section-height-default\" data-id=\"c7fe87e\" data-element_type=\"section\" data-e-type=\"section\">\n\t\t\t\t\t\t<div class=\"elementor-container elementor-column-gap-default\">\n\t\t\t\t\t<div class=\"elementor-column elementor-col-100 elementor-top-column elementor-element elementor-element-ef58b1d\" data-id=\"ef58b1d\" data-element_type=\"column\" data-e-type=\"column\">\n\t\t\t<div class=\"elementor-widget-wrap elementor-element-populated\">\n\t\t\t\t\t\t<div class=\"elementor-element elementor-element-c4b4e5d elementor-widget elementor-widget-heading\" data-id=\"c4b4e5d\" data-element_type=\"widget\" data-e-type=\"widget\" data-widget_type=\"heading.default\">\n\t\t\t\t<div class=\"elementor-widget-container\">\n\t\t\t\t\t<h2 class=\"elementor-heading-title elementor-size-default\">Okumak i\u00e7in bir e-kitap se\u00e7in!<\/h2>\t\t\t\t<\/div>\n\t\t\t\t<\/div>\n\t\t\t\t<div class=\"elementor-element elementor-element-18b6d51 elementor-widget elementor-widget-spacer\" data-id=\"18b6d51\" data-element_type=\"widget\" data-e-type=\"widget\" data-widget_type=\"spacer.default\">\n\t\t\t\t<div class=\"elementor-widget-container\">\n\t\t\t\t\t\t\t<div class=\"elementor-spacer\">\n\t\t\t<div class=\"elementor-spacer-inner\"><\/div>\n\t\t<\/div>\n\t\t\t\t\t\t<\/div>\n\t\t\t\t<\/div>\n\t\t\t\t\t<\/div>\n\t\t<\/div>\n\t\t\t\t\t<\/div>\n\t\t<\/section>\n\t\t\t\t<section class=\"elementor-section elementor-top-section elementor-element elementor-element-a8c2bdb elementor-section-boxed elementor-section-height-default elementor-section-height-default\" data-id=\"a8c2bdb\" data-element_type=\"section\" data-e-type=\"section\">\n\t\t\t\t\t\t<div class=\"elementor-container elementor-column-gap-default\">\n\t\t\t\t\t<div class=\"elementor-column elementor-col-33 elementor-top-column elementor-element elementor-element-706d7b1\" data-id=\"706d7b1\" data-element_type=\"column\" data-e-type=\"column\">\n\t\t\t<div class=\"elementor-widget-wrap elementor-element-populated\">\n\t\t\t\t\t\t<div class=\"elementor-element elementor-element-402c072 elementor-widget elementor-widget-image\" data-id=\"402c072\" data-element_type=\"widget\" data-e-type=\"widget\" data-widget_type=\"image.default\">\n\t\t\t\t<div class=\"elementor-widget-container\">\n\t\t\t\t\t\t\t\t\t\t\t\t\t\t\t\t<a href=\"https:\/\/mms-seminar.com\/tr\/icindekiler-tablosu-mms-ile-sifa\/\">\n\t\t\t\t\t\t\t<img fetchpriority=\"high\" decoding=\"async\" width=\"249\" height=\"348\" src=\"https:\/\/mms-seminar.com\/wp-content\/uploads\/2015\/03\/Cover1-Free.png\" class=\"elementor-animation-grow attachment-large size-large wp-image-40031\" alt=\"\" srcset=\"https:\/\/mms-seminar.com\/wp-content\/uploads\/2015\/03\/Cover1-Free.png 249w, https:\/\/mms-seminar.com\/wp-content\/uploads\/2015\/03\/Cover1-Free-215x300.png 215w\" sizes=\"(max-width: 249px) 100vw, 249px\" \/>\t\t\t\t\t\t\t\t<\/a>\n\t\t\t\t\t\t\t\t\t\t\t\t\t\t\t<\/div>\n\t\t\t\t<\/div>\n\t\t\t\t<div class=\"elementor-element elementor-element-5703a16 elementor-align-center elementor-widget elementor-widget-button\" data-id=\"5703a16\" data-element_type=\"widget\" data-e-type=\"widget\" data-widget_type=\"button.default\">\n\t\t\t\t<div class=\"elementor-widget-container\">\n\t\t\t\t\t\t\t\t\t<div class=\"elementor-button-wrapper\">\n\t\t\t\t\t<a class=\"elementor-button elementor-button-link elementor-size-sm\" href=\"https:\/\/mms-seminar.com\/tr\/icindekiler-tablosu-mms-ile-sifa\/\">\n\t\t\t\t\t\t<span class=\"elementor-button-content-wrapper\">\n\t\t\t\t\t\t\t\t\t<span class=\"elementor-button-text\">\u015eimdi okuyun!<\/span>\n\t\t\t\t\t<\/span>\n\t\t\t\t\t<\/a>\n\t\t\t\t<\/div>\n\t\t\t\t\t\t\t\t<\/div>\n\t\t\t\t<\/div>\n\t\t\t\t\t<\/div>\n\t\t<\/div>\n\t\t\t\t<div class=\"elementor-column elementor-col-33 elementor-top-column elementor-element elementor-element-64b7b17\" data-id=\"64b7b17\" data-element_type=\"column\" data-e-type=\"column\">\n\t\t\t<div class=\"elementor-widget-wrap elementor-element-populated\">\n\t\t\t\t\t\t<div class=\"elementor-element elementor-element-5283814 elementor-widget elementor-widget-image\" data-id=\"5283814\" data-element_type=\"widget\" data-e-type=\"widget\" data-widget_type=\"image.default\">\n\t\t\t\t<div class=\"elementor-widget-container\">\n\t\t\t\t\t\t\t\t\t\t\t\t\t\t\t<img decoding=\"async\" width=\"249\" height=\"348\" src=\"https:\/\/mms-seminar.com\/wp-content\/uploads\/2017\/09\/MMS-E-Book-Cover2-Free-bw.png\" class=\"attachment-large size-large wp-image-39999\" alt=\"\" srcset=\"https:\/\/mms-seminar.com\/wp-content\/uploads\/2017\/09\/MMS-E-Book-Cover2-Free-bw.png 249w, https:\/\/mms-seminar.com\/wp-content\/uploads\/2017\/09\/MMS-E-Book-Cover2-Free-bw-215x300.png 215w\" sizes=\"(max-width: 249px) 100vw, 249px\" \/>\t\t\t\t\t\t\t\t\t\t\t\t\t\t\t<\/div>\n\t\t\t\t<\/div>\n\t\t\t\t\t<\/div>\n\t\t<\/div>\n\t\t\t\t<div class=\"elementor-column elementor-col-33 elementor-top-column elementor-element elementor-element-b042f34\" data-id=\"b042f34\" data-element_type=\"column\" data-e-type=\"column\">\n\t\t\t<div class=\"elementor-widget-wrap elementor-element-populated\">\n\t\t\t\t\t\t<div class=\"elementor-element elementor-element-5682168 elementor-widget elementor-widget-image\" data-id=\"5682168\" data-element_type=\"widget\" data-e-type=\"widget\" data-widget_type=\"image.default\">\n\t\t\t\t<div class=\"elementor-widget-container\">\n\t\t\t\t\t\t\t\t\t\t\t\t\t\t\t<img decoding=\"async\" width=\"249\" height=\"348\" src=\"https:\/\/mms-seminar.com\/wp-content\/uploads\/2017\/09\/MMS-E-Book-Cover3-Free-bw.png\" class=\"attachment-large size-large wp-image-40004\" alt=\"\" srcset=\"https:\/\/mms-seminar.com\/wp-content\/uploads\/2017\/09\/MMS-E-Book-Cover3-Free-bw.png 249w, https:\/\/mms-seminar.com\/wp-content\/uploads\/2017\/09\/MMS-E-Book-Cover3-Free-bw-215x300.png 215w\" sizes=\"(max-width: 249px) 100vw, 249px\" \/>\t\t\t\t\t\t\t\t\t\t\t\t\t\t\t<\/div>\n\t\t\t\t<\/div>\n\t\t\t\t\t<\/div>\n\t\t<\/div>\n\t\t\t\t\t<\/div>\n\t\t<\/section>\n\t\t\t\t<section class=\"elementor-section elementor-top-section elementor-element elementor-element-65fafffb elementor-section-boxed elementor-section-height-default elementor-section-height-default\" data-id=\"65fafffb\" data-element_type=\"section\" data-e-type=\"section\">\n\t\t\t\t\t\t<div class=\"elementor-container elementor-column-gap-default\">\n\t\t\t\t\t<div class=\"elementor-column elementor-col-100 elementor-top-column elementor-element elementor-element-168144e\" data-id=\"168144e\" data-element_type=\"column\" data-e-type=\"column\">\n\t\t\t<div class=\"elementor-widget-wrap elementor-element-populated\">\n\t\t\t\t\t\t<section class=\"elementor-section elementor-inner-section elementor-element elementor-element-52d0dbf6 elementor-section-boxed elementor-section-height-default elementor-section-height-default\" data-id=\"52d0dbf6\" data-element_type=\"section\" data-e-type=\"section\">\n\t\t\t\t\t\t<div class=\"elementor-container elementor-column-gap-default\">\n\t\t\t\t\t<div class=\"elementor-column elementor-col-100 elementor-inner-column elementor-element elementor-element-13245c8c\" data-id=\"13245c8c\" data-element_type=\"column\" data-e-type=\"column\">\n\t\t\t<div class=\"elementor-widget-wrap elementor-element-populated\">\n\t\t\t\t\t\t<div class=\"elementor-element elementor-element-70663a00 elementor-widget elementor-widget-spacer\" data-id=\"70663a00\" data-element_type=\"widget\" data-e-type=\"widget\" data-widget_type=\"spacer.default\">\n\t\t\t\t<div class=\"elementor-widget-container\">\n\t\t\t\t\t\t\t<div class=\"elementor-spacer\">\n\t\t\t<div class=\"elementor-spacer-inner\"><\/div>\n\t\t<\/div>\n\t\t\t\t\t\t<\/div>\n\t\t\t\t<\/div>\n\t\t\t\t<div class=\"elementor-element elementor-element-68e477ce elementor-hidden-phone elementor-widget elementor-widget-image\" data-id=\"68e477ce\" data-element_type=\"widget\" data-e-type=\"widget\" data-widget_type=\"image.default\">\n\t\t\t\t<div class=\"elementor-widget-container\">\n\t\t\t\t\t\t\t\t\t\t\t\t\t\t\t\t<a href=\"https:\/\/aquarius-prolife.com\/de\/19-trinkwasser-filter\" target=\"_blank\">\n\t\t\t\t\t\t\t<img decoding=\"async\" src=\"https:\/\/mms-seminar.com\/wp-content\/uploads\/2021\/06\/Banner_quer_wasserfilter_aquarius.jpg\" title=\"\" alt=\"\" loading=\"lazy\" \/>\t\t\t\t\t\t\t\t<\/a>\n\t\t\t\t\t\t\t\t\t\t\t\t\t\t\t<\/div>\n\t\t\t\t<\/div>\n\t\t\t\t\t<\/div>\n\t\t<\/div>\n\t\t\t\t\t<\/div>\n\t\t<\/section>\n\t\t\t\t<section class=\"elementor-section elementor-inner-section elementor-element elementor-element-4b562fc1 elementor-section-boxed elementor-section-height-default elementor-section-height-default\" data-id=\"4b562fc1\" data-element_type=\"section\" data-e-type=\"section\">\n\t\t\t\t\t\t<div class=\"elementor-container elementor-column-gap-default\">\n\t\t\t\t\t<div class=\"elementor-column elementor-col-100 elementor-inner-column elementor-element elementor-element-5e1c1647\" data-id=\"5e1c1647\" data-element_type=\"column\" data-e-type=\"column\">\n\t\t\t<div class=\"elementor-widget-wrap elementor-element-populated\">\n\t\t\t\t\t\t<div class=\"elementor-element elementor-element-6dcb5141 elementor-hidden-desktop elementor-hidden-tablet elementor-widget elementor-widget-image\" data-id=\"6dcb5141\" data-element_type=\"widget\" data-e-type=\"widget\" data-widget_type=\"image.default\">\n\t\t\t\t<div class=\"elementor-widget-container\">\n\t\t\t\t\t\t\t\t\t\t\t\t\t\t\t\t<a href=\"https:\/\/aquarius-prolife.com\/de\/19-trinkwasser-filter\" target=\"_blank\">\n\t\t\t\t\t\t\t<img decoding=\"async\" src=\"https:\/\/mms-seminar.com\/wp-content\/uploads\/2021\/06\/Banner_mobile_wasserfilter_aquarius.gif\" title=\"\" alt=\"\" loading=\"lazy\" \/>\t\t\t\t\t\t\t\t<\/a>\n\t\t\t\t\t\t\t\t\t\t\t\t\t\t\t<\/div>\n\t\t\t\t<\/div>\n\t\t\t\t<div class=\"elementor-element elementor-element-73bc8e85 elementor-widget elementor-widget-spacer\" data-id=\"73bc8e85\" data-element_type=\"widget\" data-e-type=\"widget\" data-widget_type=\"spacer.default\">\n\t\t\t\t<div class=\"elementor-widget-container\">\n\t\t\t\t\t\t\t<div class=\"elementor-spacer\">\n\t\t\t<div class=\"elementor-spacer-inner\"><\/div>\n\t\t<\/div>\n\t\t\t\t\t\t<\/div>\n\t\t\t\t<\/div>\n\t\t\t\t\t<\/div>\n\t\t<\/div>\n\t\t\t\t\t<\/div>\n\t\t<\/section>\n\t\t\t\t\t<\/div>\n\t\t<\/div>\n\t\t\t\t\t<\/div>\n\t\t<\/section>\n\t\t\t\t<\/div>\n\t\t","protected":false},"excerpt":{"rendered":"<p>Okumak i\u00e7in bir e-kitap se\u00e7in! \u015eimdi okuyun!<\/p>\n","protected":false},"author":1,"featured_media":0,"parent":0,"menu_order":0,"comment_status":"closed","ping_status":"closed","template":"","meta":{"_uag_custom_page_level_css":"","site-sidebar-layout":"no-sidebar","site-content-layout":"plain-container","ast-site-content-layout":"","site-content-style":"default","site-sidebar-style":"default","ast-global-header-display":"","ast-banner-title-visibility":"","ast-main-header-display":"","ast-hfb-above-header-display":"","ast-hfb-below-header-display":"","ast-hfb-mobile-header-display":"","site-post-title":"disabled","ast-breadcrumbs-content":"","ast-featured-img":"disabled","footer-sml-layout":"","theme-transparent-header-meta":"","adv-header-id-meta":"","stick-header-meta":"","header-above-stick-meta":"","header-main-stick-meta":"","header-below-stick-meta":"","astra-migrate-meta-layouts":"default","ast-page-background-enabled":"default","ast-page-background-meta":{"desktop":{"background-color":"","background-image":"","background-repeat":"repeat","background-position":"center center","background-size":"auto","background-attachment":"scroll","background-type":"","background-media":"","overlay-type":"","overlay-color":"","overlay-opacity":"","overlay-gradient":""},"tablet":{"background-color":"","background-image":"","background-repeat":"repeat","background-position":"center center","background-size":"auto","background-attachment":"scroll","background-type":"","background-media":"","overlay-type":"","overlay-color":"","overlay-opacity":"","overlay-gradient":""},"mobile":{"background-color":"","background-image":"","background-repeat":"repeat","background-position":"center center","background-size":"auto","background-attachment":"scroll","background-type":"","background-media":"","overlay-type":"","overlay-color":"","overlay-opacity":"","overlay-gradient":""}},"ast-content-background-meta":{"desktop":{"background-color":"var(--ast-global-color-5)","background-image":"","background-repeat":"repeat","background-position":"center center","background-size":"auto","background-attachment":"scroll","background-type":"","background-media":"","overlay-type":"","overlay-color":"","overlay-opacity":"","overlay-gradient":""},"tablet":{"background-color":"var(--ast-global-color-5)","background-image":"","background-repeat":"repeat","background-position":"center center","background-size":"auto","background-attachment":"scroll","background-type":"","background-media":"","overlay-type":"","overlay-color":"","overlay-opacity":"","overlay-gradient":""},"mobile":{"background-color":"var(--ast-global-color-5)","background-image":"","background-repeat":"repeat","background-position":"center center","background-size":"auto","background-attachment":"scroll","background-type":"","background-media":"","overlay-type":"","overlay-color":"","overlay-opacity":"","overlay-gradient":""}},"footnotes":""},"class_list":["post-39958","page","type-page","status-publish","hentry"],"yoast_head":"<!-- This site is optimized with the Yoast SEO Premium plugin v27.2 (Yoast SEO v27.2) - https:\/\/yoast.com\/product\/yoast-seo-premium-wordpress\/ -->\n<title>E-Kitap Okuma Se\u00e7imi - MMS Seminar | Chlordioxid (CDS\/CDL) nach Jim Humble &amp; A. Kalcker<\/title>\n<meta name=\"robots\" content=\"index, follow, max-snippet:-1, max-image-preview:large, max-video-preview:-1\" \/>\n<link rel=\"canonical\" href=\"https:\/\/mms-seminar.com\/tr\/e-kitap-okuma-secimi\/\" \/>\n<meta property=\"og:locale\" content=\"tr_TR\" \/>\n<meta property=\"og:type\" content=\"article\" \/>\n<meta property=\"og:title\" content=\"E-Kitap Okuma Se\u00e7imi\" \/>\n<meta property=\"og:description\" content=\"Okumak i\u00e7in bir e-kitap se\u00e7in! \u015eimdi okuyun!\" \/>\n<meta property=\"og:url\" content=\"https:\/\/mms-seminar.com\/tr\/e-kitap-okuma-secimi\/\" \/>\n<meta property=\"og:site_name\" content=\"MMS Seminar | Chlordioxid (CDS\/CDL) nach Jim Humble &amp; A. Kalcker\" \/>\n<meta property=\"article:publisher\" content=\"https:\/\/www.facebook.com\/MMSseminare\" \/>\n<meta property=\"article:modified_time\" content=\"2022-05-05T07:07:54+00:00\" \/>\n<meta property=\"og:image\" content=\"https:\/\/mms-seminar.com\/wp-content\/uploads\/2015\/03\/Cover1-Free.png\" \/>\n\t<meta property=\"og:image:width\" content=\"249\" \/>\n\t<meta property=\"og:image:height\" content=\"348\" \/>\n\t<meta property=\"og:image:type\" content=\"image\/png\" \/>\n<script type=\"application\/ld+json\" class=\"yoast-schema-graph\">{\"@context\":\"https:\/\/schema.org\",\"@graph\":[{\"@type\":\"WebPage\",\"@id\":\"https:\/\/mms-seminar.com\/tr\/e-kitap-okuma-secimi\/\",\"url\":\"https:\/\/mms-seminar.com\/tr\/e-kitap-okuma-secimi\/\",\"name\":\"E-Kitap Okuma Se\u00e7imi - MMS Seminar | Chlordioxid (CDS\/CDL) nach Jim Humble &amp; A. Kalcker\",\"isPartOf\":{\"@id\":\"https:\/\/mms-seminar.com\/tr\/#website\"},\"primaryImageOfPage\":{\"@id\":\"https:\/\/mms-seminar.com\/tr\/e-kitap-okuma-secimi\/#primaryimage\"},\"image\":{\"@id\":\"https:\/\/mms-seminar.com\/tr\/e-kitap-okuma-secimi\/#primaryimage\"},\"thumbnailUrl\":\"https:\/\/mms-seminar.com\/wp-content\/uploads\/2015\/03\/Cover1-Free.png\",\"datePublished\":\"2020-12-31T09:13:02+00:00\",\"dateModified\":\"2022-05-05T07:07:54+00:00\",\"breadcrumb\":{\"@id\":\"https:\/\/mms-seminar.com\/tr\/e-kitap-okuma-secimi\/#breadcrumb\"},\"inLanguage\":\"tr\",\"potentialAction\":[{\"@type\":\"ReadAction\",\"target\":[\"https:\/\/mms-seminar.com\/tr\/e-kitap-okuma-secimi\/\"]}]},{\"@type\":\"ImageObject\",\"inLanguage\":\"tr\",\"@id\":\"https:\/\/mms-seminar.com\/tr\/e-kitap-okuma-secimi\/#primaryimage\",\"url\":\"https:\/\/mms-seminar.com\/wp-content\/uploads\/2015\/03\/Cover1-Free.png\",\"contentUrl\":\"https:\/\/mms-seminar.com\/wp-content\/uploads\/2015\/03\/Cover1-Free.png\"},{\"@type\":\"BreadcrumbList\",\"@id\":\"https:\/\/mms-seminar.com\/tr\/e-kitap-okuma-secimi\/#breadcrumb\",\"itemListElement\":[{\"@type\":\"ListItem\",\"position\":1,\"name\":\"Home\",\"item\":\"https:\/\/mms-seminar.com\/tr\/\"},{\"@type\":\"ListItem\",\"position\":2,\"name\":\"E-Kitap Okuma Se\u00e7imi\"}]},{\"@type\":\"WebSite\",\"@id\":\"https:\/\/mms-seminar.com\/tr\/#website\",\"url\":\"https:\/\/mms-seminar.com\/tr\/\",\"name\":\"MMS Seminar | Chlordioxid (CDS\/CDL) nach Jim Humble & A. Kalcker\",\"description\":\"Dein Wissensportal zu MMS, CDS\/CDL &amp; Methylenblau nach Jim Humble und Andreas Kalcker.\",\"publisher\":{\"@id\":\"https:\/\/mms-seminar.com\/tr\/#organization\"},\"potentialAction\":[{\"@type\":\"SearchAction\",\"target\":{\"@type\":\"EntryPoint\",\"urlTemplate\":\"https:\/\/mms-seminar.com\/tr\/?s={search_term_string}\"},\"query-input\":{\"@type\":\"PropertyValueSpecification\",\"valueRequired\":true,\"valueName\":\"search_term_string\"}}],\"inLanguage\":\"tr\"},{\"@type\":\"Organization\",\"@id\":\"https:\/\/mms-seminar.com\/tr\/#organization\",\"name\":\"MMS-Seminar\",\"url\":\"https:\/\/mms-seminar.com\/tr\/\",\"logo\":{\"@type\":\"ImageObject\",\"inLanguage\":\"tr\",\"@id\":\"https:\/\/mms-seminar.com\/tr\/#\/schema\/logo\/image\/\",\"url\":\"https:\/\/mms-seminar.com\/wp-content\/uploads\/2017\/08\/cropped-mms-logo-weiss-560x80-2.png\",\"contentUrl\":\"https:\/\/mms-seminar.com\/wp-content\/uploads\/2017\/08\/cropped-mms-logo-weiss-560x80-2.png\",\"width\":446,\"height\":80,\"caption\":\"MMS-Seminar\"},\"image\":{\"@id\":\"https:\/\/mms-seminar.com\/tr\/#\/schema\/logo\/image\/\"},\"sameAs\":[\"https:\/\/www.facebook.com\/MMSseminare\"]}]}<\/script>\n<!-- \/ Yoast SEO Premium plugin. -->","yoast_head_json":{"title":"E-Kitap Okuma Se\u00e7imi - MMS Seminar | Chlordioxid (CDS\/CDL) nach Jim Humble &amp; A. Kalcker","robots":{"index":"index","follow":"follow","max-snippet":"max-snippet:-1","max-image-preview":"max-image-preview:large","max-video-preview":"max-video-preview:-1"},"canonical":"https:\/\/mms-seminar.com\/tr\/e-kitap-okuma-secimi\/","og_locale":"tr_TR","og_type":"article","og_title":"E-Kitap Okuma Se\u00e7imi","og_description":"Okumak i\u00e7in bir e-kitap se\u00e7in! \u015eimdi okuyun!","og_url":"https:\/\/mms-seminar.com\/tr\/e-kitap-okuma-secimi\/","og_site_name":"MMS Seminar | Chlordioxid (CDS\/CDL) nach Jim Humble &amp; A. Kalcker","article_publisher":"https:\/\/www.facebook.com\/MMSseminare","article_modified_time":"2022-05-05T07:07:54+00:00","og_image":[{"width":249,"height":348,"url":"https:\/\/mms-seminar.com\/wp-content\/uploads\/2015\/03\/Cover1-Free.png","type":"image\/png"}],"schema":{"@context":"https:\/\/schema.org","@graph":[{"@type":"WebPage","@id":"https:\/\/mms-seminar.com\/tr\/e-kitap-okuma-secimi\/","url":"https:\/\/mms-seminar.com\/tr\/e-kitap-okuma-secimi\/","name":"E-Kitap Okuma Se\u00e7imi - MMS Seminar | Chlordioxid (CDS\/CDL) nach Jim Humble &amp; A. Kalcker","isPartOf":{"@id":"https:\/\/mms-seminar.com\/tr\/#website"},"primaryImageOfPage":{"@id":"https:\/\/mms-seminar.com\/tr\/e-kitap-okuma-secimi\/#primaryimage"},"image":{"@id":"https:\/\/mms-seminar.com\/tr\/e-kitap-okuma-secimi\/#primaryimage"},"thumbnailUrl":"https:\/\/mms-seminar.com\/wp-content\/uploads\/2015\/03\/Cover1-Free.png","datePublished":"2020-12-31T09:13:02+00:00","dateModified":"2022-05-05T07:07:54+00:00","breadcrumb":{"@id":"https:\/\/mms-seminar.com\/tr\/e-kitap-okuma-secimi\/#breadcrumb"},"inLanguage":"tr","potentialAction":[{"@type":"ReadAction","target":["https:\/\/mms-seminar.com\/tr\/e-kitap-okuma-secimi\/"]}]},{"@type":"ImageObject","inLanguage":"tr","@id":"https:\/\/mms-seminar.com\/tr\/e-kitap-okuma-secimi\/#primaryimage","url":"https:\/\/mms-seminar.com\/wp-content\/uploads\/2015\/03\/Cover1-Free.png","contentUrl":"https:\/\/mms-seminar.com\/wp-content\/uploads\/2015\/03\/Cover1-Free.png"},{"@type":"BreadcrumbList","@id":"https:\/\/mms-seminar.com\/tr\/e-kitap-okuma-secimi\/#breadcrumb","itemListElement":[{"@type":"ListItem","position":1,"name":"Home","item":"https:\/\/mms-seminar.com\/tr\/"},{"@type":"ListItem","position":2,"name":"E-Kitap Okuma Se\u00e7imi"}]},{"@type":"WebSite","@id":"https:\/\/mms-seminar.com\/tr\/#website","url":"https:\/\/mms-seminar.com\/tr\/","name":"MMS Seminar | Chlordioxid (CDS\/CDL) nach Jim Humble & A. Kalcker","description":"Dein Wissensportal zu MMS, CDS\/CDL &amp; Methylenblau nach Jim Humble und Andreas Kalcker.","publisher":{"@id":"https:\/\/mms-seminar.com\/tr\/#organization"},"potentialAction":[{"@type":"SearchAction","target":{"@type":"EntryPoint","urlTemplate":"https:\/\/mms-seminar.com\/tr\/?s={search_term_string}"},"query-input":{"@type":"PropertyValueSpecification","valueRequired":true,"valueName":"search_term_string"}}],"inLanguage":"tr"},{"@type":"Organization","@id":"https:\/\/mms-seminar.com\/tr\/#organization","name":"MMS-Seminar","url":"https:\/\/mms-seminar.com\/tr\/","logo":{"@type":"ImageObject","inLanguage":"tr","@id":"https:\/\/mms-seminar.com\/tr\/#\/schema\/logo\/image\/","url":"https:\/\/mms-seminar.com\/wp-content\/uploads\/2017\/08\/cropped-mms-logo-weiss-560x80-2.png","contentUrl":"https:\/\/mms-seminar.com\/wp-content\/uploads\/2017\/08\/cropped-mms-logo-weiss-560x80-2.png","width":446,"height":80,"caption":"MMS-Seminar"},"image":{"@id":"https:\/\/mms-seminar.com\/tr\/#\/schema\/logo\/image\/"},"sameAs":["https:\/\/www.facebook.com\/MMSseminare"]}]}},"uagb_featured_image_src":{"full":false,"thumbnail":false,"medium":false,"medium_large":false,"large":false,"1536x1536":false,"2048x2048":false},"uagb_author_info":{"display_name":"Teamer MMSler","author_link":"https:\/\/mms-seminar.com\/tr\/author\/mms-dreamteam2016-2-2-2-2-2-2\/"},"uagb_comment_info":0,"uagb_excerpt":"Okumak i\u00e7in bir e-kitap se\u00e7in! \u015eimdi okuyun!","_links":{"self":[{"href":"https:\/\/mms-seminar.com\/tr\/wp-json\/wp\/v2\/pages\/39958","targetHints":{"allow":["GET"]}}],"collection":[{"href":"https:\/\/mms-seminar.com\/tr\/wp-json\/wp\/v2\/pages"}],"about":[{"href":"https:\/\/mms-seminar.com\/tr\/wp-json\/wp\/v2\/types\/page"}],"author":[{"embeddable":true,"href":"https:\/\/mms-seminar.com\/tr\/wp-json\/wp\/v2\/users\/1"}],"replies":[{"embeddable":true,"href":"https:\/\/mms-seminar.com\/tr\/wp-json\/wp\/v2\/comments?post=39958"}],"version-history":[{"count":0,"href":"https:\/\/mms-seminar.com\/tr\/wp-json\/wp\/v2\/pages\/39958\/revisions"}],"wp:attachment":[{"href":"https:\/\/mms-seminar.com\/tr\/wp-json\/wp\/v2\/media?parent=39958"}],"curies":[{"name":"wp","href":"https:\/\/api.w.org\/{rel}","templated":true}]}}