{"id":34697,"date":"2020-12-30T11:03:46","date_gmt":"2020-12-30T10:03:46","guid":{"rendered":"https:\/\/mms-seminar.com\/zzzz-borax-msm-i-kurkuma\/"},"modified":"2020-12-30T11:04:06","modified_gmt":"2020-12-30T10:04:06","slug":"zzzz-borax-msm-i-kurkuma","status":"publish","type":"page","link":"https:\/\/mms-seminar.com\/pl\/zzzz-borax-msm-i-kurkuma\/","title":{"rendered":"ZZZZ-Borax, MSM i kurkuma"},"content":{"rendered":"\t\t<div data-elementor-type=\"wp-page\" data-elementor-id=\"34697\" class=\"elementor elementor-34697 elementor-3656\" data-elementor-post-type=\"page\">\n\t\t\t\t\t\t<section class=\"elementor-section elementor-top-section elementor-element elementor-element-7a117987 elementor-section-boxed elementor-section-height-default elementor-section-height-default\" data-id=\"7a117987\" data-element_type=\"section\" data-e-type=\"section\">\n\t\t\t\t\t\t<div class=\"elementor-container elementor-column-gap-default\">\n\t\t\t\t\t<div class=\"elementor-column elementor-col-100 elementor-top-column elementor-element elementor-element-15213548\" data-id=\"15213548\" data-element_type=\"column\" data-e-type=\"column\">\n\t\t\t<div class=\"elementor-widget-wrap elementor-element-populated\">\n\t\t\t\t\t\t<div class=\"elementor-element elementor-element-2558315b elementor-widget elementor-widget-text-editor\" data-id=\"2558315b\" data-element_type=\"widget\" data-e-type=\"widget\" data-widget_type=\"text-editor.default\">\n\t\t\t\t<div class=\"elementor-widget-container\">\n\t\t\t\t\t\t\t\t\t<p><span style=\"font-size: 16px; text-align: justify;\">Borax jest cudownym naturalnym minera\u0142em o fantastycznych w\u0142a\u015bciwo\u015bciach w chorobach zwyrodnieniowych staw\u00f3w i artretyzmu, a tak\u017ce przeciwko grzybom wszelkiego rodzaju w organizmie. W 2011 r. zakazano jego stosowania w ca\u0142ej UE praktycznie od jednej nocy, podczas gdy w USA nadal jest on stosowany jako kluczowy sk\u0142adnik detergent\u00f3w. Oto kilka wi\u0119cej informacji.<\/span><\/p>\n<h3 style=\"text-align: justify;\">Konspiracja Borax<\/h3>\n<p style=\"text-align: justify;\"><span style=\"line-height: 1.5;\"><a href=\"https:\/\/mms-seminar.com\/wp-content\/uploads\/2013\/07\/Bildschirmfoto-2014-03-07-um-22.54.02.png\" target=\"_blank\" rel=\"noopener noreferrer\"><img decoding=\"async\" class=\"alignleft wp-image-1393\" src=\"https:\/\/mms-seminar.com\/wp-content\/uploads\/2013\/07\/Bildschirmfoto-2014-03-07-um-22.54.02.png\" alt=\"\" width=\"121\" height=\"169\" srcset=\"https:\/\/mms-seminar.com\/wp-content\/uploads\/2013\/07\/Bildschirmfoto-2014-03-07-um-22.54.02.png 696w, https:\/\/mms-seminar.com\/wp-content\/uploads\/2013\/07\/Bildschirmfoto-2014-03-07-um-22.54.02-215x300.png 215w\" sizes=\"(max-width: 121px) 100vw, 121px\" \/><\/a><\/span><\/p>\n<p style=\"text-align: justify;\"><span style=\"line-height: 1.5;\"><br \/> Artyku\u0142 z Nexus Magazine <\/span><a title=\"Die Borax-Verschw\u00f6rung\" href=\"https:\/\/mms-seminar.com\/wp-content\/uploads\/2013\/07\/Borax-Nexus.pdf\" target=\"_blank\" rel=\"noopener noreferrer\"> gdzie<\/a><strong style=\"line-height: 1.5;\">. <\/strong><span style=\"line-height: 1.5;\">Na przyk\u0142ad, mo\u017cna uzyska\u0107 domowy lek Borax w Turcji (poza UE) w ka\u017cdej aptece za kilka euro. <\/span><span style=\"line-height: 1.5;\">Dalsze opcje zakupowe s\u0105 zawsze utrzymywane na naszej li\u015bcie <a href=\"https:\/\/mms-seminar.com\/mms-bezugsquellen\/\">\u017ar\u00f3d\u0142a<\/a>.<\/span><\/p>\n<h3 style=\"text-align: justify;\"> <\/h3>\n<h3 style=\"text-align: justify;\"> <\/h3>\n<p>https:\/\/youtube.com\/watch?v=B_zk5xnFLKc<\/p>\n<h3>Kurkuma<\/h3>\n<p><div class=\"ast-oembed-container \" style=\"height: 100%;\"><iframe title=\"KURKUMIN - Wunderwaffe der Natur\" width=\"500\" height=\"281\" src=\"https:\/\/www.youtube.com\/embed\/OI5Z6tA4o1Q?feature=oembed\" frameborder=\"0\" allow=\"accelerometer; autoplay; clipboard-write; encrypted-media; gyroscope; picture-in-picture; web-share\" referrerpolicy=\"strict-origin-when-cross-origin\" allowfullscreen><\/iframe><\/div><\/p>\n<p>zobacz r\u00f3wnie\u017c <a href=\"https:\/\/mms-seminar.com\/wp-content\/uploads\/2015\/08\/DrDouwes_Info_Curcumin.pdf\" target=\"_blank\" rel=\"noopener noreferrer\">&gt;&gt;Curcuma Study Switzerland<\/a>.<\/p>\n<h3>MSM<\/h3>\n<p class=\"p1\">Nast\u0119pnie w regularnych odst\u0119pach czasu mierzono b\u00f3l, stan zapalny i obrz\u0119k staw\u00f3w w grupie pacjent\u00f3w.<\/p>\n<p class=\"p1\">W grupie MSM po 12 tygodniach zaobserwowano zmniejszenie b\u00f3lu o 52%, a w grupie glukozaminowej nawet o 63%.<\/p>\n<p class=\"p1\">Najlepszy wynik uzyskano jednak w grupie, kt\u00f3ra przyjmowa\u0142a MSM wraz z glukozamin\u0105: Tutaj b\u00f3l, stan zapalny i obrz\u0119k staw\u00f3w zmniejszy\u0142 si\u0119 o 79 procent.<\/p>\n<p class=\"p1\">W przypadku silnego b\u00f3lu, dzienn\u0105 dawk\u0119 mo\u017cna zwi\u0119kszy\u0107 do 2500 mg MSM i 2500 mg glukozaminy. Podzielone na 2 dawki rano i wieczorem. Zaleca si\u0119 powolny wzrost!<\/p>\n<h3>Strophantine<\/h3>\n<p>https:\/\/youtu.be\/ltQqiBqlzA4<\/p>\n\t\t\t\t\t\t\t\t<\/div>\n\t\t\t\t<\/div>\n\t\t\t\t\t<\/div>\n\t\t<\/div>\n\t\t\t\t\t<\/div>\n\t\t<\/section>\n\t\t\t\t<\/div>\n\t\t","protected":false},"excerpt":{"rendered":"<p>Borax jest cudownym naturalnym minera\u0142em o fantastycznych w\u0142a\u015bciwo\u015bciach w chorobach zwyrodnieniowych staw\u00f3w i artretyzmu, a tak\u017ce przeciwko grzybom wszelkiego rodzaju w organizmie. W 2011 r. zakazano jego stosowania w ca\u0142ej UE praktycznie od jednej nocy, podczas gdy [&hellip;]<\/p>\n","protected":false},"author":1,"featured_media":0,"parent":0,"menu_order":0,"comment_status":"closed","ping_status":"closed","template":"","meta":{"_uag_custom_page_level_css":"","site-sidebar-layout":"no-sidebar","site-content-layout":"plain-container","ast-site-content-layout":"","site-content-style":"default","site-sidebar-style":"default","ast-global-header-display":"","ast-banner-title-visibility":"","ast-main-header-display":"","ast-hfb-above-header-display":"","ast-hfb-below-header-display":"","ast-hfb-mobile-header-display":"","site-post-title":"disabled","ast-breadcrumbs-content":"","ast-featured-img":"disabled","footer-sml-layout":"","theme-transparent-header-meta":"default","adv-header-id-meta":"","stick-header-meta":"","header-above-stick-meta":"","header-main-stick-meta":"","header-below-stick-meta":"","astra-migrate-meta-layouts":"default","ast-page-background-enabled":"default","ast-page-background-meta":{"desktop":{"background-color":"","background-image":"","background-repeat":"repeat","background-position":"center center","background-size":"auto","background-attachment":"scroll","background-type":"","background-media":"","overlay-type":"","overlay-color":"","overlay-opacity":"","overlay-gradient":""},"tablet":{"background-color":"","background-image":"","background-repeat":"repeat","background-position":"center center","background-size":"auto","background-attachment":"scroll","background-type":"","background-media":"","overlay-type":"","overlay-color":"","overlay-opacity":"","overlay-gradient":""},"mobile":{"background-color":"","background-image":"","background-repeat":"repeat","background-position":"center center","background-size":"auto","background-attachment":"scroll","background-type":"","background-media":"","overlay-type":"","overlay-color":"","overlay-opacity":"","overlay-gradient":""}},"ast-content-background-meta":{"desktop":{"background-color":"var(--ast-global-color-5)","background-image":"","background-repeat":"repeat","background-position":"center center","background-size":"auto","background-attachment":"scroll","background-type":"","background-media":"","overlay-type":"","overlay-color":"","overlay-opacity":"","overlay-gradient":""},"tablet":{"background-color":"var(--ast-global-color-5)","background-image":"","background-repeat":"repeat","background-position":"center center","background-size":"auto","background-attachment":"scroll","background-type":"","background-media":"","overlay-type":"","overlay-color":"","overlay-opacity":"","overlay-gradient":""},"mobile":{"background-color":"var(--ast-global-color-5)","background-image":"","background-repeat":"repeat","background-position":"center center","background-size":"auto","background-attachment":"scroll","background-type":"","background-media":"","overlay-type":"","overlay-color":"","overlay-opacity":"","overlay-gradient":""}},"footnotes":""},"class_list":["post-34697","page","type-page","status-publish","hentry"],"yoast_head":"<!-- This site is optimized with the Yoast SEO Premium plugin v27.2 (Yoast SEO v27.2) - https:\/\/yoast.com\/product\/yoast-seo-premium-wordpress\/ -->\n<title>ZZZZ-Borax, MSM i kurkuma - MMS Seminar | Chlordioxid (CDS\/CDL) nach Jim Humble &amp; A. Kalcker<\/title>\n<meta name=\"robots\" content=\"index, follow, max-snippet:-1, max-image-preview:large, max-video-preview:-1\" \/>\n<link rel=\"canonical\" href=\"https:\/\/mms-seminar.com\/pl\/zzzz-borax-msm-i-kurkuma\/\" \/>\n<meta property=\"og:locale\" content=\"pl_PL\" \/>\n<meta property=\"og:type\" content=\"article\" \/>\n<meta property=\"og:title\" content=\"ZZZZ-Borax, MSM i kurkuma\" \/>\n<meta property=\"og:description\" content=\"Borax jest cudownym naturalnym minera\u0142em o fantastycznych w\u0142a\u015bciwo\u015bciach w chorobach zwyrodnieniowych staw\u00f3w i artretyzmu, a tak\u017ce przeciwko grzybom wszelkiego rodzaju w organizmie. W 2011 r. zakazano jego stosowania w ca\u0142ej UE praktycznie od jednej nocy, podczas gdy [&hellip;]\" \/>\n<meta property=\"og:url\" content=\"https:\/\/mms-seminar.com\/pl\/zzzz-borax-msm-i-kurkuma\/\" \/>\n<meta property=\"og:site_name\" content=\"MMS Seminar | Chlordioxid (CDS\/CDL) nach Jim Humble &amp; A. Kalcker\" \/>\n<meta property=\"article:publisher\" content=\"https:\/\/www.facebook.com\/MMSseminare\" \/>\n<meta property=\"article:modified_time\" content=\"2020-12-30T10:04:06+00:00\" \/>\n<meta property=\"og:image\" content=\"https:\/\/mms-seminar.com\/wp-content\/uploads\/2013\/07\/Bildschirmfoto-2014-03-07-um-22.54.02.png\" \/>\n\t<meta property=\"og:image:width\" content=\"696\" \/>\n\t<meta property=\"og:image:height\" content=\"970\" \/>\n\t<meta property=\"og:image:type\" content=\"image\/png\" \/>\n<meta name=\"twitter:label1\" content=\"Szacowany czas czytania\" \/>\n\t<meta name=\"twitter:data1\" content=\"1 minuta\" \/>\n<script type=\"application\/ld+json\" class=\"yoast-schema-graph\">{\"@context\":\"https:\/\/schema.org\",\"@graph\":[{\"@type\":\"WebPage\",\"@id\":\"https:\/\/mms-seminar.com\/pl\/zzzz-borax-msm-i-kurkuma\/\",\"url\":\"https:\/\/mms-seminar.com\/pl\/zzzz-borax-msm-i-kurkuma\/\",\"name\":\"ZZZZ-Borax, MSM i kurkuma - MMS Seminar | Chlordioxid (CDS\/CDL) nach Jim Humble &amp; A. Kalcker\",\"isPartOf\":{\"@id\":\"https:\/\/mms-seminar.com\/pl\/#website\"},\"primaryImageOfPage\":{\"@id\":\"https:\/\/mms-seminar.com\/pl\/zzzz-borax-msm-i-kurkuma\/#primaryimage\"},\"image\":{\"@id\":\"https:\/\/mms-seminar.com\/pl\/zzzz-borax-msm-i-kurkuma\/#primaryimage\"},\"thumbnailUrl\":\"https:\/\/mms-seminar.com\/wp-content\/uploads\/2013\/07\/Bildschirmfoto-2014-03-07-um-22.54.02.png\",\"datePublished\":\"2020-12-30T10:03:46+00:00\",\"dateModified\":\"2020-12-30T10:04:06+00:00\",\"breadcrumb\":{\"@id\":\"https:\/\/mms-seminar.com\/pl\/zzzz-borax-msm-i-kurkuma\/#breadcrumb\"},\"inLanguage\":\"pl-PL\",\"potentialAction\":[{\"@type\":\"ReadAction\",\"target\":[\"https:\/\/mms-seminar.com\/pl\/zzzz-borax-msm-i-kurkuma\/\"]}]},{\"@type\":\"ImageObject\",\"inLanguage\":\"pl-PL\",\"@id\":\"https:\/\/mms-seminar.com\/pl\/zzzz-borax-msm-i-kurkuma\/#primaryimage\",\"url\":\"https:\/\/mms-seminar.com\/wp-content\/uploads\/2013\/07\/Bildschirmfoto-2014-03-07-um-22.54.02.png\",\"contentUrl\":\"https:\/\/mms-seminar.com\/wp-content\/uploads\/2013\/07\/Bildschirmfoto-2014-03-07-um-22.54.02.png\"},{\"@type\":\"BreadcrumbList\",\"@id\":\"https:\/\/mms-seminar.com\/pl\/zzzz-borax-msm-i-kurkuma\/#breadcrumb\",\"itemListElement\":[{\"@type\":\"ListItem\",\"position\":1,\"name\":\"Home\",\"item\":\"https:\/\/mms-seminar.com\/pl\/\"},{\"@type\":\"ListItem\",\"position\":2,\"name\":\"ZZZZ-Borax, MSM i kurkuma\"}]},{\"@type\":\"WebSite\",\"@id\":\"https:\/\/mms-seminar.com\/pl\/#website\",\"url\":\"https:\/\/mms-seminar.com\/pl\/\",\"name\":\"MMS Seminar | Chlordioxid (CDS\/CDL) nach Jim Humble & A. Kalcker\",\"description\":\"Dein Wissensportal zu MMS, CDS\/CDL &amp; Methylenblau nach Jim Humble und Andreas Kalcker.\",\"publisher\":{\"@id\":\"https:\/\/mms-seminar.com\/pl\/#organization\"},\"potentialAction\":[{\"@type\":\"SearchAction\",\"target\":{\"@type\":\"EntryPoint\",\"urlTemplate\":\"https:\/\/mms-seminar.com\/pl\/?s={search_term_string}\"},\"query-input\":{\"@type\":\"PropertyValueSpecification\",\"valueRequired\":true,\"valueName\":\"search_term_string\"}}],\"inLanguage\":\"pl-PL\"},{\"@type\":\"Organization\",\"@id\":\"https:\/\/mms-seminar.com\/pl\/#organization\",\"name\":\"MMS-Seminar\",\"url\":\"https:\/\/mms-seminar.com\/pl\/\",\"logo\":{\"@type\":\"ImageObject\",\"inLanguage\":\"pl-PL\",\"@id\":\"https:\/\/mms-seminar.com\/pl\/#\/schema\/logo\/image\/\",\"url\":\"https:\/\/mms-seminar.com\/wp-content\/uploads\/2017\/08\/cropped-mms-logo-weiss-560x80-2.png\",\"contentUrl\":\"https:\/\/mms-seminar.com\/wp-content\/uploads\/2017\/08\/cropped-mms-logo-weiss-560x80-2.png\",\"width\":446,\"height\":80,\"caption\":\"MMS-Seminar\"},\"image\":{\"@id\":\"https:\/\/mms-seminar.com\/pl\/#\/schema\/logo\/image\/\"},\"sameAs\":[\"https:\/\/www.facebook.com\/MMSseminare\"]}]}<\/script>\n<!-- \/ Yoast SEO Premium plugin. -->","yoast_head_json":{"title":"ZZZZ-Borax, MSM i kurkuma - MMS Seminar | Chlordioxid (CDS\/CDL) nach Jim Humble &amp; A. Kalcker","robots":{"index":"index","follow":"follow","max-snippet":"max-snippet:-1","max-image-preview":"max-image-preview:large","max-video-preview":"max-video-preview:-1"},"canonical":"https:\/\/mms-seminar.com\/pl\/zzzz-borax-msm-i-kurkuma\/","og_locale":"pl_PL","og_type":"article","og_title":"ZZZZ-Borax, MSM i kurkuma","og_description":"Borax jest cudownym naturalnym minera\u0142em o fantastycznych w\u0142a\u015bciwo\u015bciach w chorobach zwyrodnieniowych staw\u00f3w i artretyzmu, a tak\u017ce przeciwko grzybom wszelkiego rodzaju w organizmie. W 2011 r. zakazano jego stosowania w ca\u0142ej UE praktycznie od jednej nocy, podczas gdy [&hellip;]","og_url":"https:\/\/mms-seminar.com\/pl\/zzzz-borax-msm-i-kurkuma\/","og_site_name":"MMS Seminar | Chlordioxid (CDS\/CDL) nach Jim Humble &amp; A. Kalcker","article_publisher":"https:\/\/www.facebook.com\/MMSseminare","article_modified_time":"2020-12-30T10:04:06+00:00","og_image":[{"width":696,"height":970,"url":"https:\/\/mms-seminar.com\/wp-content\/uploads\/2013\/07\/Bildschirmfoto-2014-03-07-um-22.54.02.png","type":"image\/png"}],"twitter_misc":{"Szacowany czas czytania":"1 minuta"},"schema":{"@context":"https:\/\/schema.org","@graph":[{"@type":"WebPage","@id":"https:\/\/mms-seminar.com\/pl\/zzzz-borax-msm-i-kurkuma\/","url":"https:\/\/mms-seminar.com\/pl\/zzzz-borax-msm-i-kurkuma\/","name":"ZZZZ-Borax, MSM i kurkuma - MMS Seminar | Chlordioxid (CDS\/CDL) nach Jim Humble &amp; A. Kalcker","isPartOf":{"@id":"https:\/\/mms-seminar.com\/pl\/#website"},"primaryImageOfPage":{"@id":"https:\/\/mms-seminar.com\/pl\/zzzz-borax-msm-i-kurkuma\/#primaryimage"},"image":{"@id":"https:\/\/mms-seminar.com\/pl\/zzzz-borax-msm-i-kurkuma\/#primaryimage"},"thumbnailUrl":"https:\/\/mms-seminar.com\/wp-content\/uploads\/2013\/07\/Bildschirmfoto-2014-03-07-um-22.54.02.png","datePublished":"2020-12-30T10:03:46+00:00","dateModified":"2020-12-30T10:04:06+00:00","breadcrumb":{"@id":"https:\/\/mms-seminar.com\/pl\/zzzz-borax-msm-i-kurkuma\/#breadcrumb"},"inLanguage":"pl-PL","potentialAction":[{"@type":"ReadAction","target":["https:\/\/mms-seminar.com\/pl\/zzzz-borax-msm-i-kurkuma\/"]}]},{"@type":"ImageObject","inLanguage":"pl-PL","@id":"https:\/\/mms-seminar.com\/pl\/zzzz-borax-msm-i-kurkuma\/#primaryimage","url":"https:\/\/mms-seminar.com\/wp-content\/uploads\/2013\/07\/Bildschirmfoto-2014-03-07-um-22.54.02.png","contentUrl":"https:\/\/mms-seminar.com\/wp-content\/uploads\/2013\/07\/Bildschirmfoto-2014-03-07-um-22.54.02.png"},{"@type":"BreadcrumbList","@id":"https:\/\/mms-seminar.com\/pl\/zzzz-borax-msm-i-kurkuma\/#breadcrumb","itemListElement":[{"@type":"ListItem","position":1,"name":"Home","item":"https:\/\/mms-seminar.com\/pl\/"},{"@type":"ListItem","position":2,"name":"ZZZZ-Borax, MSM i kurkuma"}]},{"@type":"WebSite","@id":"https:\/\/mms-seminar.com\/pl\/#website","url":"https:\/\/mms-seminar.com\/pl\/","name":"MMS Seminar | Chlordioxid (CDS\/CDL) nach Jim Humble & A. Kalcker","description":"Dein Wissensportal zu MMS, CDS\/CDL &amp; Methylenblau nach Jim Humble und Andreas Kalcker.","publisher":{"@id":"https:\/\/mms-seminar.com\/pl\/#organization"},"potentialAction":[{"@type":"SearchAction","target":{"@type":"EntryPoint","urlTemplate":"https:\/\/mms-seminar.com\/pl\/?s={search_term_string}"},"query-input":{"@type":"PropertyValueSpecification","valueRequired":true,"valueName":"search_term_string"}}],"inLanguage":"pl-PL"},{"@type":"Organization","@id":"https:\/\/mms-seminar.com\/pl\/#organization","name":"MMS-Seminar","url":"https:\/\/mms-seminar.com\/pl\/","logo":{"@type":"ImageObject","inLanguage":"pl-PL","@id":"https:\/\/mms-seminar.com\/pl\/#\/schema\/logo\/image\/","url":"https:\/\/mms-seminar.com\/wp-content\/uploads\/2017\/08\/cropped-mms-logo-weiss-560x80-2.png","contentUrl":"https:\/\/mms-seminar.com\/wp-content\/uploads\/2017\/08\/cropped-mms-logo-weiss-560x80-2.png","width":446,"height":80,"caption":"MMS-Seminar"},"image":{"@id":"https:\/\/mms-seminar.com\/pl\/#\/schema\/logo\/image\/"},"sameAs":["https:\/\/www.facebook.com\/MMSseminare"]}]}},"uagb_featured_image_src":{"full":false,"thumbnail":false,"medium":false,"medium_large":false,"large":false,"1536x1536":false,"2048x2048":false},"uagb_author_info":{"display_name":"Teamer MMSler","author_link":"https:\/\/mms-seminar.com\/pl\/author\/mms-dreamteam2016-2-2-2-2-2-2\/"},"uagb_comment_info":0,"uagb_excerpt":"Borax jest cudownym naturalnym minera\u0142em o fantastycznych w\u0142a\u015bciwo\u015bciach w chorobach zwyrodnieniowych staw\u00f3w i artretyzmu, a tak\u017ce przeciwko grzybom wszelkiego rodzaju w organizmie. W 2011 r. zakazano jego stosowania w ca\u0142ej UE praktycznie od jednej nocy, podczas gdy [&hellip;]","_links":{"self":[{"href":"https:\/\/mms-seminar.com\/pl\/wp-json\/wp\/v2\/pages\/34697","targetHints":{"allow":["GET"]}}],"collection":[{"href":"https:\/\/mms-seminar.com\/pl\/wp-json\/wp\/v2\/pages"}],"about":[{"href":"https:\/\/mms-seminar.com\/pl\/wp-json\/wp\/v2\/types\/page"}],"author":[{"embeddable":true,"href":"https:\/\/mms-seminar.com\/pl\/wp-json\/wp\/v2\/users\/1"}],"replies":[{"embeddable":true,"href":"https:\/\/mms-seminar.com\/pl\/wp-json\/wp\/v2\/comments?post=34697"}],"version-history":[{"count":0,"href":"https:\/\/mms-seminar.com\/pl\/wp-json\/wp\/v2\/pages\/34697\/revisions"}],"wp:attachment":[{"href":"https:\/\/mms-seminar.com\/pl\/wp-json\/wp\/v2\/media?parent=34697"}],"curies":[{"name":"wp","href":"https:\/\/api.w.org\/{rel}","templated":true}]}}