{"id":38407,"date":"2020-12-30T16:53:13","date_gmt":"2020-12-30T15:53:13","guid":{"rendered":"https:\/\/mms-seminar.com\/zzz-borax-msm-en-kurkuma\/"},"modified":"2020-12-30T16:54:02","modified_gmt":"2020-12-30T15:54:02","slug":"zzz-borax-msm-en-kurkuma","status":"publish","type":"page","link":"https:\/\/mms-seminar.com\/nl\/zzz-borax-msm-en-kurkuma\/","title":{"rendered":"ZZZ-Borax, MSM en kurkuma"},"content":{"rendered":"\t\t<div data-elementor-type=\"wp-page\" data-elementor-id=\"38407\" class=\"elementor elementor-38407 elementor-3656\" data-elementor-post-type=\"page\">\n\t\t\t\t\t\t<section class=\"elementor-section elementor-top-section elementor-element elementor-element-7a117987 elementor-section-boxed elementor-section-height-default elementor-section-height-default\" data-id=\"7a117987\" data-element_type=\"section\" data-e-type=\"section\">\n\t\t\t\t\t\t<div class=\"elementor-container elementor-column-gap-default\">\n\t\t\t\t\t<div class=\"elementor-column elementor-col-100 elementor-top-column elementor-element elementor-element-15213548\" data-id=\"15213548\" data-element_type=\"column\" data-e-type=\"column\">\n\t\t\t<div class=\"elementor-widget-wrap elementor-element-populated\">\n\t\t\t\t\t\t<div class=\"elementor-element elementor-element-2558315b elementor-widget elementor-widget-text-editor\" data-id=\"2558315b\" data-element_type=\"widget\" data-e-type=\"widget\" data-widget_type=\"text-editor.default\">\n\t\t\t\t<div class=\"elementor-widget-container\">\n\t\t\t\t\t\t\t\t\t<p><span style=\"font-size: 16px; text-align: justify;\">Borax is een prachtig natuurlijk mineraal met fantastische eigenschappen voor artrose en artritis, maar ook tegen allerlei schimmels in het lichaam. Het werd in 2011 in de hele EU slechts in \u00e9\u00e9n nacht verboden, terwijl het in de VS nog steeds wordt gebruikt als een belangrijk ingredi\u00ebnt in detergentia. Hier is wat meer informatie.<\/span><\/p>\n<h3 style=\"text-align: justify;\">De Borax-complot<\/h3>\n<p style=\"text-align: justify;\"><span style=\"line-height: 1.5;\"><a href=\"https:\/\/mms-seminar.com\/wp-content\/uploads\/2013\/07\/Bildschirmfoto-2014-03-07-um-22.54.02.png\" target=\"_blank\" rel=\"noopener noreferrer\"><img decoding=\"async\" class=\"alignleft wp-image-1393\" src=\"https:\/\/mms-seminar.com\/wp-content\/uploads\/2013\/07\/Bildschirmfoto-2014-03-07-um-22.54.02.png\" alt=\"\" width=\"121\" height=\"169\" srcset=\"https:\/\/mms-seminar.com\/wp-content\/uploads\/2013\/07\/Bildschirmfoto-2014-03-07-um-22.54.02.png 696w, https:\/\/mms-seminar.com\/wp-content\/uploads\/2013\/07\/Bildschirmfoto-2014-03-07-um-22.54.02-215x300.png 215w\" sizes=\"(max-width: 121px) 100vw, 121px\" \/><\/a><\/span><\/p>\n<p style=\"text-align: justify;\"><span style=\"line-height: 1.5;\"><br \/>Artikel uit Nexus Magazine <\/span><a title=\"Die Borax-Verschw\u00f6rung\" href=\"https:\/\/mms-seminar.com\/wp-content\/uploads\/2013\/07\/Borax-Nexus.pdf\" target=\"_blank\" rel=\"noopener noreferrer\">hier<\/a><strong style=\"line-height: 1.5;\">. <\/strong><span style=\"line-height: 1.5;\">Bijvoorbeeld kunt u het huismiddel Borax in Turkije (niet-EU) in elke apotheek krijgen voor een paar euro. <\/span><span style=\"line-height: 1.5;\">Nadere winkelmogelijkheden blijven altijd behouden in onze lijst van <a href=\"https:\/\/mms-seminar.com\/nl\/mms-bronnen\/\">bronnen<\/a>.<\/span><\/p>\n<h3 style=\"text-align: justify;\"> <\/h3>\n<h3 style=\"text-align: justify;\"> <\/h3>\n<p>https:\/\/youtube.com\/watch?v=B_zk5xnFLKc<\/p>\n<h3>Kurkuma<\/h3>\n<p><div class=\"ast-oembed-container \" style=\"height: 100%;\"><iframe title=\"KURKUMIN - Wunderwaffe der Natur\" width=\"500\" height=\"281\" src=\"https:\/\/www.youtube.com\/embed\/OI5Z6tA4o1Q?feature=oembed\" frameborder=\"0\" allow=\"accelerometer; autoplay; clipboard-write; encrypted-media; gyroscope; picture-in-picture; web-share\" referrerpolicy=\"strict-origin-when-cross-origin\" allowfullscreen><\/iframe><\/div><\/p>\n<p>zie ook <a href=\"https:\/\/mms-seminar.com\/wp-content\/uploads\/2015\/08\/DrDouwes_Info_Curcumin.pdf\" target=\"_blank\" rel=\"noopener noreferrer\">&gt;&gt;Curcuma-studie Zwitserland<\/a>.<\/p>\n<h3>MSM<\/h3>\n<p class=\"p1\">De pijn, de ontsteking en de zwelling in de gewrichten van de pati\u00ebntengroep werden vervolgens met regelmatige tussenpozen gemeten.<\/p>\n<p class=\"p1\">In de MSM-groep werd na 12 weken een pijnvermindering van 52 procent waargenomen, terwijl de pijnwaarde in de glucosaminegroep zelfs met 63 procent daalde.<\/p>\n<p class=\"p1\">Het beste resultaat werd echter bereikt in de groep die MSM samen met glucosamine nam: Hier werden pijn, ontstekingen en zwellingen in de gewrichten met 79 procent verminderd.<\/p>\n<p class=\"p1\">Bij hevige pijn kan de dagelijkse hoeveelheid worden verhoogd tot 2500 mg MSM en 2500 mg glucosamine. Verdeeld in 2 doses in de ochtend en avond. Het is aan te raden om langzaam te verhogen!<\/p>\n<h3>Stroperij<\/h3>\n<p>https:\/\/youtu.be\/ltQqiBqlzA4<\/p>\n\t\t\t\t\t\t\t\t<\/div>\n\t\t\t\t<\/div>\n\t\t\t\t\t<\/div>\n\t\t<\/div>\n\t\t\t\t\t<\/div>\n\t\t<\/section>\n\t\t\t\t<\/div>\n\t\t","protected":false},"excerpt":{"rendered":"<p>Borax is een prachtig natuurlijk mineraal met fantastische eigenschappen voor artrose en artritis, maar ook tegen allerlei schimmels in het lichaam. Het werd in 2011 in de hele EU slechts in \u00e9\u00e9n nacht verboden, terwijl het in [&hellip;]<\/p>\n","protected":false},"author":1,"featured_media":0,"parent":0,"menu_order":0,"comment_status":"closed","ping_status":"closed","template":"","meta":{"_uag_custom_page_level_css":"","site-sidebar-layout":"no-sidebar","site-content-layout":"plain-container","ast-site-content-layout":"","site-content-style":"default","site-sidebar-style":"default","ast-global-header-display":"","ast-banner-title-visibility":"","ast-main-header-display":"","ast-hfb-above-header-display":"","ast-hfb-below-header-display":"","ast-hfb-mobile-header-display":"","site-post-title":"disabled","ast-breadcrumbs-content":"","ast-featured-img":"disabled","footer-sml-layout":"","theme-transparent-header-meta":"default","adv-header-id-meta":"","stick-header-meta":"","header-above-stick-meta":"","header-main-stick-meta":"","header-below-stick-meta":"","astra-migrate-meta-layouts":"default","ast-page-background-enabled":"default","ast-page-background-meta":{"desktop":{"background-color":"","background-image":"","background-repeat":"repeat","background-position":"center center","background-size":"auto","background-attachment":"scroll","background-type":"","background-media":"","overlay-type":"","overlay-color":"","overlay-opacity":"","overlay-gradient":""},"tablet":{"background-color":"","background-image":"","background-repeat":"repeat","background-position":"center center","background-size":"auto","background-attachment":"scroll","background-type":"","background-media":"","overlay-type":"","overlay-color":"","overlay-opacity":"","overlay-gradient":""},"mobile":{"background-color":"","background-image":"","background-repeat":"repeat","background-position":"center center","background-size":"auto","background-attachment":"scroll","background-type":"","background-media":"","overlay-type":"","overlay-color":"","overlay-opacity":"","overlay-gradient":""}},"ast-content-background-meta":{"desktop":{"background-color":"var(--ast-global-color-5)","background-image":"","background-repeat":"repeat","background-position":"center center","background-size":"auto","background-attachment":"scroll","background-type":"","background-media":"","overlay-type":"","overlay-color":"","overlay-opacity":"","overlay-gradient":""},"tablet":{"background-color":"var(--ast-global-color-5)","background-image":"","background-repeat":"repeat","background-position":"center center","background-size":"auto","background-attachment":"scroll","background-type":"","background-media":"","overlay-type":"","overlay-color":"","overlay-opacity":"","overlay-gradient":""},"mobile":{"background-color":"var(--ast-global-color-5)","background-image":"","background-repeat":"repeat","background-position":"center center","background-size":"auto","background-attachment":"scroll","background-type":"","background-media":"","overlay-type":"","overlay-color":"","overlay-opacity":"","overlay-gradient":""}},"footnotes":""},"class_list":["post-38407","page","type-page","status-publish","hentry"],"yoast_head":"<!-- This site is optimized with the Yoast SEO Premium plugin v27.2 (Yoast SEO v27.2) - https:\/\/yoast.com\/product\/yoast-seo-premium-wordpress\/ -->\n<title>ZZZ-Borax, MSM en kurkuma - MMS Seminar | Chlordioxid (CDS\/CDL) nach Jim Humble &amp; A. Kalcker<\/title>\n<meta name=\"robots\" content=\"index, follow, max-snippet:-1, max-image-preview:large, max-video-preview:-1\" \/>\n<link rel=\"canonical\" href=\"https:\/\/mms-seminar.com\/nl\/zzz-borax-msm-en-kurkuma\/\" \/>\n<meta property=\"og:locale\" content=\"nl_NL\" \/>\n<meta property=\"og:type\" content=\"article\" \/>\n<meta property=\"og:title\" content=\"ZZZ-Borax, MSM en kurkuma\" \/>\n<meta property=\"og:description\" content=\"Borax is een prachtig natuurlijk mineraal met fantastische eigenschappen voor artrose en artritis, maar ook tegen allerlei schimmels in het lichaam. Het werd in 2011 in de hele EU slechts in \u00e9\u00e9n nacht verboden, terwijl het in [&hellip;]\" \/>\n<meta property=\"og:url\" content=\"https:\/\/mms-seminar.com\/nl\/zzz-borax-msm-en-kurkuma\/\" \/>\n<meta property=\"og:site_name\" content=\"MMS Seminar | Chlordioxid (CDS\/CDL) nach Jim Humble &amp; A. Kalcker\" \/>\n<meta property=\"article:publisher\" content=\"https:\/\/www.facebook.com\/MMSseminare\" \/>\n<meta property=\"article:modified_time\" content=\"2020-12-30T15:54:02+00:00\" \/>\n<meta property=\"og:image\" content=\"https:\/\/mms-seminar.com\/wp-content\/uploads\/2013\/07\/Bildschirmfoto-2014-03-07-um-22.54.02.png\" \/>\n\t<meta property=\"og:image:width\" content=\"696\" \/>\n\t<meta property=\"og:image:height\" content=\"970\" \/>\n\t<meta property=\"og:image:type\" content=\"image\/png\" \/>\n<meta name=\"twitter:label1\" content=\"Geschatte leestijd\" \/>\n\t<meta name=\"twitter:data1\" content=\"1 minuut\" \/>\n<script type=\"application\/ld+json\" class=\"yoast-schema-graph\">{\"@context\":\"https:\/\/schema.org\",\"@graph\":[{\"@type\":\"WebPage\",\"@id\":\"https:\/\/mms-seminar.com\/nl\/zzz-borax-msm-en-kurkuma\/\",\"url\":\"https:\/\/mms-seminar.com\/nl\/zzz-borax-msm-en-kurkuma\/\",\"name\":\"ZZZ-Borax, MSM en kurkuma - MMS Seminar | Chlordioxid (CDS\/CDL) nach Jim Humble &amp; A. Kalcker\",\"isPartOf\":{\"@id\":\"https:\/\/mms-seminar.com\/nl\/#website\"},\"primaryImageOfPage\":{\"@id\":\"https:\/\/mms-seminar.com\/nl\/zzz-borax-msm-en-kurkuma\/#primaryimage\"},\"image\":{\"@id\":\"https:\/\/mms-seminar.com\/nl\/zzz-borax-msm-en-kurkuma\/#primaryimage\"},\"thumbnailUrl\":\"https:\/\/mms-seminar.com\/wp-content\/uploads\/2013\/07\/Bildschirmfoto-2014-03-07-um-22.54.02.png\",\"datePublished\":\"2020-12-30T15:53:13+00:00\",\"dateModified\":\"2020-12-30T15:54:02+00:00\",\"breadcrumb\":{\"@id\":\"https:\/\/mms-seminar.com\/nl\/zzz-borax-msm-en-kurkuma\/#breadcrumb\"},\"inLanguage\":\"nl-NL\",\"potentialAction\":[{\"@type\":\"ReadAction\",\"target\":[\"https:\/\/mms-seminar.com\/nl\/zzz-borax-msm-en-kurkuma\/\"]}]},{\"@type\":\"ImageObject\",\"inLanguage\":\"nl-NL\",\"@id\":\"https:\/\/mms-seminar.com\/nl\/zzz-borax-msm-en-kurkuma\/#primaryimage\",\"url\":\"https:\/\/mms-seminar.com\/wp-content\/uploads\/2013\/07\/Bildschirmfoto-2014-03-07-um-22.54.02.png\",\"contentUrl\":\"https:\/\/mms-seminar.com\/wp-content\/uploads\/2013\/07\/Bildschirmfoto-2014-03-07-um-22.54.02.png\"},{\"@type\":\"BreadcrumbList\",\"@id\":\"https:\/\/mms-seminar.com\/nl\/zzz-borax-msm-en-kurkuma\/#breadcrumb\",\"itemListElement\":[{\"@type\":\"ListItem\",\"position\":1,\"name\":\"Home\",\"item\":\"https:\/\/mms-seminar.com\/nl\/\"},{\"@type\":\"ListItem\",\"position\":2,\"name\":\"ZZZ-Borax, MSM en kurkuma\"}]},{\"@type\":\"WebSite\",\"@id\":\"https:\/\/mms-seminar.com\/nl\/#website\",\"url\":\"https:\/\/mms-seminar.com\/nl\/\",\"name\":\"MMS Seminar | Chlordioxid (CDS\/CDL) nach Jim Humble & A. Kalcker\",\"description\":\"Dein Wissensportal zu MMS, CDS\/CDL &amp; Methylenblau nach Jim Humble und Andreas Kalcker.\",\"publisher\":{\"@id\":\"https:\/\/mms-seminar.com\/nl\/#organization\"},\"potentialAction\":[{\"@type\":\"SearchAction\",\"target\":{\"@type\":\"EntryPoint\",\"urlTemplate\":\"https:\/\/mms-seminar.com\/nl\/?s={search_term_string}\"},\"query-input\":{\"@type\":\"PropertyValueSpecification\",\"valueRequired\":true,\"valueName\":\"search_term_string\"}}],\"inLanguage\":\"nl-NL\"},{\"@type\":\"Organization\",\"@id\":\"https:\/\/mms-seminar.com\/nl\/#organization\",\"name\":\"MMS-Seminar\",\"url\":\"https:\/\/mms-seminar.com\/nl\/\",\"logo\":{\"@type\":\"ImageObject\",\"inLanguage\":\"nl-NL\",\"@id\":\"https:\/\/mms-seminar.com\/nl\/#\/schema\/logo\/image\/\",\"url\":\"https:\/\/mms-seminar.com\/wp-content\/uploads\/2017\/08\/cropped-mms-logo-weiss-560x80-2.png\",\"contentUrl\":\"https:\/\/mms-seminar.com\/wp-content\/uploads\/2017\/08\/cropped-mms-logo-weiss-560x80-2.png\",\"width\":446,\"height\":80,\"caption\":\"MMS-Seminar\"},\"image\":{\"@id\":\"https:\/\/mms-seminar.com\/nl\/#\/schema\/logo\/image\/\"},\"sameAs\":[\"https:\/\/www.facebook.com\/MMSseminare\"]}]}<\/script>\n<!-- \/ Yoast SEO Premium plugin. -->","yoast_head_json":{"title":"ZZZ-Borax, MSM en kurkuma - MMS Seminar | Chlordioxid (CDS\/CDL) nach Jim Humble &amp; A. Kalcker","robots":{"index":"index","follow":"follow","max-snippet":"max-snippet:-1","max-image-preview":"max-image-preview:large","max-video-preview":"max-video-preview:-1"},"canonical":"https:\/\/mms-seminar.com\/nl\/zzz-borax-msm-en-kurkuma\/","og_locale":"nl_NL","og_type":"article","og_title":"ZZZ-Borax, MSM en kurkuma","og_description":"Borax is een prachtig natuurlijk mineraal met fantastische eigenschappen voor artrose en artritis, maar ook tegen allerlei schimmels in het lichaam. Het werd in 2011 in de hele EU slechts in \u00e9\u00e9n nacht verboden, terwijl het in [&hellip;]","og_url":"https:\/\/mms-seminar.com\/nl\/zzz-borax-msm-en-kurkuma\/","og_site_name":"MMS Seminar | Chlordioxid (CDS\/CDL) nach Jim Humble &amp; A. Kalcker","article_publisher":"https:\/\/www.facebook.com\/MMSseminare","article_modified_time":"2020-12-30T15:54:02+00:00","og_image":[{"width":696,"height":970,"url":"https:\/\/mms-seminar.com\/wp-content\/uploads\/2013\/07\/Bildschirmfoto-2014-03-07-um-22.54.02.png","type":"image\/png"}],"twitter_misc":{"Geschatte leestijd":"1 minuut"},"schema":{"@context":"https:\/\/schema.org","@graph":[{"@type":"WebPage","@id":"https:\/\/mms-seminar.com\/nl\/zzz-borax-msm-en-kurkuma\/","url":"https:\/\/mms-seminar.com\/nl\/zzz-borax-msm-en-kurkuma\/","name":"ZZZ-Borax, MSM en kurkuma - MMS Seminar | Chlordioxid (CDS\/CDL) nach Jim Humble &amp; A. Kalcker","isPartOf":{"@id":"https:\/\/mms-seminar.com\/nl\/#website"},"primaryImageOfPage":{"@id":"https:\/\/mms-seminar.com\/nl\/zzz-borax-msm-en-kurkuma\/#primaryimage"},"image":{"@id":"https:\/\/mms-seminar.com\/nl\/zzz-borax-msm-en-kurkuma\/#primaryimage"},"thumbnailUrl":"https:\/\/mms-seminar.com\/wp-content\/uploads\/2013\/07\/Bildschirmfoto-2014-03-07-um-22.54.02.png","datePublished":"2020-12-30T15:53:13+00:00","dateModified":"2020-12-30T15:54:02+00:00","breadcrumb":{"@id":"https:\/\/mms-seminar.com\/nl\/zzz-borax-msm-en-kurkuma\/#breadcrumb"},"inLanguage":"nl-NL","potentialAction":[{"@type":"ReadAction","target":["https:\/\/mms-seminar.com\/nl\/zzz-borax-msm-en-kurkuma\/"]}]},{"@type":"ImageObject","inLanguage":"nl-NL","@id":"https:\/\/mms-seminar.com\/nl\/zzz-borax-msm-en-kurkuma\/#primaryimage","url":"https:\/\/mms-seminar.com\/wp-content\/uploads\/2013\/07\/Bildschirmfoto-2014-03-07-um-22.54.02.png","contentUrl":"https:\/\/mms-seminar.com\/wp-content\/uploads\/2013\/07\/Bildschirmfoto-2014-03-07-um-22.54.02.png"},{"@type":"BreadcrumbList","@id":"https:\/\/mms-seminar.com\/nl\/zzz-borax-msm-en-kurkuma\/#breadcrumb","itemListElement":[{"@type":"ListItem","position":1,"name":"Home","item":"https:\/\/mms-seminar.com\/nl\/"},{"@type":"ListItem","position":2,"name":"ZZZ-Borax, MSM en kurkuma"}]},{"@type":"WebSite","@id":"https:\/\/mms-seminar.com\/nl\/#website","url":"https:\/\/mms-seminar.com\/nl\/","name":"MMS Seminar | Chlordioxid (CDS\/CDL) nach Jim Humble & A. Kalcker","description":"Dein Wissensportal zu MMS, CDS\/CDL &amp; Methylenblau nach Jim Humble und Andreas Kalcker.","publisher":{"@id":"https:\/\/mms-seminar.com\/nl\/#organization"},"potentialAction":[{"@type":"SearchAction","target":{"@type":"EntryPoint","urlTemplate":"https:\/\/mms-seminar.com\/nl\/?s={search_term_string}"},"query-input":{"@type":"PropertyValueSpecification","valueRequired":true,"valueName":"search_term_string"}}],"inLanguage":"nl-NL"},{"@type":"Organization","@id":"https:\/\/mms-seminar.com\/nl\/#organization","name":"MMS-Seminar","url":"https:\/\/mms-seminar.com\/nl\/","logo":{"@type":"ImageObject","inLanguage":"nl-NL","@id":"https:\/\/mms-seminar.com\/nl\/#\/schema\/logo\/image\/","url":"https:\/\/mms-seminar.com\/wp-content\/uploads\/2017\/08\/cropped-mms-logo-weiss-560x80-2.png","contentUrl":"https:\/\/mms-seminar.com\/wp-content\/uploads\/2017\/08\/cropped-mms-logo-weiss-560x80-2.png","width":446,"height":80,"caption":"MMS-Seminar"},"image":{"@id":"https:\/\/mms-seminar.com\/nl\/#\/schema\/logo\/image\/"},"sameAs":["https:\/\/www.facebook.com\/MMSseminare"]}]}},"uagb_featured_image_src":{"full":false,"thumbnail":false,"medium":false,"medium_large":false,"large":false,"1536x1536":false,"2048x2048":false},"uagb_author_info":{"display_name":"Teamer MMSler","author_link":"https:\/\/mms-seminar.com\/nl\/author\/mms-dreamteam2016-2-2-2-2-2-2\/"},"uagb_comment_info":0,"uagb_excerpt":"Borax is een prachtig natuurlijk mineraal met fantastische eigenschappen voor artrose en artritis, maar ook tegen allerlei schimmels in het lichaam. Het werd in 2011 in de hele EU slechts in \u00e9\u00e9n nacht verboden, terwijl het in [&hellip;]","_links":{"self":[{"href":"https:\/\/mms-seminar.com\/nl\/wp-json\/wp\/v2\/pages\/38407","targetHints":{"allow":["GET"]}}],"collection":[{"href":"https:\/\/mms-seminar.com\/nl\/wp-json\/wp\/v2\/pages"}],"about":[{"href":"https:\/\/mms-seminar.com\/nl\/wp-json\/wp\/v2\/types\/page"}],"author":[{"embeddable":true,"href":"https:\/\/mms-seminar.com\/nl\/wp-json\/wp\/v2\/users\/1"}],"replies":[{"embeddable":true,"href":"https:\/\/mms-seminar.com\/nl\/wp-json\/wp\/v2\/comments?post=38407"}],"version-history":[{"count":0,"href":"https:\/\/mms-seminar.com\/nl\/wp-json\/wp\/v2\/pages\/38407\/revisions"}],"wp:attachment":[{"href":"https:\/\/mms-seminar.com\/nl\/wp-json\/wp\/v2\/media?parent=38407"}],"curies":[{"name":"wp","href":"https:\/\/api.w.org\/{rel}","templated":true}]}}