{"id":35985,"date":"2020-12-30T11:38:47","date_gmt":"2020-12-30T10:38:47","guid":{"rendered":"https:\/\/mms-seminar.com\/elenco-dei-terapisti-mms\/"},"modified":"2020-12-30T11:38:59","modified_gmt":"2020-12-30T10:38:59","slug":"elenco-dei-terapisti-mms","status":"publish","type":"page","link":"https:\/\/mms-seminar.com\/it\/elenco-dei-terapisti-mms\/","title":{"rendered":"Elenco dei terapisti MMS"},"content":{"rendered":"\t\t<div data-elementor-type=\"wp-page\" data-elementor-id=\"35985\" class=\"elementor elementor-35985 elementor-28051\" data-elementor-post-type=\"page\">\n\t\t\t\t\t\t<section class=\"elementor-section elementor-top-section elementor-element elementor-element-588efb0 elementor-section-boxed elementor-section-height-default elementor-section-height-default\" data-id=\"588efb0\" data-element_type=\"section\" data-e-type=\"section\">\n\t\t\t\t\t\t<div class=\"elementor-container elementor-column-gap-default\">\n\t\t\t\t\t<div class=\"elementor-column elementor-col-100 elementor-top-column elementor-element elementor-element-075aac3\" data-id=\"075aac3\" data-element_type=\"column\" data-e-type=\"column\">\n\t\t\t<div class=\"elementor-widget-wrap elementor-element-populated\">\n\t\t\t\t\t\t<div class=\"elementor-element elementor-element-87ca27b elementor-widget elementor-widget-heading\" data-id=\"87ca27b\" data-element_type=\"widget\" data-e-type=\"widget\" data-widget_type=\"heading.default\">\n\t\t\t\t<div class=\"elementor-widget-container\">\n\t\t\t\t\t<h2 class=\"elementor-heading-title elementor-size-default\">Elenco dei terapisti MMS<\/h2>\t\t\t\t<\/div>\n\t\t\t\t<\/div>\n\t\t\t\t\t<\/div>\n\t\t<\/div>\n\t\t\t\t\t<\/div>\n\t\t<\/section>\n\t\t\t\t<section class=\"elementor-section elementor-top-section elementor-element elementor-element-228a6bdb elementor-section-boxed elementor-section-height-default elementor-section-height-default\" data-id=\"228a6bdb\" data-element_type=\"section\" data-e-type=\"section\">\n\t\t\t\t\t\t<div class=\"elementor-container elementor-column-gap-default\">\n\t\t\t\t\t<div class=\"elementor-column elementor-col-100 elementor-top-column elementor-element elementor-element-7420af47\" data-id=\"7420af47\" data-element_type=\"column\" data-e-type=\"column\">\n\t\t\t<div class=\"elementor-widget-wrap elementor-element-populated\">\n\t\t\t\t\t\t<div class=\"elementor-element elementor-element-134b5cd4 elementor-widget elementor-widget-text-editor\" data-id=\"134b5cd4\" data-element_type=\"widget\" data-e-type=\"widget\" data-widget_type=\"text-editor.default\">\n\t\t\t\t<div class=\"elementor-widget-container\">\n\t\t\t\t\t\t\t\t\t<p>La lista dei terapisti verr\u00e0 creata a breve.<\/p>\n<p><strong>CAUTION:<\/strong> Questi non sono <strong>dentisti<\/strong>, <strong>dentisti<\/strong>, <strong>praticanti sanitari<\/strong> e altri <strong>praticanti sanitari<\/strong> che trattano direttamente con <strong>MMS<\/strong>, <strong>DMSO<\/strong> e Co. delizia. MMS non \u00e8 ancora approvato e quindi un operatore sanitario non pu\u00f2 n\u00e9 prescrivere n\u00e9 applicare direttamente MMS senza ulteriori indugi. Ma pu\u00f2 accompagnarvi in modo olistico nella vostra autoterapia responsabile. Qui sono elencati i professionisti della salute che lavorano prevalentemente in modo olistico e sono aperti a rimedi e metodi alternativi. Potete suggerire altri professionisti della salute. Su richiesta, elimineremo anche gli indirizzi da questo elenco incompleto.<\/p>\n<p>Dr. Hartmut Fischer<\/p>\n<p><a href=\"https:\/\/www.praktijk-beaumont.nl\/\" target=\"_blank\" rel=\"noopener\">Patrik Beaumont<\/a><\/p>\n<p>Terapisti con formazione supplementare secondo il Dr. Klinghardt <a href=\"http:\/\/www.ink.ag\" target=\"_blank\" rel=\"noopener noreferrer\">www.ink.ag<\/a><\/p>\n<p>Alexandra Wilhelm <a href=\"http:\/\/praxis-pferdegesundheit.de\" target=\"_blank\" rel=\"noopener noreferrer\">www.praxis-pferdegesundheit.de<\/a><\/p>\n\t\t\t\t\t\t\t\t<\/div>\n\t\t\t\t<\/div>\n\t\t\t\t\t<\/div>\n\t\t<\/div>\n\t\t\t\t\t<\/div>\n\t\t<\/section>\n\t\t\t\t<section class=\"elementor-section elementor-top-section elementor-element elementor-element-2357848a elementor-section-boxed elementor-section-height-default elementor-section-height-default\" data-id=\"2357848a\" data-element_type=\"section\" data-e-type=\"section\">\n\t\t\t\t\t\t<div class=\"elementor-container elementor-column-gap-default\">\n\t\t\t\t\t<div class=\"elementor-column elementor-col-100 elementor-top-column elementor-element elementor-element-1643d280\" data-id=\"1643d280\" data-element_type=\"column\" data-e-type=\"column\">\n\t\t\t<div class=\"elementor-widget-wrap elementor-element-populated\">\n\t\t\t\t\t\t<section class=\"elementor-section elementor-inner-section elementor-element elementor-element-202fb4e7 elementor-section-boxed elementor-section-height-default elementor-section-height-default\" data-id=\"202fb4e7\" data-element_type=\"section\" data-e-type=\"section\">\n\t\t\t\t\t\t<div class=\"elementor-container elementor-column-gap-default\">\n\t\t\t\t\t<div class=\"elementor-column elementor-col-100 elementor-inner-column elementor-element elementor-element-4fc453c2\" data-id=\"4fc453c2\" data-element_type=\"column\" data-e-type=\"column\">\n\t\t\t<div class=\"elementor-widget-wrap elementor-element-populated\">\n\t\t\t\t\t\t<div class=\"elementor-element elementor-element-7962bff2 elementor-widget elementor-widget-spacer\" data-id=\"7962bff2\" data-element_type=\"widget\" data-e-type=\"widget\" data-widget_type=\"spacer.default\">\n\t\t\t\t<div class=\"elementor-widget-container\">\n\t\t\t\t\t\t\t<div class=\"elementor-spacer\">\n\t\t\t<div class=\"elementor-spacer-inner\"><\/div>\n\t\t<\/div>\n\t\t\t\t\t\t<\/div>\n\t\t\t\t<\/div>\n\t\t\t\t<div class=\"elementor-element elementor-element-1d358746 elementor-hidden-phone elementor-widget elementor-widget-image\" data-id=\"1d358746\" data-element_type=\"widget\" data-e-type=\"widget\" data-widget_type=\"image.default\">\n\t\t\t\t<div class=\"elementor-widget-container\">\n\t\t\t\t\t\t\t\t\t\t\t\t\t\t\t\t<a href=\"https:\/\/ticketshop.akasha-congress.com.\/s\/AKASHA-Congress?group_id=816\" target=\"_blank\">\n\t\t\t\t\t\t\t<img fetchpriority=\"high\" decoding=\"async\" width=\"1200\" height=\"400\" src=\"https:\/\/mms-seminar.com\/wp-content\/uploads\/2020\/06\/Banner_quer_mms-dvd.jpg\" class=\"attachment-full size-full wp-image-34967\" alt=\"\" srcset=\"https:\/\/mms-seminar.com\/wp-content\/uploads\/2020\/06\/Banner_quer_mms-dvd.jpg 1200w, https:\/\/mms-seminar.com\/wp-content\/uploads\/2020\/06\/Banner_quer_mms-dvd-300x100.jpg 300w, https:\/\/mms-seminar.com\/wp-content\/uploads\/2020\/06\/Banner_quer_mms-dvd-1024x341.jpg 1024w, https:\/\/mms-seminar.com\/wp-content\/uploads\/2020\/06\/Banner_quer_mms-dvd-768x256.jpg 768w\" sizes=\"(max-width: 1200px) 100vw, 1200px\" \/>\t\t\t\t\t\t\t\t<\/a>\n\t\t\t\t\t\t\t\t\t\t\t\t\t\t\t<\/div>\n\t\t\t\t<\/div>\n\t\t\t\t\t<\/div>\n\t\t<\/div>\n\t\t\t\t\t<\/div>\n\t\t<\/section>\n\t\t\t\t<section class=\"elementor-section elementor-inner-section elementor-element elementor-element-3aa0fd54 elementor-section-boxed elementor-section-height-default elementor-section-height-default\" data-id=\"3aa0fd54\" data-element_type=\"section\" data-e-type=\"section\">\n\t\t\t\t\t\t<div class=\"elementor-container elementor-column-gap-default\">\n\t\t\t\t\t<div class=\"elementor-column elementor-col-100 elementor-inner-column elementor-element elementor-element-72987a04\" data-id=\"72987a04\" data-element_type=\"column\" data-e-type=\"column\">\n\t\t\t<div class=\"elementor-widget-wrap elementor-element-populated\">\n\t\t\t\t\t\t<div class=\"elementor-element elementor-element-783fdfec elementor-hidden-desktop elementor-hidden-tablet elementor-widget elementor-widget-image\" data-id=\"783fdfec\" data-element_type=\"widget\" data-e-type=\"widget\" data-widget_type=\"image.default\">\n\t\t\t\t<div class=\"elementor-widget-container\">\n\t\t\t\t\t\t\t\t\t\t\t\t\t\t\t\t<a href=\"https:\/\/ticketshop.akasha-congress.com.\/s\/AKASHA-Congress?group_id=816\" target=\"_blank\">\n\t\t\t\t\t\t\t<img decoding=\"async\" width=\"300\" height=\"250\" src=\"https:\/\/mms-seminar.com\/wp-content\/uploads\/2020\/06\/Banner_mobile_video.gif\" class=\"attachment-full size-full wp-image-34972\" alt=\"\" \/>\t\t\t\t\t\t\t\t<\/a>\n\t\t\t\t\t\t\t\t\t\t\t\t\t\t\t<\/div>\n\t\t\t\t<\/div>\n\t\t\t\t<div class=\"elementor-element elementor-element-7b5f68f3 elementor-widget elementor-widget-spacer\" data-id=\"7b5f68f3\" data-element_type=\"widget\" data-e-type=\"widget\" data-widget_type=\"spacer.default\">\n\t\t\t\t<div class=\"elementor-widget-container\">\n\t\t\t\t\t\t\t<div class=\"elementor-spacer\">\n\t\t\t<div class=\"elementor-spacer-inner\"><\/div>\n\t\t<\/div>\n\t\t\t\t\t\t<\/div>\n\t\t\t\t<\/div>\n\t\t\t\t\t<\/div>\n\t\t<\/div>\n\t\t\t\t\t<\/div>\n\t\t<\/section>\n\t\t\t\t\t<\/div>\n\t\t<\/div>\n\t\t\t\t\t<\/div>\n\t\t<\/section>\n\t\t\t\t<\/div>\n\t\t","protected":false},"excerpt":{"rendered":"<p>Elenco dei terapisti MMS La lista dei terapisti verr\u00e0 creata a breve. CAUTION: Questi non sono dentisti, dentisti, praticanti sanitari e altri praticanti sanitari che trattano direttamente con MMS, DMSO e Co. delizia. MMS non \u00e8 ancora [&hellip;]<\/p>\n","protected":false},"author":1,"featured_media":0,"parent":0,"menu_order":0,"comment_status":"closed","ping_status":"closed","template":"","meta":{"_uag_custom_page_level_css":"","site-sidebar-layout":"no-sidebar","site-content-layout":"plain-container","ast-site-content-layout":"","site-content-style":"default","site-sidebar-style":"default","ast-global-header-display":"","ast-banner-title-visibility":"","ast-main-header-display":"","ast-hfb-above-header-display":"","ast-hfb-below-header-display":"","ast-hfb-mobile-header-display":"","site-post-title":"disabled","ast-breadcrumbs-content":"","ast-featured-img":"disabled","footer-sml-layout":"","theme-transparent-header-meta":"default","adv-header-id-meta":"","stick-header-meta":"","header-above-stick-meta":"","header-main-stick-meta":"","header-below-stick-meta":"","astra-migrate-meta-layouts":"default","ast-page-background-enabled":"default","ast-page-background-meta":{"desktop":{"background-color":"","background-image":"","background-repeat":"repeat","background-position":"center center","background-size":"auto","background-attachment":"scroll","background-type":"","background-media":"","overlay-type":"","overlay-color":"","overlay-opacity":"","overlay-gradient":""},"tablet":{"background-color":"","background-image":"","background-repeat":"repeat","background-position":"center center","background-size":"auto","background-attachment":"scroll","background-type":"","background-media":"","overlay-type":"","overlay-color":"","overlay-opacity":"","overlay-gradient":""},"mobile":{"background-color":"","background-image":"","background-repeat":"repeat","background-position":"center center","background-size":"auto","background-attachment":"scroll","background-type":"","background-media":"","overlay-type":"","overlay-color":"","overlay-opacity":"","overlay-gradient":""}},"ast-content-background-meta":{"desktop":{"background-color":"var(--ast-global-color-5)","background-image":"","background-repeat":"repeat","background-position":"center center","background-size":"auto","background-attachment":"scroll","background-type":"","background-media":"","overlay-type":"","overlay-color":"","overlay-opacity":"","overlay-gradient":""},"tablet":{"background-color":"var(--ast-global-color-5)","background-image":"","background-repeat":"repeat","background-position":"center center","background-size":"auto","background-attachment":"scroll","background-type":"","background-media":"","overlay-type":"","overlay-color":"","overlay-opacity":"","overlay-gradient":""},"mobile":{"background-color":"var(--ast-global-color-5)","background-image":"","background-repeat":"repeat","background-position":"center center","background-size":"auto","background-attachment":"scroll","background-type":"","background-media":"","overlay-type":"","overlay-color":"","overlay-opacity":"","overlay-gradient":""}},"footnotes":""},"class_list":["post-35985","page","type-page","status-publish","hentry"],"yoast_head":"<!-- This site is optimized with the Yoast SEO Premium plugin v27.2 (Yoast SEO v27.2) - https:\/\/yoast.com\/product\/yoast-seo-premium-wordpress\/ -->\n<title>Elenco dei terapisti MMS - MMS Seminar | Chlordioxid (CDS\/CDL) nach Jim Humble &amp; A. Kalcker<\/title>\n<meta name=\"robots\" content=\"index, follow, max-snippet:-1, max-image-preview:large, max-video-preview:-1\" \/>\n<link rel=\"canonical\" href=\"https:\/\/mms-seminar.com\/it\/elenco-dei-terapisti-mms\/\" \/>\n<meta property=\"og:locale\" content=\"it_IT\" \/>\n<meta property=\"og:type\" content=\"article\" \/>\n<meta property=\"og:title\" content=\"Elenco dei terapisti MMS\" \/>\n<meta property=\"og:description\" content=\"Elenco dei terapisti MMS La lista dei terapisti verr\u00e0 creata a breve. CAUTION: Questi non sono dentisti, dentisti, praticanti sanitari e altri praticanti sanitari che trattano direttamente con MMS, DMSO e Co. delizia. MMS non \u00e8 ancora [&hellip;]\" \/>\n<meta property=\"og:url\" content=\"https:\/\/mms-seminar.com\/it\/elenco-dei-terapisti-mms\/\" \/>\n<meta property=\"og:site_name\" content=\"MMS Seminar | Chlordioxid (CDS\/CDL) nach Jim Humble &amp; A. Kalcker\" \/>\n<meta property=\"article:publisher\" content=\"https:\/\/www.facebook.com\/MMSseminare\" \/>\n<meta property=\"article:modified_time\" content=\"2020-12-30T10:38:59+00:00\" \/>\n<meta property=\"og:image\" content=\"https:\/\/mms-seminar.com\/wp-content\/uploads\/2020\/06\/Banner_quer_mms-dvd.jpg\" \/>\n\t<meta property=\"og:image:width\" content=\"1200\" \/>\n\t<meta property=\"og:image:height\" content=\"400\" \/>\n\t<meta property=\"og:image:type\" content=\"image\/jpeg\" \/>\n<meta name=\"twitter:label1\" content=\"Tempo di lettura stimato\" \/>\n\t<meta name=\"twitter:data1\" content=\"1 minuto\" \/>\n<script type=\"application\/ld+json\" class=\"yoast-schema-graph\">{\"@context\":\"https:\/\/schema.org\",\"@graph\":[{\"@type\":\"WebPage\",\"@id\":\"https:\/\/mms-seminar.com\/it\/elenco-dei-terapisti-mms\/\",\"url\":\"https:\/\/mms-seminar.com\/it\/elenco-dei-terapisti-mms\/\",\"name\":\"Elenco dei terapisti MMS - MMS Seminar | Chlordioxid (CDS\/CDL) nach Jim Humble &amp; A. Kalcker\",\"isPartOf\":{\"@id\":\"https:\/\/mms-seminar.com\/it\/#website\"},\"primaryImageOfPage\":{\"@id\":\"https:\/\/mms-seminar.com\/it\/elenco-dei-terapisti-mms\/#primaryimage\"},\"image\":{\"@id\":\"https:\/\/mms-seminar.com\/it\/elenco-dei-terapisti-mms\/#primaryimage\"},\"thumbnailUrl\":\"https:\/\/mms-seminar.com\/wp-content\/uploads\/2020\/06\/Banner_quer_mms-dvd.jpg\",\"datePublished\":\"2020-12-30T10:38:47+00:00\",\"dateModified\":\"2020-12-30T10:38:59+00:00\",\"breadcrumb\":{\"@id\":\"https:\/\/mms-seminar.com\/it\/elenco-dei-terapisti-mms\/#breadcrumb\"},\"inLanguage\":\"it-IT\",\"potentialAction\":[{\"@type\":\"ReadAction\",\"target\":[\"https:\/\/mms-seminar.com\/it\/elenco-dei-terapisti-mms\/\"]}]},{\"@type\":\"ImageObject\",\"inLanguage\":\"it-IT\",\"@id\":\"https:\/\/mms-seminar.com\/it\/elenco-dei-terapisti-mms\/#primaryimage\",\"url\":\"https:\/\/mms-seminar.com\/wp-content\/uploads\/2020\/06\/Banner_quer_mms-dvd.jpg\",\"contentUrl\":\"https:\/\/mms-seminar.com\/wp-content\/uploads\/2020\/06\/Banner_quer_mms-dvd.jpg\"},{\"@type\":\"BreadcrumbList\",\"@id\":\"https:\/\/mms-seminar.com\/it\/elenco-dei-terapisti-mms\/#breadcrumb\",\"itemListElement\":[{\"@type\":\"ListItem\",\"position\":1,\"name\":\"Home\",\"item\":\"https:\/\/mms-seminar.com\/it\/\"},{\"@type\":\"ListItem\",\"position\":2,\"name\":\"Elenco dei terapisti MMS\"}]},{\"@type\":\"WebSite\",\"@id\":\"https:\/\/mms-seminar.com\/it\/#website\",\"url\":\"https:\/\/mms-seminar.com\/it\/\",\"name\":\"MMS Seminar | Chlordioxid (CDS\/CDL) nach Jim Humble & A. Kalcker\",\"description\":\"Dein Wissensportal zu MMS, CDS\/CDL &amp; Methylenblau nach Jim Humble und Andreas Kalcker.\",\"publisher\":{\"@id\":\"https:\/\/mms-seminar.com\/it\/#organization\"},\"potentialAction\":[{\"@type\":\"SearchAction\",\"target\":{\"@type\":\"EntryPoint\",\"urlTemplate\":\"https:\/\/mms-seminar.com\/it\/?s={search_term_string}\"},\"query-input\":{\"@type\":\"PropertyValueSpecification\",\"valueRequired\":true,\"valueName\":\"search_term_string\"}}],\"inLanguage\":\"it-IT\"},{\"@type\":\"Organization\",\"@id\":\"https:\/\/mms-seminar.com\/it\/#organization\",\"name\":\"MMS-Seminar\",\"url\":\"https:\/\/mms-seminar.com\/it\/\",\"logo\":{\"@type\":\"ImageObject\",\"inLanguage\":\"it-IT\",\"@id\":\"https:\/\/mms-seminar.com\/it\/#\/schema\/logo\/image\/\",\"url\":\"https:\/\/mms-seminar.com\/wp-content\/uploads\/2017\/08\/cropped-mms-logo-weiss-560x80-2.png\",\"contentUrl\":\"https:\/\/mms-seminar.com\/wp-content\/uploads\/2017\/08\/cropped-mms-logo-weiss-560x80-2.png\",\"width\":446,\"height\":80,\"caption\":\"MMS-Seminar\"},\"image\":{\"@id\":\"https:\/\/mms-seminar.com\/it\/#\/schema\/logo\/image\/\"},\"sameAs\":[\"https:\/\/www.facebook.com\/MMSseminare\"]}]}<\/script>\n<!-- \/ Yoast SEO Premium plugin. -->","yoast_head_json":{"title":"Elenco dei terapisti MMS - MMS Seminar | Chlordioxid (CDS\/CDL) nach Jim Humble &amp; A. Kalcker","robots":{"index":"index","follow":"follow","max-snippet":"max-snippet:-1","max-image-preview":"max-image-preview:large","max-video-preview":"max-video-preview:-1"},"canonical":"https:\/\/mms-seminar.com\/it\/elenco-dei-terapisti-mms\/","og_locale":"it_IT","og_type":"article","og_title":"Elenco dei terapisti MMS","og_description":"Elenco dei terapisti MMS La lista dei terapisti verr\u00e0 creata a breve. CAUTION: Questi non sono dentisti, dentisti, praticanti sanitari e altri praticanti sanitari che trattano direttamente con MMS, DMSO e Co. delizia. MMS non \u00e8 ancora [&hellip;]","og_url":"https:\/\/mms-seminar.com\/it\/elenco-dei-terapisti-mms\/","og_site_name":"MMS Seminar | Chlordioxid (CDS\/CDL) nach Jim Humble &amp; A. Kalcker","article_publisher":"https:\/\/www.facebook.com\/MMSseminare","article_modified_time":"2020-12-30T10:38:59+00:00","og_image":[{"width":1200,"height":400,"url":"https:\/\/mms-seminar.com\/wp-content\/uploads\/2020\/06\/Banner_quer_mms-dvd.jpg","type":"image\/jpeg"}],"twitter_misc":{"Tempo di lettura stimato":"1 minuto"},"schema":{"@context":"https:\/\/schema.org","@graph":[{"@type":"WebPage","@id":"https:\/\/mms-seminar.com\/it\/elenco-dei-terapisti-mms\/","url":"https:\/\/mms-seminar.com\/it\/elenco-dei-terapisti-mms\/","name":"Elenco dei terapisti MMS - MMS Seminar | Chlordioxid (CDS\/CDL) nach Jim Humble &amp; A. Kalcker","isPartOf":{"@id":"https:\/\/mms-seminar.com\/it\/#website"},"primaryImageOfPage":{"@id":"https:\/\/mms-seminar.com\/it\/elenco-dei-terapisti-mms\/#primaryimage"},"image":{"@id":"https:\/\/mms-seminar.com\/it\/elenco-dei-terapisti-mms\/#primaryimage"},"thumbnailUrl":"https:\/\/mms-seminar.com\/wp-content\/uploads\/2020\/06\/Banner_quer_mms-dvd.jpg","datePublished":"2020-12-30T10:38:47+00:00","dateModified":"2020-12-30T10:38:59+00:00","breadcrumb":{"@id":"https:\/\/mms-seminar.com\/it\/elenco-dei-terapisti-mms\/#breadcrumb"},"inLanguage":"it-IT","potentialAction":[{"@type":"ReadAction","target":["https:\/\/mms-seminar.com\/it\/elenco-dei-terapisti-mms\/"]}]},{"@type":"ImageObject","inLanguage":"it-IT","@id":"https:\/\/mms-seminar.com\/it\/elenco-dei-terapisti-mms\/#primaryimage","url":"https:\/\/mms-seminar.com\/wp-content\/uploads\/2020\/06\/Banner_quer_mms-dvd.jpg","contentUrl":"https:\/\/mms-seminar.com\/wp-content\/uploads\/2020\/06\/Banner_quer_mms-dvd.jpg"},{"@type":"BreadcrumbList","@id":"https:\/\/mms-seminar.com\/it\/elenco-dei-terapisti-mms\/#breadcrumb","itemListElement":[{"@type":"ListItem","position":1,"name":"Home","item":"https:\/\/mms-seminar.com\/it\/"},{"@type":"ListItem","position":2,"name":"Elenco dei terapisti MMS"}]},{"@type":"WebSite","@id":"https:\/\/mms-seminar.com\/it\/#website","url":"https:\/\/mms-seminar.com\/it\/","name":"MMS Seminar | Chlordioxid (CDS\/CDL) nach Jim Humble & A. Kalcker","description":"Dein Wissensportal zu MMS, CDS\/CDL &amp; Methylenblau nach Jim Humble und Andreas Kalcker.","publisher":{"@id":"https:\/\/mms-seminar.com\/it\/#organization"},"potentialAction":[{"@type":"SearchAction","target":{"@type":"EntryPoint","urlTemplate":"https:\/\/mms-seminar.com\/it\/?s={search_term_string}"},"query-input":{"@type":"PropertyValueSpecification","valueRequired":true,"valueName":"search_term_string"}}],"inLanguage":"it-IT"},{"@type":"Organization","@id":"https:\/\/mms-seminar.com\/it\/#organization","name":"MMS-Seminar","url":"https:\/\/mms-seminar.com\/it\/","logo":{"@type":"ImageObject","inLanguage":"it-IT","@id":"https:\/\/mms-seminar.com\/it\/#\/schema\/logo\/image\/","url":"https:\/\/mms-seminar.com\/wp-content\/uploads\/2017\/08\/cropped-mms-logo-weiss-560x80-2.png","contentUrl":"https:\/\/mms-seminar.com\/wp-content\/uploads\/2017\/08\/cropped-mms-logo-weiss-560x80-2.png","width":446,"height":80,"caption":"MMS-Seminar"},"image":{"@id":"https:\/\/mms-seminar.com\/it\/#\/schema\/logo\/image\/"},"sameAs":["https:\/\/www.facebook.com\/MMSseminare"]}]}},"uagb_featured_image_src":{"full":false,"thumbnail":false,"medium":false,"medium_large":false,"large":false,"1536x1536":false,"2048x2048":false},"uagb_author_info":{"display_name":"Teamer MMSler","author_link":"https:\/\/mms-seminar.com\/it\/author\/mms-dreamteam2016-2-2-2-2-2-2\/"},"uagb_comment_info":0,"uagb_excerpt":"Elenco dei terapisti MMS La lista dei terapisti verr\u00e0 creata a breve. CAUTION: Questi non sono dentisti, dentisti, praticanti sanitari e altri praticanti sanitari che trattano direttamente con MMS, DMSO e Co. delizia. MMS non \u00e8 ancora [&hellip;]","_links":{"self":[{"href":"https:\/\/mms-seminar.com\/it\/wp-json\/wp\/v2\/pages\/35985","targetHints":{"allow":["GET"]}}],"collection":[{"href":"https:\/\/mms-seminar.com\/it\/wp-json\/wp\/v2\/pages"}],"about":[{"href":"https:\/\/mms-seminar.com\/it\/wp-json\/wp\/v2\/types\/page"}],"author":[{"embeddable":true,"href":"https:\/\/mms-seminar.com\/it\/wp-json\/wp\/v2\/users\/1"}],"replies":[{"embeddable":true,"href":"https:\/\/mms-seminar.com\/it\/wp-json\/wp\/v2\/comments?post=35985"}],"version-history":[{"count":0,"href":"https:\/\/mms-seminar.com\/it\/wp-json\/wp\/v2\/pages\/35985\/revisions"}],"wp:attachment":[{"href":"https:\/\/mms-seminar.com\/it\/wp-json\/wp\/v2\/media?parent=35985"}],"curies":[{"name":"wp","href":"https:\/\/api.w.org\/{rel}","templated":true}]}}