{"id":35903,"date":"2020-12-30T11:37:56","date_gmt":"2020-12-30T10:37:56","guid":{"rendered":"https:\/\/mms-seminar.com\/confirmation-de-desabonnement-a-la-newsletter\/"},"modified":"2021-05-01T12:57:41","modified_gmt":"2021-05-01T10:57:41","slug":"confirmation-de-desabonnement-a-la-newsletter","status":"publish","type":"page","link":"https:\/\/mms-seminar.com\/fr\/confirmation-de-desabonnement-a-la-newsletter\/","title":{"rendered":"Confirmation de d\u00e9sabonnement \u00e0 la newsletter"},"content":{"rendered":"\t\t<div data-elementor-type=\"wp-page\" data-elementor-id=\"35903\" class=\"elementor elementor-35903 elementor-26776\" data-elementor-post-type=\"page\">\n\t\t\t\t\t\t<section class=\"elementor-section elementor-top-section elementor-element elementor-element-28c035ec elementor-section-boxed elementor-section-height-default elementor-section-height-default\" data-id=\"28c035ec\" data-element_type=\"section\" data-e-type=\"section\">\n\t\t\t\t\t\t<div class=\"elementor-container elementor-column-gap-default\">\n\t\t\t\t\t<div class=\"elementor-column elementor-col-100 elementor-top-column elementor-element elementor-element-5b315083\" data-id=\"5b315083\" data-element_type=\"column\" data-e-type=\"column\">\n\t\t\t<div class=\"elementor-widget-wrap elementor-element-populated\">\n\t\t\t\t\t\t<div class=\"elementor-element elementor-element-c441666 elementor-widget elementor-widget-text-editor\" data-id=\"c441666\" data-element_type=\"widget\" data-e-type=\"widget\" data-widget_type=\"text-editor.default\">\n\t\t\t\t<div class=\"elementor-widget-container\">\n\t\t\t\t\t\t\t\t\t<p style=\"text-align: center;\">Vous avez \u00e9t\u00e9 retir\u00e9 de notre liste de diffusion et ne recevrez plus les bulletins d&rsquo;information du MMS.<\/p>\n<p style=\"text-align: center;\">Vous pouvez vous r\u00e9inscrire \u00e0 tout moment.<\/p>\n<p style=\"text-align: center;\">Merci de votre int\u00e9r\u00eat !<\/p>\n<p><a href=\"https:\/\/mms-seminar.com\/fr\/\">Retour \u00e0 la page d&rsquo;accueil<\/a><\/p>\n\t\t\t\t\t\t\t\t<\/div>\n\t\t\t\t<\/div>\n\t\t\t\t\t<\/div>\n\t\t<\/div>\n\t\t\t\t\t<\/div>\n\t\t<\/section>\n\t\t\t\t<\/div>\n\t\t","protected":false},"excerpt":{"rendered":"<p>Vous avez \u00e9t\u00e9 retir\u00e9 de notre liste de diffusion et ne recevrez plus les bulletins d&rsquo;information du MMS. Vous pouvez vous r\u00e9inscrire \u00e0 tout moment. Merci de votre int\u00e9r\u00eat ! Retour \u00e0 la page d&rsquo;accueil<\/p>\n","protected":false},"author":1,"featured_media":0,"parent":0,"menu_order":0,"comment_status":"closed","ping_status":"closed","template":"","meta":{"_uag_custom_page_level_css":"","site-sidebar-layout":"default","site-content-layout":"","ast-site-content-layout":"","site-content-style":"default","site-sidebar-style":"default","ast-global-header-display":"","ast-banner-title-visibility":"","ast-main-header-display":"","ast-hfb-above-header-display":"","ast-hfb-below-header-display":"","ast-hfb-mobile-header-display":"","site-post-title":"","ast-breadcrumbs-content":"","ast-featured-img":"","footer-sml-layout":"","theme-transparent-header-meta":"","adv-header-id-meta":"","stick-header-meta":"","header-above-stick-meta":"","header-main-stick-meta":"","header-below-stick-meta":"","astra-migrate-meta-layouts":"default","ast-page-background-enabled":"default","ast-page-background-meta":{"desktop":{"background-color":"","background-image":"","background-repeat":"repeat","background-position":"center center","background-size":"auto","background-attachment":"scroll","background-type":"","background-media":"","overlay-type":"","overlay-color":"","overlay-opacity":"","overlay-gradient":""},"tablet":{"background-color":"","background-image":"","background-repeat":"repeat","background-position":"center center","background-size":"auto","background-attachment":"scroll","background-type":"","background-media":"","overlay-type":"","overlay-color":"","overlay-opacity":"","overlay-gradient":""},"mobile":{"background-color":"","background-image":"","background-repeat":"repeat","background-position":"center center","background-size":"auto","background-attachment":"scroll","background-type":"","background-media":"","overlay-type":"","overlay-color":"","overlay-opacity":"","overlay-gradient":""}},"ast-content-background-meta":{"desktop":{"background-color":"var(--ast-global-color-5)","background-image":"","background-repeat":"repeat","background-position":"center center","background-size":"auto","background-attachment":"scroll","background-type":"","background-media":"","overlay-type":"","overlay-color":"","overlay-opacity":"","overlay-gradient":""},"tablet":{"background-color":"var(--ast-global-color-5)","background-image":"","background-repeat":"repeat","background-position":"center center","background-size":"auto","background-attachment":"scroll","background-type":"","background-media":"","overlay-type":"","overlay-color":"","overlay-opacity":"","overlay-gradient":""},"mobile":{"background-color":"var(--ast-global-color-5)","background-image":"","background-repeat":"repeat","background-position":"center center","background-size":"auto","background-attachment":"scroll","background-type":"","background-media":"","overlay-type":"","overlay-color":"","overlay-opacity":"","overlay-gradient":""}},"footnotes":""},"class_list":["post-35903","page","type-page","status-publish","hentry"],"yoast_head":"<!-- This site is optimized with the Yoast SEO Premium plugin v27.2 (Yoast SEO v27.2) - https:\/\/yoast.com\/product\/yoast-seo-premium-wordpress\/ -->\n<title>Confirmation de d\u00e9sabonnement \u00e0 la newsletter - MMS Seminar | Chlordioxid (CDS\/CDL) nach Jim Humble &amp; A. Kalcker<\/title>\n<meta name=\"robots\" content=\"index, follow, max-snippet:-1, max-image-preview:large, max-video-preview:-1\" \/>\n<link rel=\"canonical\" href=\"https:\/\/mms-seminar.com\/fr\/confirmation-de-desabonnement-a-la-newsletter\/\" \/>\n<meta property=\"og:locale\" content=\"fr_FR\" \/>\n<meta property=\"og:type\" content=\"article\" \/>\n<meta property=\"og:title\" content=\"Confirmation de d\u00e9sabonnement \u00e0 la newsletter\" \/>\n<meta property=\"og:description\" content=\"Vous avez \u00e9t\u00e9 retir\u00e9 de notre liste de diffusion et ne recevrez plus les bulletins d&rsquo;information du MMS. Vous pouvez vous r\u00e9inscrire \u00e0 tout moment. Merci de votre int\u00e9r\u00eat ! Retour \u00e0 la page d&rsquo;accueil\" \/>\n<meta property=\"og:url\" content=\"https:\/\/mms-seminar.com\/fr\/confirmation-de-desabonnement-a-la-newsletter\/\" \/>\n<meta property=\"og:site_name\" content=\"MMS Seminar | Chlordioxid (CDS\/CDL) nach Jim Humble &amp; A. Kalcker\" \/>\n<meta property=\"article:publisher\" content=\"https:\/\/www.facebook.com\/MMSseminare\" \/>\n<meta property=\"article:modified_time\" content=\"2021-05-01T10:57:41+00:00\" \/>\n<meta property=\"og:image\" content=\"https:\/\/mms-seminar.com\/wp-content\/uploads\/2020\/06\/social-mms-plattform.jpg\" \/>\n\t<meta property=\"og:image:width\" content=\"1200\" \/>\n\t<meta property=\"og:image:height\" content=\"630\" \/>\n\t<meta property=\"og:image:type\" content=\"image\/jpeg\" \/>\n<script type=\"application\/ld+json\" class=\"yoast-schema-graph\">{\"@context\":\"https:\/\/schema.org\",\"@graph\":[{\"@type\":\"WebPage\",\"@id\":\"https:\/\/mms-seminar.com\/fr\/confirmation-de-desabonnement-a-la-newsletter\/\",\"url\":\"https:\/\/mms-seminar.com\/fr\/confirmation-de-desabonnement-a-la-newsletter\/\",\"name\":\"Confirmation de d\u00e9sabonnement \u00e0 la newsletter - MMS Seminar | Chlordioxid (CDS\/CDL) nach Jim Humble &amp; A. Kalcker\",\"isPartOf\":{\"@id\":\"https:\/\/mms-seminar.com\/fr\/#website\"},\"datePublished\":\"2020-12-30T10:37:56+00:00\",\"dateModified\":\"2021-05-01T10:57:41+00:00\",\"breadcrumb\":{\"@id\":\"https:\/\/mms-seminar.com\/fr\/confirmation-de-desabonnement-a-la-newsletter\/#breadcrumb\"},\"inLanguage\":\"fr-FR\",\"potentialAction\":[{\"@type\":\"ReadAction\",\"target\":[\"https:\/\/mms-seminar.com\/fr\/confirmation-de-desabonnement-a-la-newsletter\/\"]}]},{\"@type\":\"BreadcrumbList\",\"@id\":\"https:\/\/mms-seminar.com\/fr\/confirmation-de-desabonnement-a-la-newsletter\/#breadcrumb\",\"itemListElement\":[{\"@type\":\"ListItem\",\"position\":1,\"name\":\"Home\",\"item\":\"https:\/\/mms-seminar.com\/fr\/\"},{\"@type\":\"ListItem\",\"position\":2,\"name\":\"Confirmation de d\u00e9sabonnement \u00e0 la newsletter\"}]},{\"@type\":\"WebSite\",\"@id\":\"https:\/\/mms-seminar.com\/fr\/#website\",\"url\":\"https:\/\/mms-seminar.com\/fr\/\",\"name\":\"MMS Seminar | Chlordioxid (CDS\/CDL) nach Jim Humble & A. Kalcker\",\"description\":\"Dein Wissensportal zu MMS, CDS\/CDL &amp; Methylenblau nach Jim Humble und Andreas Kalcker.\",\"publisher\":{\"@id\":\"https:\/\/mms-seminar.com\/fr\/#organization\"},\"potentialAction\":[{\"@type\":\"SearchAction\",\"target\":{\"@type\":\"EntryPoint\",\"urlTemplate\":\"https:\/\/mms-seminar.com\/fr\/?s={search_term_string}\"},\"query-input\":{\"@type\":\"PropertyValueSpecification\",\"valueRequired\":true,\"valueName\":\"search_term_string\"}}],\"inLanguage\":\"fr-FR\"},{\"@type\":\"Organization\",\"@id\":\"https:\/\/mms-seminar.com\/fr\/#organization\",\"name\":\"MMS-Seminar\",\"url\":\"https:\/\/mms-seminar.com\/fr\/\",\"logo\":{\"@type\":\"ImageObject\",\"inLanguage\":\"fr-FR\",\"@id\":\"https:\/\/mms-seminar.com\/fr\/#\/schema\/logo\/image\/\",\"url\":\"https:\/\/mms-seminar.com\/wp-content\/uploads\/2017\/08\/cropped-mms-logo-weiss-560x80-2.png\",\"contentUrl\":\"https:\/\/mms-seminar.com\/wp-content\/uploads\/2017\/08\/cropped-mms-logo-weiss-560x80-2.png\",\"width\":446,\"height\":80,\"caption\":\"MMS-Seminar\"},\"image\":{\"@id\":\"https:\/\/mms-seminar.com\/fr\/#\/schema\/logo\/image\/\"},\"sameAs\":[\"https:\/\/www.facebook.com\/MMSseminare\"]}]}<\/script>\n<!-- \/ Yoast SEO Premium plugin. -->","yoast_head_json":{"title":"Confirmation de d\u00e9sabonnement \u00e0 la newsletter - MMS Seminar | Chlordioxid (CDS\/CDL) nach Jim Humble &amp; A. Kalcker","robots":{"index":"index","follow":"follow","max-snippet":"max-snippet:-1","max-image-preview":"max-image-preview:large","max-video-preview":"max-video-preview:-1"},"canonical":"https:\/\/mms-seminar.com\/fr\/confirmation-de-desabonnement-a-la-newsletter\/","og_locale":"fr_FR","og_type":"article","og_title":"Confirmation de d\u00e9sabonnement \u00e0 la newsletter","og_description":"Vous avez \u00e9t\u00e9 retir\u00e9 de notre liste de diffusion et ne recevrez plus les bulletins d&rsquo;information du MMS. Vous pouvez vous r\u00e9inscrire \u00e0 tout moment. Merci de votre int\u00e9r\u00eat ! Retour \u00e0 la page d&rsquo;accueil","og_url":"https:\/\/mms-seminar.com\/fr\/confirmation-de-desabonnement-a-la-newsletter\/","og_site_name":"MMS Seminar | Chlordioxid (CDS\/CDL) nach Jim Humble &amp; A. Kalcker","article_publisher":"https:\/\/www.facebook.com\/MMSseminare","article_modified_time":"2021-05-01T10:57:41+00:00","og_image":[{"width":1200,"height":630,"url":"https:\/\/mms-seminar.com\/wp-content\/uploads\/2020\/06\/social-mms-plattform.jpg","type":"image\/jpeg"}],"schema":{"@context":"https:\/\/schema.org","@graph":[{"@type":"WebPage","@id":"https:\/\/mms-seminar.com\/fr\/confirmation-de-desabonnement-a-la-newsletter\/","url":"https:\/\/mms-seminar.com\/fr\/confirmation-de-desabonnement-a-la-newsletter\/","name":"Confirmation de d\u00e9sabonnement \u00e0 la newsletter - MMS Seminar | Chlordioxid (CDS\/CDL) nach Jim Humble &amp; A. Kalcker","isPartOf":{"@id":"https:\/\/mms-seminar.com\/fr\/#website"},"datePublished":"2020-12-30T10:37:56+00:00","dateModified":"2021-05-01T10:57:41+00:00","breadcrumb":{"@id":"https:\/\/mms-seminar.com\/fr\/confirmation-de-desabonnement-a-la-newsletter\/#breadcrumb"},"inLanguage":"fr-FR","potentialAction":[{"@type":"ReadAction","target":["https:\/\/mms-seminar.com\/fr\/confirmation-de-desabonnement-a-la-newsletter\/"]}]},{"@type":"BreadcrumbList","@id":"https:\/\/mms-seminar.com\/fr\/confirmation-de-desabonnement-a-la-newsletter\/#breadcrumb","itemListElement":[{"@type":"ListItem","position":1,"name":"Home","item":"https:\/\/mms-seminar.com\/fr\/"},{"@type":"ListItem","position":2,"name":"Confirmation de d\u00e9sabonnement \u00e0 la newsletter"}]},{"@type":"WebSite","@id":"https:\/\/mms-seminar.com\/fr\/#website","url":"https:\/\/mms-seminar.com\/fr\/","name":"MMS Seminar | Chlordioxid (CDS\/CDL) nach Jim Humble & A. Kalcker","description":"Dein Wissensportal zu MMS, CDS\/CDL &amp; Methylenblau nach Jim Humble und Andreas Kalcker.","publisher":{"@id":"https:\/\/mms-seminar.com\/fr\/#organization"},"potentialAction":[{"@type":"SearchAction","target":{"@type":"EntryPoint","urlTemplate":"https:\/\/mms-seminar.com\/fr\/?s={search_term_string}"},"query-input":{"@type":"PropertyValueSpecification","valueRequired":true,"valueName":"search_term_string"}}],"inLanguage":"fr-FR"},{"@type":"Organization","@id":"https:\/\/mms-seminar.com\/fr\/#organization","name":"MMS-Seminar","url":"https:\/\/mms-seminar.com\/fr\/","logo":{"@type":"ImageObject","inLanguage":"fr-FR","@id":"https:\/\/mms-seminar.com\/fr\/#\/schema\/logo\/image\/","url":"https:\/\/mms-seminar.com\/wp-content\/uploads\/2017\/08\/cropped-mms-logo-weiss-560x80-2.png","contentUrl":"https:\/\/mms-seminar.com\/wp-content\/uploads\/2017\/08\/cropped-mms-logo-weiss-560x80-2.png","width":446,"height":80,"caption":"MMS-Seminar"},"image":{"@id":"https:\/\/mms-seminar.com\/fr\/#\/schema\/logo\/image\/"},"sameAs":["https:\/\/www.facebook.com\/MMSseminare"]}]}},"uagb_featured_image_src":{"full":false,"thumbnail":false,"medium":false,"medium_large":false,"large":false,"1536x1536":false,"2048x2048":false},"uagb_author_info":{"display_name":"Teamer MMSler","author_link":"https:\/\/mms-seminar.com\/fr\/author\/mms-dreamteam2016-2-2-2-2-2-2\/"},"uagb_comment_info":0,"uagb_excerpt":"Vous avez \u00e9t\u00e9 retir\u00e9 de notre liste de diffusion et ne recevrez plus les bulletins d&rsquo;information du MMS. Vous pouvez vous r\u00e9inscrire \u00e0 tout moment. Merci de votre int\u00e9r\u00eat ! Retour \u00e0 la page d&rsquo;accueil","_links":{"self":[{"href":"https:\/\/mms-seminar.com\/fr\/wp-json\/wp\/v2\/pages\/35903","targetHints":{"allow":["GET"]}}],"collection":[{"href":"https:\/\/mms-seminar.com\/fr\/wp-json\/wp\/v2\/pages"}],"about":[{"href":"https:\/\/mms-seminar.com\/fr\/wp-json\/wp\/v2\/types\/page"}],"author":[{"embeddable":true,"href":"https:\/\/mms-seminar.com\/fr\/wp-json\/wp\/v2\/users\/1"}],"replies":[{"embeddable":true,"href":"https:\/\/mms-seminar.com\/fr\/wp-json\/wp\/v2\/comments?post=35903"}],"version-history":[{"count":0,"href":"https:\/\/mms-seminar.com\/fr\/wp-json\/wp\/v2\/pages\/35903\/revisions"}],"wp:attachment":[{"href":"https:\/\/mms-seminar.com\/fr\/wp-json\/wp\/v2\/media?parent=35903"}],"curies":[{"name":"wp","href":"https:\/\/api.w.org\/{rel}","templated":true}]}}