{"id":34988,"date":"2020-12-30T11:35:25","date_gmt":"2020-12-30T10:35:25","guid":{"rendered":"https:\/\/mms-seminar.com\/zzz-borax-msm-et-curcuma\/"},"modified":"2020-12-30T11:35:25","modified_gmt":"2020-12-30T10:35:25","slug":"zzz-borax-msm-et-curcuma","status":"publish","type":"page","link":"https:\/\/mms-seminar.com\/fr\/zzz-borax-msm-et-curcuma\/","title":{"rendered":"ZZZ-Borax, MSM et curcuma"},"content":{"rendered":"\t\t<div data-elementor-type=\"wp-page\" data-elementor-id=\"34988\" class=\"elementor elementor-34988 elementor-3656\" data-elementor-post-type=\"page\">\n\t\t\t\t\t\t<section class=\"elementor-section elementor-top-section elementor-element elementor-element-7a117987 elementor-section-boxed elementor-section-height-default elementor-section-height-default\" data-id=\"7a117987\" data-element_type=\"section\" data-e-type=\"section\">\n\t\t\t\t\t\t<div class=\"elementor-container elementor-column-gap-default\">\n\t\t\t\t\t<div class=\"elementor-column elementor-col-100 elementor-top-column elementor-element elementor-element-15213548\" data-id=\"15213548\" data-element_type=\"column\" data-e-type=\"column\">\n\t\t\t<div class=\"elementor-widget-wrap elementor-element-populated\">\n\t\t\t\t\t\t<div class=\"elementor-element elementor-element-2558315b elementor-widget elementor-widget-text-editor\" data-id=\"2558315b\" data-element_type=\"widget\" data-e-type=\"widget\" data-widget_type=\"text-editor.default\">\n\t\t\t\t<div class=\"elementor-widget-container\">\n\t\t\t\t\t\t\t\t\t<p><span style=\"font-size: 16px; text-align: justify;\">Le borax est un merveilleux min\u00e9ral naturel aux propri\u00e9t\u00e9s fantastiques pour l&rsquo;arthrose et l&rsquo;arthrite, ainsi que contre les champignons de toutes sortes dans le corps. Il n&rsquo;a \u00e9t\u00e9 interdit pratiquement du jour au lendemain dans l&rsquo;UE qu&rsquo;en 2011, alors qu&rsquo;il est toujours utilis\u00e9 comme ingr\u00e9dient cl\u00e9 dans les d\u00e9tergents aux \u00c9tats-Unis. Voici quelques informations suppl\u00e9mentaires.<\/span><\/p>\n<h3 style=\"text-align: justify;\">La conspiration Borax<\/h3>\n<p style=\"text-align: justify;\"><span style=\"line-height: 1.5;\"><a href=\"https:\/\/mms-seminar.com\/wp-content\/uploads\/2013\/07\/Bildschirmfoto-2014-03-07-um-22.54.02.png\" target=\"_blank\" rel=\"noopener noreferrer\"><img decoding=\"async\" class=\"alignleft wp-image-1393\" src=\"https:\/\/mms-seminar.com\/wp-content\/uploads\/2013\/07\/Bildschirmfoto-2014-03-07-um-22.54.02.png\" alt=\"\" width=\"121\" height=\"169\" srcset=\"https:\/\/mms-seminar.com\/wp-content\/uploads\/2013\/07\/Bildschirmfoto-2014-03-07-um-22.54.02.png 696w, https:\/\/mms-seminar.com\/wp-content\/uploads\/2013\/07\/Bildschirmfoto-2014-03-07-um-22.54.02-215x300.png 215w\" sizes=\"(max-width: 121px) 100vw, 121px\" \/><\/a><\/span><\/p>\n<p style=\"text-align: justify;\"><span style=\"line-height: 1.5;\"><br \/>Article du magazine Nexus <\/span><a title=\"Die Borax-Verschw\u00f6rung\" href=\"https:\/\/mms-seminar.com\/wp-content\/uploads\/2013\/07\/Borax-Nexus.pdf\" target=\"_blank\" rel=\"noopener noreferrer\">ici<\/a><strong style=\"line-height: 1.5;\">. <\/strong><span style=\"line-height: 1.5;\">Par exemple, vous pouvez vous procurer le rem\u00e8de maison Borax en Turquie (hors UE) dans n&rsquo;importe quelle pharmacie pour quelques euros. <\/span><span style=\"line-height: 1.5;\">Les autres options d&rsquo;achat sont toujours maintenues dans notre liste de <a href=\"https:\/\/mms-seminar.com\/mms-bezugsquellen\/\">sources<\/a>.<\/span><\/p>\n<h3 style=\"text-align: justify;\"> <\/h3>\n<h3 style=\"text-align: justify;\"> <\/h3>\n<p>https:\/\/youtube.com\/watch?v=B_zk5xnFLKc<\/p>\n<h3>Curcuma<\/h3>\n<p><div class=\"ast-oembed-container \" style=\"height: 100%;\"><iframe title=\"KURKUMIN - Wunderwaffe der Natur\" width=\"500\" height=\"281\" src=\"https:\/\/www.youtube.com\/embed\/OI5Z6tA4o1Q?feature=oembed\" frameborder=\"0\" allow=\"accelerometer; autoplay; clipboard-write; encrypted-media; gyroscope; picture-in-picture; web-share\" referrerpolicy=\"strict-origin-when-cross-origin\" allowfullscreen><\/iframe><\/div><\/p>\n<p>voir aussi <a href=\"https:\/\/mms-seminar.com\/wp-content\/uploads\/2015\/08\/DrDouwes_Info_Curcumin.pdf\" target=\"_blank\" rel=\"noopener noreferrer\">&gt;&gt;\u00c9tude Curcuma Suisse<\/a>.<\/p>\n<h3>MSM<\/h3>\n<p class=\"p1\">La douleur, l&rsquo;inflammation et le gonflement des articulations du groupe de patients ont ensuite \u00e9t\u00e9 mesur\u00e9s \u00e0 intervalles r\u00e9guliers.<\/p>\n<p class=\"p1\">Dans le groupe MSM, une r\u00e9duction de la douleur de 52 % a \u00e9t\u00e9 observ\u00e9e apr\u00e8s 12 semaines, tandis que la valeur de la douleur dans le groupe glucosamine a m\u00eame diminu\u00e9 de 63 %.<\/p>\n<p class=\"p1\">Cependant, le meilleur r\u00e9sultat a \u00e9t\u00e9 obtenu dans le groupe qui a pris du MSM en m\u00eame temps que de la glucosamine : Ici, la douleur, l&rsquo;inflammation et le gonflement des articulations ont \u00e9t\u00e9 r\u00e9duits de 79 %.<\/p>\n<p class=\"p1\">En cas de douleur intense, la quantit\u00e9 quotidienne peut \u00eatre augment\u00e9e \u00e0 2500 mg de MSM et 2500 mg de glucosamine. Divis\u00e9e en 2 doses le matin et le soir. Il est recommand\u00e9 d&rsquo;augmenter lentement !<\/p>\n<h3>Strophantine<\/h3>\n<p>https:\/\/youtu.be\/ltQqiBqlzA4<\/p>\n\t\t\t\t\t\t\t\t<\/div>\n\t\t\t\t<\/div>\n\t\t\t\t\t<\/div>\n\t\t<\/div>\n\t\t\t\t\t<\/div>\n\t\t<\/section>\n\t\t\t\t<\/div>\n\t\t","protected":false},"excerpt":{"rendered":"<p>Le borax est un merveilleux min\u00e9ral naturel aux propri\u00e9t\u00e9s fantastiques pour l&rsquo;arthrose et l&rsquo;arthrite, ainsi que contre les champignons de toutes sortes dans le corps. Il n&rsquo;a \u00e9t\u00e9 interdit pratiquement du jour au lendemain dans l&rsquo;UE qu&rsquo;en [&hellip;]<\/p>\n","protected":false},"author":1,"featured_media":0,"parent":0,"menu_order":0,"comment_status":"closed","ping_status":"closed","template":"","meta":{"_uag_custom_page_level_css":"","site-sidebar-layout":"no-sidebar","site-content-layout":"plain-container","ast-site-content-layout":"","site-content-style":"default","site-sidebar-style":"default","ast-global-header-display":"","ast-banner-title-visibility":"","ast-main-header-display":"","ast-hfb-above-header-display":"","ast-hfb-below-header-display":"","ast-hfb-mobile-header-display":"","site-post-title":"disabled","ast-breadcrumbs-content":"","ast-featured-img":"disabled","footer-sml-layout":"","theme-transparent-header-meta":"default","adv-header-id-meta":"","stick-header-meta":"","header-above-stick-meta":"","header-main-stick-meta":"","header-below-stick-meta":"","astra-migrate-meta-layouts":"default","ast-page-background-enabled":"default","ast-page-background-meta":{"desktop":{"background-color":"","background-image":"","background-repeat":"repeat","background-position":"center center","background-size":"auto","background-attachment":"scroll","background-type":"","background-media":"","overlay-type":"","overlay-color":"","overlay-opacity":"","overlay-gradient":""},"tablet":{"background-color":"","background-image":"","background-repeat":"repeat","background-position":"center center","background-size":"auto","background-attachment":"scroll","background-type":"","background-media":"","overlay-type":"","overlay-color":"","overlay-opacity":"","overlay-gradient":""},"mobile":{"background-color":"","background-image":"","background-repeat":"repeat","background-position":"center center","background-size":"auto","background-attachment":"scroll","background-type":"","background-media":"","overlay-type":"","overlay-color":"","overlay-opacity":"","overlay-gradient":""}},"ast-content-background-meta":{"desktop":{"background-color":"var(--ast-global-color-5)","background-image":"","background-repeat":"repeat","background-position":"center center","background-size":"auto","background-attachment":"scroll","background-type":"","background-media":"","overlay-type":"","overlay-color":"","overlay-opacity":"","overlay-gradient":""},"tablet":{"background-color":"var(--ast-global-color-5)","background-image":"","background-repeat":"repeat","background-position":"center center","background-size":"auto","background-attachment":"scroll","background-type":"","background-media":"","overlay-type":"","overlay-color":"","overlay-opacity":"","overlay-gradient":""},"mobile":{"background-color":"var(--ast-global-color-5)","background-image":"","background-repeat":"repeat","background-position":"center center","background-size":"auto","background-attachment":"scroll","background-type":"","background-media":"","overlay-type":"","overlay-color":"","overlay-opacity":"","overlay-gradient":""}},"footnotes":""},"class_list":["post-34988","page","type-page","status-publish","hentry"],"yoast_head":"<!-- This site is optimized with the Yoast SEO Premium plugin v27.2 (Yoast SEO v27.2) - https:\/\/yoast.com\/product\/yoast-seo-premium-wordpress\/ -->\n<title>ZZZ-Borax, MSM et curcuma - MMS Seminar | Chlordioxid (CDS\/CDL) nach Jim Humble &amp; A. Kalcker<\/title>\n<meta name=\"robots\" content=\"index, follow, max-snippet:-1, max-image-preview:large, max-video-preview:-1\" \/>\n<link rel=\"canonical\" href=\"https:\/\/mms-seminar.com\/fr\/zzz-borax-msm-et-curcuma\/\" \/>\n<meta property=\"og:locale\" content=\"fr_FR\" \/>\n<meta property=\"og:type\" content=\"article\" \/>\n<meta property=\"og:title\" content=\"ZZZ-Borax, MSM et curcuma\" \/>\n<meta property=\"og:description\" content=\"Le borax est un merveilleux min\u00e9ral naturel aux propri\u00e9t\u00e9s fantastiques pour l&rsquo;arthrose et l&rsquo;arthrite, ainsi que contre les champignons de toutes sortes dans le corps. Il n&rsquo;a \u00e9t\u00e9 interdit pratiquement du jour au lendemain dans l&rsquo;UE qu&rsquo;en [&hellip;]\" \/>\n<meta property=\"og:url\" content=\"https:\/\/mms-seminar.com\/fr\/zzz-borax-msm-et-curcuma\/\" \/>\n<meta property=\"og:site_name\" content=\"MMS Seminar | Chlordioxid (CDS\/CDL) nach Jim Humble &amp; A. Kalcker\" \/>\n<meta property=\"article:publisher\" content=\"https:\/\/www.facebook.com\/MMSseminare\" \/>\n<meta property=\"og:image\" content=\"https:\/\/mms-seminar.com\/wp-content\/uploads\/2013\/07\/Bildschirmfoto-2014-03-07-um-22.54.02.png\" \/>\n\t<meta property=\"og:image:width\" content=\"696\" \/>\n\t<meta property=\"og:image:height\" content=\"970\" \/>\n\t<meta property=\"og:image:type\" content=\"image\/png\" \/>\n<meta name=\"twitter:label1\" content=\"Dur\u00e9e de lecture estim\u00e9e\" \/>\n\t<meta name=\"twitter:data1\" content=\"1 minute\" \/>\n<script type=\"application\/ld+json\" class=\"yoast-schema-graph\">{\"@context\":\"https:\/\/schema.org\",\"@graph\":[{\"@type\":\"WebPage\",\"@id\":\"https:\/\/mms-seminar.com\/fr\/zzz-borax-msm-et-curcuma\/\",\"url\":\"https:\/\/mms-seminar.com\/fr\/zzz-borax-msm-et-curcuma\/\",\"name\":\"ZZZ-Borax, MSM et curcuma - MMS Seminar | Chlordioxid (CDS\/CDL) nach Jim Humble &amp; A. Kalcker\",\"isPartOf\":{\"@id\":\"https:\/\/mms-seminar.com\/fr\/#website\"},\"primaryImageOfPage\":{\"@id\":\"https:\/\/mms-seminar.com\/fr\/zzz-borax-msm-et-curcuma\/#primaryimage\"},\"image\":{\"@id\":\"https:\/\/mms-seminar.com\/fr\/zzz-borax-msm-et-curcuma\/#primaryimage\"},\"thumbnailUrl\":\"https:\/\/mms-seminar.com\/wp-content\/uploads\/2013\/07\/Bildschirmfoto-2014-03-07-um-22.54.02.png\",\"datePublished\":\"2020-12-30T10:35:25+00:00\",\"breadcrumb\":{\"@id\":\"https:\/\/mms-seminar.com\/fr\/zzz-borax-msm-et-curcuma\/#breadcrumb\"},\"inLanguage\":\"fr-FR\",\"potentialAction\":[{\"@type\":\"ReadAction\",\"target\":[\"https:\/\/mms-seminar.com\/fr\/zzz-borax-msm-et-curcuma\/\"]}]},{\"@type\":\"ImageObject\",\"inLanguage\":\"fr-FR\",\"@id\":\"https:\/\/mms-seminar.com\/fr\/zzz-borax-msm-et-curcuma\/#primaryimage\",\"url\":\"https:\/\/mms-seminar.com\/wp-content\/uploads\/2013\/07\/Bildschirmfoto-2014-03-07-um-22.54.02.png\",\"contentUrl\":\"https:\/\/mms-seminar.com\/wp-content\/uploads\/2013\/07\/Bildschirmfoto-2014-03-07-um-22.54.02.png\"},{\"@type\":\"BreadcrumbList\",\"@id\":\"https:\/\/mms-seminar.com\/fr\/zzz-borax-msm-et-curcuma\/#breadcrumb\",\"itemListElement\":[{\"@type\":\"ListItem\",\"position\":1,\"name\":\"Home\",\"item\":\"https:\/\/mms-seminar.com\/fr\/\"},{\"@type\":\"ListItem\",\"position\":2,\"name\":\"ZZZ-Borax, MSM et curcuma\"}]},{\"@type\":\"WebSite\",\"@id\":\"https:\/\/mms-seminar.com\/fr\/#website\",\"url\":\"https:\/\/mms-seminar.com\/fr\/\",\"name\":\"MMS Seminar | Chlordioxid (CDS\/CDL) nach Jim Humble & A. Kalcker\",\"description\":\"Dein Wissensportal zu MMS, CDS\/CDL &amp; Methylenblau nach Jim Humble und Andreas Kalcker.\",\"publisher\":{\"@id\":\"https:\/\/mms-seminar.com\/fr\/#organization\"},\"potentialAction\":[{\"@type\":\"SearchAction\",\"target\":{\"@type\":\"EntryPoint\",\"urlTemplate\":\"https:\/\/mms-seminar.com\/fr\/?s={search_term_string}\"},\"query-input\":{\"@type\":\"PropertyValueSpecification\",\"valueRequired\":true,\"valueName\":\"search_term_string\"}}],\"inLanguage\":\"fr-FR\"},{\"@type\":\"Organization\",\"@id\":\"https:\/\/mms-seminar.com\/fr\/#organization\",\"name\":\"MMS-Seminar\",\"url\":\"https:\/\/mms-seminar.com\/fr\/\",\"logo\":{\"@type\":\"ImageObject\",\"inLanguage\":\"fr-FR\",\"@id\":\"https:\/\/mms-seminar.com\/fr\/#\/schema\/logo\/image\/\",\"url\":\"https:\/\/mms-seminar.com\/wp-content\/uploads\/2017\/08\/cropped-mms-logo-weiss-560x80-2.png\",\"contentUrl\":\"https:\/\/mms-seminar.com\/wp-content\/uploads\/2017\/08\/cropped-mms-logo-weiss-560x80-2.png\",\"width\":446,\"height\":80,\"caption\":\"MMS-Seminar\"},\"image\":{\"@id\":\"https:\/\/mms-seminar.com\/fr\/#\/schema\/logo\/image\/\"},\"sameAs\":[\"https:\/\/www.facebook.com\/MMSseminare\"]}]}<\/script>\n<!-- \/ Yoast SEO Premium plugin. -->","yoast_head_json":{"title":"ZZZ-Borax, MSM et curcuma - MMS Seminar | Chlordioxid (CDS\/CDL) nach Jim Humble &amp; A. Kalcker","robots":{"index":"index","follow":"follow","max-snippet":"max-snippet:-1","max-image-preview":"max-image-preview:large","max-video-preview":"max-video-preview:-1"},"canonical":"https:\/\/mms-seminar.com\/fr\/zzz-borax-msm-et-curcuma\/","og_locale":"fr_FR","og_type":"article","og_title":"ZZZ-Borax, MSM et curcuma","og_description":"Le borax est un merveilleux min\u00e9ral naturel aux propri\u00e9t\u00e9s fantastiques pour l&rsquo;arthrose et l&rsquo;arthrite, ainsi que contre les champignons de toutes sortes dans le corps. Il n&rsquo;a \u00e9t\u00e9 interdit pratiquement du jour au lendemain dans l&rsquo;UE qu&rsquo;en [&hellip;]","og_url":"https:\/\/mms-seminar.com\/fr\/zzz-borax-msm-et-curcuma\/","og_site_name":"MMS Seminar | Chlordioxid (CDS\/CDL) nach Jim Humble &amp; A. Kalcker","article_publisher":"https:\/\/www.facebook.com\/MMSseminare","og_image":[{"width":696,"height":970,"url":"https:\/\/mms-seminar.com\/wp-content\/uploads\/2013\/07\/Bildschirmfoto-2014-03-07-um-22.54.02.png","type":"image\/png"}],"twitter_misc":{"Dur\u00e9e de lecture estim\u00e9e":"1 minute"},"schema":{"@context":"https:\/\/schema.org","@graph":[{"@type":"WebPage","@id":"https:\/\/mms-seminar.com\/fr\/zzz-borax-msm-et-curcuma\/","url":"https:\/\/mms-seminar.com\/fr\/zzz-borax-msm-et-curcuma\/","name":"ZZZ-Borax, MSM et curcuma - MMS Seminar | Chlordioxid (CDS\/CDL) nach Jim Humble &amp; A. Kalcker","isPartOf":{"@id":"https:\/\/mms-seminar.com\/fr\/#website"},"primaryImageOfPage":{"@id":"https:\/\/mms-seminar.com\/fr\/zzz-borax-msm-et-curcuma\/#primaryimage"},"image":{"@id":"https:\/\/mms-seminar.com\/fr\/zzz-borax-msm-et-curcuma\/#primaryimage"},"thumbnailUrl":"https:\/\/mms-seminar.com\/wp-content\/uploads\/2013\/07\/Bildschirmfoto-2014-03-07-um-22.54.02.png","datePublished":"2020-12-30T10:35:25+00:00","breadcrumb":{"@id":"https:\/\/mms-seminar.com\/fr\/zzz-borax-msm-et-curcuma\/#breadcrumb"},"inLanguage":"fr-FR","potentialAction":[{"@type":"ReadAction","target":["https:\/\/mms-seminar.com\/fr\/zzz-borax-msm-et-curcuma\/"]}]},{"@type":"ImageObject","inLanguage":"fr-FR","@id":"https:\/\/mms-seminar.com\/fr\/zzz-borax-msm-et-curcuma\/#primaryimage","url":"https:\/\/mms-seminar.com\/wp-content\/uploads\/2013\/07\/Bildschirmfoto-2014-03-07-um-22.54.02.png","contentUrl":"https:\/\/mms-seminar.com\/wp-content\/uploads\/2013\/07\/Bildschirmfoto-2014-03-07-um-22.54.02.png"},{"@type":"BreadcrumbList","@id":"https:\/\/mms-seminar.com\/fr\/zzz-borax-msm-et-curcuma\/#breadcrumb","itemListElement":[{"@type":"ListItem","position":1,"name":"Home","item":"https:\/\/mms-seminar.com\/fr\/"},{"@type":"ListItem","position":2,"name":"ZZZ-Borax, MSM et curcuma"}]},{"@type":"WebSite","@id":"https:\/\/mms-seminar.com\/fr\/#website","url":"https:\/\/mms-seminar.com\/fr\/","name":"MMS Seminar | Chlordioxid (CDS\/CDL) nach Jim Humble & A. Kalcker","description":"Dein Wissensportal zu MMS, CDS\/CDL &amp; Methylenblau nach Jim Humble und Andreas Kalcker.","publisher":{"@id":"https:\/\/mms-seminar.com\/fr\/#organization"},"potentialAction":[{"@type":"SearchAction","target":{"@type":"EntryPoint","urlTemplate":"https:\/\/mms-seminar.com\/fr\/?s={search_term_string}"},"query-input":{"@type":"PropertyValueSpecification","valueRequired":true,"valueName":"search_term_string"}}],"inLanguage":"fr-FR"},{"@type":"Organization","@id":"https:\/\/mms-seminar.com\/fr\/#organization","name":"MMS-Seminar","url":"https:\/\/mms-seminar.com\/fr\/","logo":{"@type":"ImageObject","inLanguage":"fr-FR","@id":"https:\/\/mms-seminar.com\/fr\/#\/schema\/logo\/image\/","url":"https:\/\/mms-seminar.com\/wp-content\/uploads\/2017\/08\/cropped-mms-logo-weiss-560x80-2.png","contentUrl":"https:\/\/mms-seminar.com\/wp-content\/uploads\/2017\/08\/cropped-mms-logo-weiss-560x80-2.png","width":446,"height":80,"caption":"MMS-Seminar"},"image":{"@id":"https:\/\/mms-seminar.com\/fr\/#\/schema\/logo\/image\/"},"sameAs":["https:\/\/www.facebook.com\/MMSseminare"]}]}},"uagb_featured_image_src":{"full":false,"thumbnail":false,"medium":false,"medium_large":false,"large":false,"1536x1536":false,"2048x2048":false},"uagb_author_info":{"display_name":"Teamer MMSler","author_link":"https:\/\/mms-seminar.com\/fr\/author\/mms-dreamteam2016-2-2-2-2-2-2\/"},"uagb_comment_info":0,"uagb_excerpt":"Le borax est un merveilleux min\u00e9ral naturel aux propri\u00e9t\u00e9s fantastiques pour l&rsquo;arthrose et l&rsquo;arthrite, ainsi que contre les champignons de toutes sortes dans le corps. Il n&rsquo;a \u00e9t\u00e9 interdit pratiquement du jour au lendemain dans l&rsquo;UE qu&rsquo;en [&hellip;]","_links":{"self":[{"href":"https:\/\/mms-seminar.com\/fr\/wp-json\/wp\/v2\/pages\/34988","targetHints":{"allow":["GET"]}}],"collection":[{"href":"https:\/\/mms-seminar.com\/fr\/wp-json\/wp\/v2\/pages"}],"about":[{"href":"https:\/\/mms-seminar.com\/fr\/wp-json\/wp\/v2\/types\/page"}],"author":[{"embeddable":true,"href":"https:\/\/mms-seminar.com\/fr\/wp-json\/wp\/v2\/users\/1"}],"replies":[{"embeddable":true,"href":"https:\/\/mms-seminar.com\/fr\/wp-json\/wp\/v2\/comments?post=34988"}],"version-history":[{"count":0,"href":"https:\/\/mms-seminar.com\/fr\/wp-json\/wp\/v2\/pages\/34988\/revisions"}],"wp:attachment":[{"href":"https:\/\/mms-seminar.com\/fr\/wp-json\/wp\/v2\/media?parent=34988"}],"curies":[{"name":"wp","href":"https:\/\/api.w.org\/{rel}","templated":true}]}}