{"id":33786,"date":"2020-12-29T18:02:09","date_gmt":"2020-12-29T17:02:09","guid":{"rendered":"https:\/\/mms-seminar.com\/suscribete-al-boletin-de-noticias\/"},"modified":"2021-05-04T21:26:28","modified_gmt":"2021-05-04T19:26:28","slug":"suscribete-al-boletin-de-noticias","status":"publish","type":"page","link":"https:\/\/mms-seminar.com\/es\/suscribete-al-boletin-de-noticias\/","title":{"rendered":"Suscr\u00edbete al bolet\u00edn de noticias"},"content":{"rendered":"\t\t<div data-elementor-type=\"wp-page\" data-elementor-id=\"33786\" class=\"elementor elementor-33786 elementor-26642\" data-elementor-post-type=\"page\">\n\t\t\t\t\t\t<section class=\"elementor-section elementor-top-section elementor-element elementor-element-46d5b6c1 elementor-section-boxed elementor-section-height-default elementor-section-height-default\" data-id=\"46d5b6c1\" data-element_type=\"section\" data-e-type=\"section\">\n\t\t\t\t\t\t<div class=\"elementor-container elementor-column-gap-default\">\n\t\t\t\t\t<div class=\"elementor-column elementor-col-100 elementor-top-column elementor-element elementor-element-67eced9c\" data-id=\"67eced9c\" data-element_type=\"column\" data-e-type=\"column\">\n\t\t\t<div class=\"elementor-widget-wrap elementor-element-populated\">\n\t\t\t\t\t\t<div class=\"elementor-element elementor-element-1d9a55d9 elementor-widget elementor-widget-text-editor\" data-id=\"1d9a55d9\" data-element_type=\"widget\" data-e-type=\"widget\" data-widget_type=\"text-editor.default\">\n\t\t\t\t<div class=\"elementor-widget-container\">\n\t\t\t\t\t\t\t\t\t<p><span style=\"font-size: 30px; text-transform: inherit;\">IMPORTANTE: \u00a1Suscr\u00edbete al bolet\u00edn de MMS!<\/span><\/p>\n<p><strong>Jim Humble&#8217;s<\/strong>&nbsp;primer libro electr\u00f3nico, \u00abThe Breakthrough\u00bb, populariz\u00f3 el MMS en todo el mundo. Desafortunadamente, todav\u00eda persigue al mundo durante los \u00faltimos 10 a\u00f1os. Contiene f\u00f3rmulas anticuadas, con el antiguo activador de \u00e1cido c\u00edtrico y protocolos de aplicaci\u00f3n que no son digeribles para todos. Mientras tanto, el&nbsp;<strong>Eficacia<\/strong>,&nbsp;<strong>compatibilidad<\/strong>&nbsp;y&nbsp;<strong>digestibilidad<\/strong>&nbsp;de MMS mejor\u00f3 significativamente. Cada d\u00eda se a\u00f1aden muchas nuevas \u00e1reas de aplicaci\u00f3n.<\/p>\n<h5><strong>Por su seguridad: &nbsp; &nbsp; \u00a1Inscr\u00edbase en el bolet\u00edn de MMS!<\/strong><\/h5>\n<p>S\u00f3lo de esta manera se beneficiar\u00e1 inmediatamente de todas las nuevas ideas, correcciones de errores, todas las mejoras y nuevos m\u00e9todos.<\/p>\n\t\t\t\t\t\t\t\t<\/div>\n\t\t\t\t<\/div>\n\t\t\t\t\t<\/div>\n\t\t<\/div>\n\t\t\t\t\t<\/div>\n\t\t<\/section>\n\t\t\t\t<section class=\"elementor-section elementor-top-section elementor-element elementor-element-f7db14a elementor-section-boxed elementor-section-height-default elementor-section-height-default\" data-id=\"f7db14a\" data-element_type=\"section\" data-e-type=\"section\">\n\t\t\t\t\t\t<div class=\"elementor-container elementor-column-gap-default\">\n\t\t\t\t\t<div class=\"elementor-column elementor-col-100 elementor-top-column elementor-element elementor-element-3688e25\" data-id=\"3688e25\" data-element_type=\"column\" data-e-type=\"column\">\n\t\t\t<div class=\"elementor-widget-wrap elementor-element-populated\">\n\t\t\t\t\t\t<div class=\"elementor-element elementor-element-851c281 elementor-widget elementor-widget-html\" data-id=\"851c281\" data-element_type=\"widget\" data-e-type=\"widget\" data-widget_type=\"html.default\">\n\t\t\t\t<div class=\"elementor-widget-container\">\n\t\t\t\t\t<script>\r\nfunction loadjQuery(e,t){var n=document.createElement(\"script\");n.setAttribute(\"src\",e);n.onload=t;n.onreadystatechange=function(){if(this.readyState==\"complete\"||this.readyState==\"loaded\")t()};document.getElementsByTagName(\"head\")[0].appendChild(n)}function main(){\r\nvar $cr=jQuery.noConflict();var old_src;$cr(document).ready(function(){$cr(\".cr_form\").submit(function(){$cr(this).find('.clever_form_error').removeClass('clever_form_error');$cr(this).find('.clever_form_note').remove();$cr(this).find(\".musthave\").find('input, textarea').each(function(){if(jQuery.trim($cr(this).val())==\"\"||($cr(this).is(':checkbox'))||($cr(this).is(':radio'))){if($cr(this).is(':checkbox')||($cr(this).is(':radio'))){if(!$cr(this).parents(\".cr_ipe_item\").find(\":checked\").is(\":checked\")){$cr(this).parents(\".cr_ipe_item\").addClass('clever_form_error')}}else{$cr(this).addClass('clever_form_error')}}});if($cr(this).attr(\"action\").search(document.domain)>0&&$cr(\".cr_form\").attr(\"action\").search(\"wcs\")>0){var cr_email=$cr(this).find('input[name=email]');var unsub=false;if($cr(\"input['name=cr_subunsubscribe'][value='false']\").length){if($cr(\"input['name=cr_subunsubscribe'][value='false']\").is(\":checked\")){unsub=true}}if(cr_email.val()&&!unsub){$cr.ajax({type:\"GET\",url:$cr(\".cr_form\").attr(\"action\").replace(\"wcs\",\"check_email\")+$cr(this).find('input[name=email]').val(),success:function(data){if(data){cr_email.addClass('clever_form_error').before(\"<div class='clever_form_note cr_font'>\"+data+\"<\/div>\");return false}},async:false})}var cr_captcha=$cr(this).find('input[name=captcha]');if(cr_captcha.val()){$cr.ajax({type:\"GET\",url:$cr(\".cr_form\").attr(\"action\").replace(\"wcs\",\"check_captcha\")+$cr(this).find('input[name=captcha]').val(),success:function(data){if(data){cr_captcha.addClass('clever_form_error').after(\"<div style='display:block' class='clever_form_note cr_font'>\"+data+\"<\/div>\");return false}},async:false})}}if($cr(this).find('.clever_form_error').length){return false}return true});$cr('input[class*=\"cr_number\"]').change(function(){if(isNaN($cr(this).val())){$cr(this).val(1)}if($cr(this).attr(\"min\")){if(($cr(this).val()*1)<($cr(this).attr(\"min\")*1)){$cr(this).val($cr(this).attr(\"min\"))}}if($cr(this).attr(\"max\")){if(($cr(this).val()*1)>($cr(this).attr(\"max\")*1)){$cr(this).val($cr(this).attr(\"max\"))}}});old_src=$cr(\"div[rel='captcha'] img:not(.captcha2_reload)\").attr(\"src\");if($cr(\"div[rel='captcha'] img:not(.captcha2_reload)\").length!=0){captcha_reload()}});function captcha_reload(){var timestamp=new Date().getTime();$cr(\"div[rel='captcha'] img:not(.captcha2_reload)\").attr(\"src\",\"\");$cr(\"div[rel='captcha'] img:not(.captcha2_reload)\").attr(\"src\",old_src+\"?t=\"+timestamp);return false}\r\n\r\n}\r\nif(typeof jQuery===\"undefined\"){loadjQuery(\"\/\/ajax.googleapis.com\/ajax\/libs\/jquery\/1.4.2\/jquery.min.js\",main)}else{main()}\r\n\r\n<\/script>\r\n\r\n\r\n<style>\r\n.cr_site{margin:0;padding:75px 0 0 0;text-align:center;background-color:#eeeeee;}\r\n.cr_font{font-size: 14px;font-family: Arial;}\r\n.cr_body h2, .cr_header h2{font-size:22px;line-height:28px;margin:0 0 10px 0;}\r\n.cr_body h1, .cr_header h2{font-size:28px;margin-bottom:15px;padding:0;margin-top:0;}\r\n.wrapper, .cr_page{margin:0 auto 10px auto;text-align:left;border-radius:4px;}\r\n.cr_header{text-align:center;background: transparent !Important;}\r\n.cr_body label{float:none;clear:both;display:block;width:auto;margin-top:8px;text-align:left;font-weight:bold;position:relative;}\r\n.cr_button{display:inline-block;font-family:'Helvetica', Arial, sans-serif;width:auto;white-space:nowrap;height:32px;margin:5px 5px 0 0;padding:0 22px;text-decoration:none;text-align:center;font-weight:bold;font-style:normal;font-size:15px;line-height:32px;cursor:pointer;border:0;-moz-border-radius:4px;border-radius:4px;-webkit-border-radius:4px;vertical-align:top;}\r\n.cr_button{background-color:#333;color:#ffffff;}\r\n.cr_button:hover,.cr_button-small:hover{opacity:0.7;filter:alpha(opacity=70);}\r\n.powered{padding:20px 0;width:560px;margin:0 auto;}\r\n.formbox{line-height:150%;font-family:Helvetica;font-size:12px;color:#333333;padding:20px;background-color:#ffffff;border-radius: 6px 6px 6px 6px;}\r\n.cr_ipe_item label{line-height:150%;font-size:14px;}\r\n.cr_ipe_item textarea {background: none repeat scroll 0 0 #eeeeee;border: 1px solid #aaa;font-family: Helvetica;font-size: 16px;}\r\n.cr_ipe_item input {background: none repeat scroll 0 0 #eeeeee;border: 1px solid #aaa;padding: 5px;font-family: Helvetica;font-size: 16px;}\r\n.cr_ipe_item select {background: none repeat scroll 0 0 #eeeeee;border: 1px solid #aaa;display: block;margin: 0;padding: 5px;width: 100%;font-family: Helvetica;font-size: 16px;}\r\n.cr_ipe_item input.cr_ipe_radio, input.cr_ipe_checkbox {-moz-binding: none;-moz-box-sizing: border-box;background-color: -moz-field !important;border: 2px inset threedface !important;color: -moz-fieldtext !important;cursor: default;height: 13px;padding: 0 !important;width: 13px;}\r\n.cr_ipe_item input.cr_ipe_radio{-moz-appearance: radio;border-radius: 100% 100% 100% 100% !important;margin: 3px 3px 0 5px;}\r\n.submit_container{text-align:center}\r\n.cr_ipe_item{ padding:1px 10px; margin:1px 10px; }\r\n.cr_ipe_item.inactive {display:none;}\r\n.imprint{font-size:0.8em;}\r\n.cr_captcha{padding-left:130px;}\r\n.cr_error{font-size:1.1em;padding:10px;}\r\n.clever_form_error{background-color:#f99; color:#000; border:1px solid #f22 !important}\r\n.clever_form_note {margin:26px 0 0 3px;position:absolute;display:inline; padding: 2px 4px; font-weight:bold;background-color:#f2ecb5; color:#000; font-size:12px !important;  }\r\n.cr_site {background-color:#eee;}\r\n.cr_header {color:#000000;}\r\n.cr_body {background-color:#ffffff;font-size:12px;color:#000000;}\r\n.cr_hr {background-color:#ccc;}\r\n.cr_site a {color:#0084ff;}\r\n.imprint{color:#000;}\r\n\r\n<\/style>\r\n\r\n\r\n<style id=\"style\">\r\n.cr_site {background-color:#eee;}\r\n.cr_header {color:#000000;}\r\n.cr_body {background-color:#ffffff;font-size:12px;color:#000000;}\r\n.cr_hr {background-color:#ccc;}\r\n.cr_site a {color:#0084ff;}\r\n.imprint {color:#000;}\r\n.cr_page {width:640px;max-width:auto;}\r\n\r\n<\/style>\r\n\r\n\r\n\r\n<form class=\"layout_form cr_form cr_font\" action=\"https:\/\/eu2.cleverreach.com\/f\/284641-293337\/wcs\/\" method=\"post\" target=\"_blank\">\r\n\t<div class=\"cr_body cr_page cr_font formbox\">\r\n\t\t<div class=\"non_sortable\" style=\"text-align:left;\">\r\n\t\t\t\r\n\t\t<\/div>\r\n\t\t\r\n\t\t<div class=\"editable_content\" style=\"text-align:left;\">\r\n\t\t<div id=\"6471113\" rel=\"mce_text\" class=\"cr_ipe_item ui-sortable\">\r\n<div class=\"mce_text\"><p>\u00a1Mant\u00e9ngase siempre al d\u00eda! Le informaremos peri\u00f3dicamente sobre todas las novedades e informes de experiencias con <b>MMS\/Di\u00f3xido de cloro <\/b>seg\u00fan <b>Jim Humble<\/b> y <b>CDS\/CDL\/CDSplus<\/b> seg\u00fan <b>Andreas Kalcker<\/b> y m\u00e1s.<\/p><\/div>\r\n<\/div><div id=\"6470633\" rel=\"recaptcha\" class=\"cr_ipe_item ui-sortable musthave\">\r\n\t\r\n\r\n\t\r\n\r\n\t<script src=\"https:\/\/www.google.com\/recaptcha\/api.js\" async defer><\/script>\r\n\t<br\/>\r\n\t<div id=\"recaptcha_v2_widget\" class=\"g-recaptcha\" data-theme=\"light\" data-size=\"normal\" data-sitekey=\"6Lfhcd0SAAAAAOBEHmAVEHJeRnrH8T7wPvvNzEPD\"  ><\/div>\r\n\t<br\/>\r\n\r\n\t\r\n<\/div><div id=\"6470655\" rel=\"email\" class=\"cr_ipe_item ui-sortable musthave\" style=\"margin-bottom:px;\">\r\n<label for=\"text6470655\" class=\"itemname\">Email*<\/label> <input id=\"text6470655\" name=\"email\" value=\"\" type=\"text\" style=\"width:100%;\" \/>\r\n<\/div><div id=\"6470657\" rel=\"button\" class=\"cr_ipe_item ui-sortable submit_container\" style=\"text-align:center; margin-bottom:px;\">\r\n<button type=\"submit\" class=\"cr_button\">Registrarse<\/button>\r\n<\/div>\r\n        <\/div>\r\n        \r\n\t<noscript><a href=\"http:\/\/www.cleverreach.de\">www.CleverReach.de<\/a><\/noscript>\r\n    <\/div>\r\n\r\n    \r\n<\/form>\t\t\t\t<\/div>\n\t\t\t\t<\/div>\n\t\t\t\t\t<\/div>\n\t\t<\/div>\n\t\t\t\t\t<\/div>\n\t\t<\/section>\n\t\t\t\t<section class=\"elementor-section elementor-top-section elementor-element elementor-element-d5c2e35 elementor-section-boxed elementor-section-height-default elementor-section-height-default\" data-id=\"d5c2e35\" data-element_type=\"section\" data-e-type=\"section\">\n\t\t\t\t\t\t<div class=\"elementor-container elementor-column-gap-default\">\n\t\t\t\t\t<div class=\"elementor-column elementor-col-100 elementor-top-column elementor-element elementor-element-4f4c051\" data-id=\"4f4c051\" data-element_type=\"column\" data-e-type=\"column\">\n\t\t\t<div class=\"elementor-widget-wrap elementor-element-populated\">\n\t\t\t\t\t\t<div class=\"elementor-element elementor-element-243bcd7 elementor-widget elementor-widget-text-editor\" data-id=\"243bcd7\" data-element_type=\"widget\" data-e-type=\"widget\" data-widget_type=\"text-editor.default\">\n\t\t\t\t<div class=\"elementor-widget-container\">\n\t\t\t\t\t\t\t\t\t<p>Bolet\u00edn de noticias en alem\u00e1n para los idiomas: Alem\u00e1n y holand\u00e9s<\/p>\n<p>Bolet\u00edn de noticias en ingl\u00e9s para los idiomas: Ingl\u00e9s, franc\u00e9s, italiano y turco<\/p>\n<p>Bolet\u00edn de noticias en espa\u00f1ol para el idioma: espa\u00f1ol<\/p>\n\t\t\t\t\t\t\t\t<\/div>\n\t\t\t\t<\/div>\n\t\t\t\t\t<\/div>\n\t\t<\/div>\n\t\t\t\t\t<\/div>\n\t\t<\/section>\n\t\t\t\t<\/div>\n\t\t","protected":false},"excerpt":{"rendered":"<p>IMPORTANTE: \u00a1Suscr\u00edbete al bolet\u00edn de MMS! Jim Humble&#8217;s&nbsp;primer libro electr\u00f3nico, \u00abThe Breakthrough\u00bb, populariz\u00f3 el MMS en todo el mundo. Desafortunadamente, todav\u00eda persigue al mundo durante los \u00faltimos 10 a\u00f1os. Contiene f\u00f3rmulas anticuadas, con el antiguo activador de [&hellip;]<\/p>\n","protected":false},"author":1,"featured_media":0,"parent":0,"menu_order":0,"comment_status":"closed","ping_status":"closed","template":"","meta":{"_uag_custom_page_level_css":"","site-sidebar-layout":"no-sidebar","site-content-layout":"plain-container","ast-site-content-layout":"","site-content-style":"default","site-sidebar-style":"default","ast-global-header-display":"","ast-banner-title-visibility":"","ast-main-header-display":"","ast-hfb-above-header-display":"","ast-hfb-below-header-display":"","ast-hfb-mobile-header-display":"","site-post-title":"disabled","ast-breadcrumbs-content":"","ast-featured-img":"disabled","footer-sml-layout":"","theme-transparent-header-meta":"","adv-header-id-meta":"","stick-header-meta":"","header-above-stick-meta":"","header-main-stick-meta":"","header-below-stick-meta":"","astra-migrate-meta-layouts":"default","ast-page-background-enabled":"default","ast-page-background-meta":{"desktop":{"background-color":"","background-image":"","background-repeat":"repeat","background-position":"center center","background-size":"auto","background-attachment":"scroll","background-type":"","background-media":"","overlay-type":"","overlay-color":"","overlay-opacity":"","overlay-gradient":""},"tablet":{"background-color":"","background-image":"","background-repeat":"repeat","background-position":"center center","background-size":"auto","background-attachment":"scroll","background-type":"","background-media":"","overlay-type":"","overlay-color":"","overlay-opacity":"","overlay-gradient":""},"mobile":{"background-color":"","background-image":"","background-repeat":"repeat","background-position":"center center","background-size":"auto","background-attachment":"scroll","background-type":"","background-media":"","overlay-type":"","overlay-color":"","overlay-opacity":"","overlay-gradient":""}},"ast-content-background-meta":{"desktop":{"background-color":"var(--ast-global-color-5)","background-image":"","background-repeat":"repeat","background-position":"center center","background-size":"auto","background-attachment":"scroll","background-type":"","background-media":"","overlay-type":"","overlay-color":"","overlay-opacity":"","overlay-gradient":""},"tablet":{"background-color":"var(--ast-global-color-5)","background-image":"","background-repeat":"repeat","background-position":"center center","background-size":"auto","background-attachment":"scroll","background-type":"","background-media":"","overlay-type":"","overlay-color":"","overlay-opacity":"","overlay-gradient":""},"mobile":{"background-color":"var(--ast-global-color-5)","background-image":"","background-repeat":"repeat","background-position":"center center","background-size":"auto","background-attachment":"scroll","background-type":"","background-media":"","overlay-type":"","overlay-color":"","overlay-opacity":"","overlay-gradient":""}},"footnotes":""},"class_list":["post-33786","page","type-page","status-publish","hentry"],"yoast_head":"<!-- This site is optimized with the Yoast SEO Premium plugin v27.2 (Yoast SEO v27.2) - https:\/\/yoast.com\/product\/yoast-seo-premium-wordpress\/ -->\n<title>Suscr\u00edbete al bolet\u00edn de noticias - MMS Seminar | Chlordioxid (CDS\/CDL) nach Jim Humble &amp; A. Kalcker<\/title>\n<meta name=\"robots\" content=\"index, follow, max-snippet:-1, max-image-preview:large, max-video-preview:-1\" \/>\n<link rel=\"canonical\" href=\"https:\/\/mms-seminar.com\/es\/suscribete-al-boletin-de-noticias\/\" \/>\n<meta property=\"og:locale\" content=\"es_ES\" \/>\n<meta property=\"og:type\" content=\"article\" \/>\n<meta property=\"og:title\" content=\"Suscr\u00edbete al bolet\u00edn de noticias\" \/>\n<meta property=\"og:description\" content=\"IMPORTANTE: \u00a1Suscr\u00edbete al bolet\u00edn de MMS! Jim Humble&#8217;s&nbsp;primer libro electr\u00f3nico, \u00abThe Breakthrough\u00bb, populariz\u00f3 el MMS en todo el mundo. Desafortunadamente, todav\u00eda persigue al mundo durante los \u00faltimos 10 a\u00f1os. Contiene f\u00f3rmulas anticuadas, con el antiguo activador de [&hellip;]\" \/>\n<meta property=\"og:url\" content=\"https:\/\/mms-seminar.com\/es\/suscribete-al-boletin-de-noticias\/\" \/>\n<meta property=\"og:site_name\" content=\"MMS Seminar | Chlordioxid (CDS\/CDL) nach Jim Humble &amp; A. Kalcker\" \/>\n<meta property=\"article:publisher\" content=\"https:\/\/www.facebook.com\/MMSseminare\" \/>\n<meta property=\"article:modified_time\" content=\"2021-05-04T19:26:28+00:00\" \/>\n<meta property=\"og:image\" content=\"https:\/\/mms-seminar.com\/wp-content\/uploads\/2020\/06\/social-mms-plattform.jpg\" \/>\n\t<meta property=\"og:image:width\" content=\"1200\" \/>\n\t<meta property=\"og:image:height\" content=\"630\" \/>\n\t<meta property=\"og:image:type\" content=\"image\/jpeg\" \/>\n<meta name=\"twitter:label1\" content=\"Tiempo de lectura\" \/>\n\t<meta name=\"twitter:data1\" content=\"1 minuto\" \/>\n<script type=\"application\/ld+json\" class=\"yoast-schema-graph\">{\"@context\":\"https:\/\/schema.org\",\"@graph\":[{\"@type\":\"WebPage\",\"@id\":\"https:\/\/mms-seminar.com\/es\/suscribete-al-boletin-de-noticias\/\",\"url\":\"https:\/\/mms-seminar.com\/es\/suscribete-al-boletin-de-noticias\/\",\"name\":\"Suscr\u00edbete al bolet\u00edn de noticias - MMS Seminar | Chlordioxid (CDS\/CDL) nach Jim Humble &amp; A. Kalcker\",\"isPartOf\":{\"@id\":\"https:\/\/mms-seminar.com\/es\/#website\"},\"datePublished\":\"2020-12-29T17:02:09+00:00\",\"dateModified\":\"2021-05-04T19:26:28+00:00\",\"breadcrumb\":{\"@id\":\"https:\/\/mms-seminar.com\/es\/suscribete-al-boletin-de-noticias\/#breadcrumb\"},\"inLanguage\":\"es\",\"potentialAction\":[{\"@type\":\"ReadAction\",\"target\":[\"https:\/\/mms-seminar.com\/es\/suscribete-al-boletin-de-noticias\/\"]}]},{\"@type\":\"BreadcrumbList\",\"@id\":\"https:\/\/mms-seminar.com\/es\/suscribete-al-boletin-de-noticias\/#breadcrumb\",\"itemListElement\":[{\"@type\":\"ListItem\",\"position\":1,\"name\":\"Home\",\"item\":\"https:\/\/mms-seminar.com\/es\/\"},{\"@type\":\"ListItem\",\"position\":2,\"name\":\"Suscr\u00edbete al bolet\u00edn de noticias\"}]},{\"@type\":\"WebSite\",\"@id\":\"https:\/\/mms-seminar.com\/es\/#website\",\"url\":\"https:\/\/mms-seminar.com\/es\/\",\"name\":\"MMS Seminar | Chlordioxid (CDS\/CDL) nach Jim Humble & A. Kalcker\",\"description\":\"Dein Wissensportal zu MMS, CDS\/CDL &amp; Methylenblau nach Jim Humble und Andreas Kalcker.\",\"publisher\":{\"@id\":\"https:\/\/mms-seminar.com\/es\/#organization\"},\"potentialAction\":[{\"@type\":\"SearchAction\",\"target\":{\"@type\":\"EntryPoint\",\"urlTemplate\":\"https:\/\/mms-seminar.com\/es\/?s={search_term_string}\"},\"query-input\":{\"@type\":\"PropertyValueSpecification\",\"valueRequired\":true,\"valueName\":\"search_term_string\"}}],\"inLanguage\":\"es\"},{\"@type\":\"Organization\",\"@id\":\"https:\/\/mms-seminar.com\/es\/#organization\",\"name\":\"MMS-Seminar\",\"url\":\"https:\/\/mms-seminar.com\/es\/\",\"logo\":{\"@type\":\"ImageObject\",\"inLanguage\":\"es\",\"@id\":\"https:\/\/mms-seminar.com\/es\/#\/schema\/logo\/image\/\",\"url\":\"https:\/\/mms-seminar.com\/wp-content\/uploads\/2017\/08\/cropped-mms-logo-weiss-560x80-2.png\",\"contentUrl\":\"https:\/\/mms-seminar.com\/wp-content\/uploads\/2017\/08\/cropped-mms-logo-weiss-560x80-2.png\",\"width\":446,\"height\":80,\"caption\":\"MMS-Seminar\"},\"image\":{\"@id\":\"https:\/\/mms-seminar.com\/es\/#\/schema\/logo\/image\/\"},\"sameAs\":[\"https:\/\/www.facebook.com\/MMSseminare\"]}]}<\/script>\n<!-- \/ Yoast SEO Premium plugin. -->","yoast_head_json":{"title":"Suscr\u00edbete al bolet\u00edn de noticias - MMS Seminar | Chlordioxid (CDS\/CDL) nach Jim Humble &amp; A. Kalcker","robots":{"index":"index","follow":"follow","max-snippet":"max-snippet:-1","max-image-preview":"max-image-preview:large","max-video-preview":"max-video-preview:-1"},"canonical":"https:\/\/mms-seminar.com\/es\/suscribete-al-boletin-de-noticias\/","og_locale":"es_ES","og_type":"article","og_title":"Suscr\u00edbete al bolet\u00edn de noticias","og_description":"IMPORTANTE: \u00a1Suscr\u00edbete al bolet\u00edn de MMS! Jim Humble&#8217;s&nbsp;primer libro electr\u00f3nico, \u00abThe Breakthrough\u00bb, populariz\u00f3 el MMS en todo el mundo. Desafortunadamente, todav\u00eda persigue al mundo durante los \u00faltimos 10 a\u00f1os. Contiene f\u00f3rmulas anticuadas, con el antiguo activador de [&hellip;]","og_url":"https:\/\/mms-seminar.com\/es\/suscribete-al-boletin-de-noticias\/","og_site_name":"MMS Seminar | Chlordioxid (CDS\/CDL) nach Jim Humble &amp; A. Kalcker","article_publisher":"https:\/\/www.facebook.com\/MMSseminare","article_modified_time":"2021-05-04T19:26:28+00:00","og_image":[{"width":1200,"height":630,"url":"https:\/\/mms-seminar.com\/wp-content\/uploads\/2020\/06\/social-mms-plattform.jpg","type":"image\/jpeg"}],"twitter_misc":{"Tiempo de lectura":"1 minuto"},"schema":{"@context":"https:\/\/schema.org","@graph":[{"@type":"WebPage","@id":"https:\/\/mms-seminar.com\/es\/suscribete-al-boletin-de-noticias\/","url":"https:\/\/mms-seminar.com\/es\/suscribete-al-boletin-de-noticias\/","name":"Suscr\u00edbete al bolet\u00edn de noticias - MMS Seminar | Chlordioxid (CDS\/CDL) nach Jim Humble &amp; A. Kalcker","isPartOf":{"@id":"https:\/\/mms-seminar.com\/es\/#website"},"datePublished":"2020-12-29T17:02:09+00:00","dateModified":"2021-05-04T19:26:28+00:00","breadcrumb":{"@id":"https:\/\/mms-seminar.com\/es\/suscribete-al-boletin-de-noticias\/#breadcrumb"},"inLanguage":"es","potentialAction":[{"@type":"ReadAction","target":["https:\/\/mms-seminar.com\/es\/suscribete-al-boletin-de-noticias\/"]}]},{"@type":"BreadcrumbList","@id":"https:\/\/mms-seminar.com\/es\/suscribete-al-boletin-de-noticias\/#breadcrumb","itemListElement":[{"@type":"ListItem","position":1,"name":"Home","item":"https:\/\/mms-seminar.com\/es\/"},{"@type":"ListItem","position":2,"name":"Suscr\u00edbete al bolet\u00edn de noticias"}]},{"@type":"WebSite","@id":"https:\/\/mms-seminar.com\/es\/#website","url":"https:\/\/mms-seminar.com\/es\/","name":"MMS Seminar | Chlordioxid (CDS\/CDL) nach Jim Humble & A. Kalcker","description":"Dein Wissensportal zu MMS, CDS\/CDL &amp; Methylenblau nach Jim Humble und Andreas Kalcker.","publisher":{"@id":"https:\/\/mms-seminar.com\/es\/#organization"},"potentialAction":[{"@type":"SearchAction","target":{"@type":"EntryPoint","urlTemplate":"https:\/\/mms-seminar.com\/es\/?s={search_term_string}"},"query-input":{"@type":"PropertyValueSpecification","valueRequired":true,"valueName":"search_term_string"}}],"inLanguage":"es"},{"@type":"Organization","@id":"https:\/\/mms-seminar.com\/es\/#organization","name":"MMS-Seminar","url":"https:\/\/mms-seminar.com\/es\/","logo":{"@type":"ImageObject","inLanguage":"es","@id":"https:\/\/mms-seminar.com\/es\/#\/schema\/logo\/image\/","url":"https:\/\/mms-seminar.com\/wp-content\/uploads\/2017\/08\/cropped-mms-logo-weiss-560x80-2.png","contentUrl":"https:\/\/mms-seminar.com\/wp-content\/uploads\/2017\/08\/cropped-mms-logo-weiss-560x80-2.png","width":446,"height":80,"caption":"MMS-Seminar"},"image":{"@id":"https:\/\/mms-seminar.com\/es\/#\/schema\/logo\/image\/"},"sameAs":["https:\/\/www.facebook.com\/MMSseminare"]}]}},"uagb_featured_image_src":{"full":false,"thumbnail":false,"medium":false,"medium_large":false,"large":false,"1536x1536":false,"2048x2048":false},"uagb_author_info":{"display_name":"Teamer MMSler","author_link":"https:\/\/mms-seminar.com\/es\/author\/mms-dreamteam2016-2-2-2-2-2-2\/"},"uagb_comment_info":0,"uagb_excerpt":"IMPORTANTE: \u00a1Suscr\u00edbete al bolet\u00edn de MMS! Jim Humble&#8217;s&nbsp;primer libro electr\u00f3nico, \u00abThe Breakthrough\u00bb, populariz\u00f3 el MMS en todo el mundo. Desafortunadamente, todav\u00eda persigue al mundo durante los \u00faltimos 10 a\u00f1os. Contiene f\u00f3rmulas anticuadas, con el antiguo activador de [&hellip;]","_links":{"self":[{"href":"https:\/\/mms-seminar.com\/es\/wp-json\/wp\/v2\/pages\/33786","targetHints":{"allow":["GET"]}}],"collection":[{"href":"https:\/\/mms-seminar.com\/es\/wp-json\/wp\/v2\/pages"}],"about":[{"href":"https:\/\/mms-seminar.com\/es\/wp-json\/wp\/v2\/types\/page"}],"author":[{"embeddable":true,"href":"https:\/\/mms-seminar.com\/es\/wp-json\/wp\/v2\/users\/1"}],"replies":[{"embeddable":true,"href":"https:\/\/mms-seminar.com\/es\/wp-json\/wp\/v2\/comments?post=33786"}],"version-history":[{"count":0,"href":"https:\/\/mms-seminar.com\/es\/wp-json\/wp\/v2\/pages\/33786\/revisions"}],"wp:attachment":[{"href":"https:\/\/mms-seminar.com\/es\/wp-json\/wp\/v2\/media?parent=33786"}],"curies":[{"name":"wp","href":"https:\/\/api.w.org\/{rel}","templated":true}]}}