{"id":33576,"date":"2020-12-29T18:01:40","date_gmt":"2020-12-29T17:01:40","guid":{"rendered":"https:\/\/mms-seminar.com\/aviso-de-registro-en-el-boletin-de-noticias\/"},"modified":"2023-02-27T11:59:57","modified_gmt":"2023-02-27T10:59:57","slug":"aviso-de-registro-en-el-boletin-de-noticias","status":"publish","type":"page","link":"https:\/\/mms-seminar.com\/es\/aviso-de-registro-en-el-boletin-de-noticias\/","title":{"rendered":"Aviso de registro en el bolet\u00edn de noticias"},"content":{"rendered":"\t\t<div data-elementor-type=\"wp-page\" data-elementor-id=\"33576\" class=\"elementor elementor-33576 elementor-26766\" data-elementor-post-type=\"page\">\n\t\t\t\t\t\t<section class=\"elementor-section elementor-top-section elementor-element elementor-element-4ff1a24c elementor-section-boxed elementor-section-height-default elementor-section-height-default\" data-id=\"4ff1a24c\" data-element_type=\"section\" data-e-type=\"section\">\n\t\t\t\t\t\t<div class=\"elementor-container elementor-column-gap-default\">\n\t\t\t\t\t<div class=\"elementor-column elementor-col-100 elementor-top-column elementor-element elementor-element-4a1ffaef\" data-id=\"4a1ffaef\" data-element_type=\"column\" data-e-type=\"column\">\n\t\t\t<div class=\"elementor-widget-wrap elementor-element-populated\">\n\t\t\t\t\t\t<div class=\"elementor-element elementor-element-59e8552c elementor-widget elementor-widget-text-editor\" data-id=\"59e8552c\" data-element_type=\"widget\" data-e-type=\"widget\" data-widget_type=\"text-editor.default\">\n\t\t\t\t<div class=\"elementor-widget-container\">\n\t\t\t\t\t\t\t\t\t<p><\/p>\n<p style=\"text-align: center\">Para completar su <strong>registro<\/strong>, <strong>por favor, haga clic en el enlace del correo electr\u00f3nico<\/strong> que le acabamos de enviar.<\/p>\n<p style=\"text-align: center\">El correo electr\u00f3nico deber\u00eda estar en tu bandeja de entrada en unos 1-3 minutos.<br \/>\nSi no, debes haberla escrito mal.<br \/>\nPor favor, int\u00e9ntelo de nuevo o compruebe su carpeta <strong>SPAM <\/strong>.<br \/>\nDe lo contrario, intente tambi\u00e9n con otra direcci\u00f3n de correo electr\u00f3nico.<\/p>\n<p><\/p>\n\t\t\t\t\t\t\t\t<\/div>\n\t\t\t\t<\/div>\n\t\t\t\t\t<\/div>\n\t\t<\/div>\n\t\t\t\t\t<\/div>\n\t\t<\/section>\n\t\t\t\t<\/div>\n\t\t","protected":false},"excerpt":{"rendered":"<p>Para completar su registro, por favor, haga clic en el enlace del correo electr\u00f3nico que le acabamos de enviar. El correo electr\u00f3nico deber\u00eda estar en tu bandeja de entrada en unos 1-3 minutos. Si no, debes haberla [&hellip;]<\/p>\n","protected":false},"author":1,"featured_media":0,"parent":0,"menu_order":0,"comment_status":"closed","ping_status":"closed","template":"","meta":{"_uag_custom_page_level_css":"","site-sidebar-layout":"default","site-content-layout":"","ast-site-content-layout":"","site-content-style":"default","site-sidebar-style":"default","ast-global-header-display":"","ast-banner-title-visibility":"","ast-main-header-display":"","ast-hfb-above-header-display":"","ast-hfb-below-header-display":"","ast-hfb-mobile-header-display":"","site-post-title":"","ast-breadcrumbs-content":"","ast-featured-img":"","footer-sml-layout":"","theme-transparent-header-meta":"","adv-header-id-meta":"","stick-header-meta":"","header-above-stick-meta":"","header-main-stick-meta":"","header-below-stick-meta":"","astra-migrate-meta-layouts":"default","ast-page-background-enabled":"default","ast-page-background-meta":{"desktop":{"background-color":"","background-image":"","background-repeat":"repeat","background-position":"center center","background-size":"auto","background-attachment":"scroll","background-type":"","background-media":"","overlay-type":"","overlay-color":"","overlay-opacity":"","overlay-gradient":""},"tablet":{"background-color":"","background-image":"","background-repeat":"repeat","background-position":"center center","background-size":"auto","background-attachment":"scroll","background-type":"","background-media":"","overlay-type":"","overlay-color":"","overlay-opacity":"","overlay-gradient":""},"mobile":{"background-color":"","background-image":"","background-repeat":"repeat","background-position":"center center","background-size":"auto","background-attachment":"scroll","background-type":"","background-media":"","overlay-type":"","overlay-color":"","overlay-opacity":"","overlay-gradient":""}},"ast-content-background-meta":{"desktop":{"background-color":"var(--ast-global-color-5)","background-image":"","background-repeat":"repeat","background-position":"center center","background-size":"auto","background-attachment":"scroll","background-type":"","background-media":"","overlay-type":"","overlay-color":"","overlay-opacity":"","overlay-gradient":""},"tablet":{"background-color":"var(--ast-global-color-5)","background-image":"","background-repeat":"repeat","background-position":"center center","background-size":"auto","background-attachment":"scroll","background-type":"","background-media":"","overlay-type":"","overlay-color":"","overlay-opacity":"","overlay-gradient":""},"mobile":{"background-color":"var(--ast-global-color-5)","background-image":"","background-repeat":"repeat","background-position":"center center","background-size":"auto","background-attachment":"scroll","background-type":"","background-media":"","overlay-type":"","overlay-color":"","overlay-opacity":"","overlay-gradient":""}},"footnotes":""},"class_list":["post-33576","page","type-page","status-publish","hentry"],"yoast_head":"<!-- This site is optimized with the Yoast SEO Premium plugin v27.2 (Yoast SEO v27.2) - https:\/\/yoast.com\/product\/yoast-seo-premium-wordpress\/ -->\n<title>Aviso de registro en el bolet\u00edn de noticias - MMS Seminar | Chlordioxid (CDS\/CDL) nach Jim Humble &amp; A. Kalcker<\/title>\n<meta name=\"robots\" content=\"index, follow, max-snippet:-1, max-image-preview:large, max-video-preview:-1\" \/>\n<link rel=\"canonical\" href=\"https:\/\/mms-seminar.com\/es\/aviso-de-registro-en-el-boletin-de-noticias\/\" \/>\n<meta property=\"og:locale\" content=\"es_ES\" \/>\n<meta property=\"og:type\" content=\"article\" \/>\n<meta property=\"og:title\" content=\"Aviso de registro en el bolet\u00edn de noticias\" \/>\n<meta property=\"og:description\" content=\"Para completar su registro, por favor, haga clic en el enlace del correo electr\u00f3nico que le acabamos de enviar. El correo electr\u00f3nico deber\u00eda estar en tu bandeja de entrada en unos 1-3 minutos. Si no, debes haberla [&hellip;]\" \/>\n<meta property=\"og:url\" content=\"https:\/\/mms-seminar.com\/es\/aviso-de-registro-en-el-boletin-de-noticias\/\" \/>\n<meta property=\"og:site_name\" content=\"MMS Seminar | Chlordioxid (CDS\/CDL) nach Jim Humble &amp; A. Kalcker\" \/>\n<meta property=\"article:publisher\" content=\"https:\/\/www.facebook.com\/MMSseminare\" \/>\n<meta property=\"article:modified_time\" content=\"2023-02-27T10:59:57+00:00\" \/>\n<meta property=\"og:image\" content=\"https:\/\/mms-seminar.com\/wp-content\/uploads\/2020\/06\/social-mms-plattform.jpg\" \/>\n\t<meta property=\"og:image:width\" content=\"1200\" \/>\n\t<meta property=\"og:image:height\" content=\"630\" \/>\n\t<meta property=\"og:image:type\" content=\"image\/jpeg\" \/>\n<script type=\"application\/ld+json\" class=\"yoast-schema-graph\">{\"@context\":\"https:\/\/schema.org\",\"@graph\":[{\"@type\":\"WebPage\",\"@id\":\"https:\/\/mms-seminar.com\/es\/aviso-de-registro-en-el-boletin-de-noticias\/\",\"url\":\"https:\/\/mms-seminar.com\/es\/aviso-de-registro-en-el-boletin-de-noticias\/\",\"name\":\"Aviso de registro en el bolet\u00edn de noticias - MMS Seminar | Chlordioxid (CDS\/CDL) nach Jim Humble &amp; A. Kalcker\",\"isPartOf\":{\"@id\":\"https:\/\/mms-seminar.com\/es\/#website\"},\"datePublished\":\"2020-12-29T17:01:40+00:00\",\"dateModified\":\"2023-02-27T10:59:57+00:00\",\"breadcrumb\":{\"@id\":\"https:\/\/mms-seminar.com\/es\/aviso-de-registro-en-el-boletin-de-noticias\/#breadcrumb\"},\"inLanguage\":\"es\",\"potentialAction\":[{\"@type\":\"ReadAction\",\"target\":[\"https:\/\/mms-seminar.com\/es\/aviso-de-registro-en-el-boletin-de-noticias\/\"]}]},{\"@type\":\"BreadcrumbList\",\"@id\":\"https:\/\/mms-seminar.com\/es\/aviso-de-registro-en-el-boletin-de-noticias\/#breadcrumb\",\"itemListElement\":[{\"@type\":\"ListItem\",\"position\":1,\"name\":\"Home\",\"item\":\"https:\/\/mms-seminar.com\/es\/\"},{\"@type\":\"ListItem\",\"position\":2,\"name\":\"Aviso de registro en el bolet\u00edn de noticias\"}]},{\"@type\":\"WebSite\",\"@id\":\"https:\/\/mms-seminar.com\/es\/#website\",\"url\":\"https:\/\/mms-seminar.com\/es\/\",\"name\":\"MMS Seminar | Chlordioxid (CDS\/CDL) nach Jim Humble & A. Kalcker\",\"description\":\"Dein Wissensportal zu MMS, CDS\/CDL &amp; Methylenblau nach Jim Humble und Andreas Kalcker.\",\"publisher\":{\"@id\":\"https:\/\/mms-seminar.com\/es\/#organization\"},\"potentialAction\":[{\"@type\":\"SearchAction\",\"target\":{\"@type\":\"EntryPoint\",\"urlTemplate\":\"https:\/\/mms-seminar.com\/es\/?s={search_term_string}\"},\"query-input\":{\"@type\":\"PropertyValueSpecification\",\"valueRequired\":true,\"valueName\":\"search_term_string\"}}],\"inLanguage\":\"es\"},{\"@type\":\"Organization\",\"@id\":\"https:\/\/mms-seminar.com\/es\/#organization\",\"name\":\"MMS-Seminar\",\"url\":\"https:\/\/mms-seminar.com\/es\/\",\"logo\":{\"@type\":\"ImageObject\",\"inLanguage\":\"es\",\"@id\":\"https:\/\/mms-seminar.com\/es\/#\/schema\/logo\/image\/\",\"url\":\"https:\/\/mms-seminar.com\/wp-content\/uploads\/2017\/08\/cropped-mms-logo-weiss-560x80-2.png\",\"contentUrl\":\"https:\/\/mms-seminar.com\/wp-content\/uploads\/2017\/08\/cropped-mms-logo-weiss-560x80-2.png\",\"width\":446,\"height\":80,\"caption\":\"MMS-Seminar\"},\"image\":{\"@id\":\"https:\/\/mms-seminar.com\/es\/#\/schema\/logo\/image\/\"},\"sameAs\":[\"https:\/\/www.facebook.com\/MMSseminare\"]}]}<\/script>\n<!-- \/ Yoast SEO Premium plugin. -->","yoast_head_json":{"title":"Aviso de registro en el bolet\u00edn de noticias - MMS Seminar | Chlordioxid (CDS\/CDL) nach Jim Humble &amp; A. Kalcker","robots":{"index":"index","follow":"follow","max-snippet":"max-snippet:-1","max-image-preview":"max-image-preview:large","max-video-preview":"max-video-preview:-1"},"canonical":"https:\/\/mms-seminar.com\/es\/aviso-de-registro-en-el-boletin-de-noticias\/","og_locale":"es_ES","og_type":"article","og_title":"Aviso de registro en el bolet\u00edn de noticias","og_description":"Para completar su registro, por favor, haga clic en el enlace del correo electr\u00f3nico que le acabamos de enviar. El correo electr\u00f3nico deber\u00eda estar en tu bandeja de entrada en unos 1-3 minutos. Si no, debes haberla [&hellip;]","og_url":"https:\/\/mms-seminar.com\/es\/aviso-de-registro-en-el-boletin-de-noticias\/","og_site_name":"MMS Seminar | Chlordioxid (CDS\/CDL) nach Jim Humble &amp; A. Kalcker","article_publisher":"https:\/\/www.facebook.com\/MMSseminare","article_modified_time":"2023-02-27T10:59:57+00:00","og_image":[{"width":1200,"height":630,"url":"https:\/\/mms-seminar.com\/wp-content\/uploads\/2020\/06\/social-mms-plattform.jpg","type":"image\/jpeg"}],"schema":{"@context":"https:\/\/schema.org","@graph":[{"@type":"WebPage","@id":"https:\/\/mms-seminar.com\/es\/aviso-de-registro-en-el-boletin-de-noticias\/","url":"https:\/\/mms-seminar.com\/es\/aviso-de-registro-en-el-boletin-de-noticias\/","name":"Aviso de registro en el bolet\u00edn de noticias - MMS Seminar | Chlordioxid (CDS\/CDL) nach Jim Humble &amp; A. Kalcker","isPartOf":{"@id":"https:\/\/mms-seminar.com\/es\/#website"},"datePublished":"2020-12-29T17:01:40+00:00","dateModified":"2023-02-27T10:59:57+00:00","breadcrumb":{"@id":"https:\/\/mms-seminar.com\/es\/aviso-de-registro-en-el-boletin-de-noticias\/#breadcrumb"},"inLanguage":"es","potentialAction":[{"@type":"ReadAction","target":["https:\/\/mms-seminar.com\/es\/aviso-de-registro-en-el-boletin-de-noticias\/"]}]},{"@type":"BreadcrumbList","@id":"https:\/\/mms-seminar.com\/es\/aviso-de-registro-en-el-boletin-de-noticias\/#breadcrumb","itemListElement":[{"@type":"ListItem","position":1,"name":"Home","item":"https:\/\/mms-seminar.com\/es\/"},{"@type":"ListItem","position":2,"name":"Aviso de registro en el bolet\u00edn de noticias"}]},{"@type":"WebSite","@id":"https:\/\/mms-seminar.com\/es\/#website","url":"https:\/\/mms-seminar.com\/es\/","name":"MMS Seminar | Chlordioxid (CDS\/CDL) nach Jim Humble & A. Kalcker","description":"Dein Wissensportal zu MMS, CDS\/CDL &amp; Methylenblau nach Jim Humble und Andreas Kalcker.","publisher":{"@id":"https:\/\/mms-seminar.com\/es\/#organization"},"potentialAction":[{"@type":"SearchAction","target":{"@type":"EntryPoint","urlTemplate":"https:\/\/mms-seminar.com\/es\/?s={search_term_string}"},"query-input":{"@type":"PropertyValueSpecification","valueRequired":true,"valueName":"search_term_string"}}],"inLanguage":"es"},{"@type":"Organization","@id":"https:\/\/mms-seminar.com\/es\/#organization","name":"MMS-Seminar","url":"https:\/\/mms-seminar.com\/es\/","logo":{"@type":"ImageObject","inLanguage":"es","@id":"https:\/\/mms-seminar.com\/es\/#\/schema\/logo\/image\/","url":"https:\/\/mms-seminar.com\/wp-content\/uploads\/2017\/08\/cropped-mms-logo-weiss-560x80-2.png","contentUrl":"https:\/\/mms-seminar.com\/wp-content\/uploads\/2017\/08\/cropped-mms-logo-weiss-560x80-2.png","width":446,"height":80,"caption":"MMS-Seminar"},"image":{"@id":"https:\/\/mms-seminar.com\/es\/#\/schema\/logo\/image\/"},"sameAs":["https:\/\/www.facebook.com\/MMSseminare"]}]}},"uagb_featured_image_src":{"full":false,"thumbnail":false,"medium":false,"medium_large":false,"large":false,"1536x1536":false,"2048x2048":false},"uagb_author_info":{"display_name":"Teamer MMSler","author_link":"https:\/\/mms-seminar.com\/es\/author\/mms-dreamteam2016-2-2-2-2-2-2\/"},"uagb_comment_info":0,"uagb_excerpt":"Para completar su registro, por favor, haga clic en el enlace del correo electr\u00f3nico que le acabamos de enviar. El correo electr\u00f3nico deber\u00eda estar en tu bandeja de entrada en unos 1-3 minutos. Si no, debes haberla [&hellip;]","_links":{"self":[{"href":"https:\/\/mms-seminar.com\/es\/wp-json\/wp\/v2\/pages\/33576","targetHints":{"allow":["GET"]}}],"collection":[{"href":"https:\/\/mms-seminar.com\/es\/wp-json\/wp\/v2\/pages"}],"about":[{"href":"https:\/\/mms-seminar.com\/es\/wp-json\/wp\/v2\/types\/page"}],"author":[{"embeddable":true,"href":"https:\/\/mms-seminar.com\/es\/wp-json\/wp\/v2\/users\/1"}],"replies":[{"embeddable":true,"href":"https:\/\/mms-seminar.com\/es\/wp-json\/wp\/v2\/comments?post=33576"}],"version-history":[{"count":0,"href":"https:\/\/mms-seminar.com\/es\/wp-json\/wp\/v2\/pages\/33576\/revisions"}],"wp:attachment":[{"href":"https:\/\/mms-seminar.com\/es\/wp-json\/wp\/v2\/media?parent=33576"}],"curies":[{"name":"wp","href":"https:\/\/api.w.org\/{rel}","templated":true}]}}