{"id":33567,"date":"2020-12-29T18:01:32","date_gmt":"2020-12-29T17:01:32","guid":{"rendered":"https:\/\/mms-seminar.com\/zzz-borax-msm-y-curcuma\/"},"modified":"2020-12-30T09:23:39","modified_gmt":"2020-12-30T08:23:39","slug":"zzz-borax-msm-y-curcuma","status":"publish","type":"page","link":"https:\/\/mms-seminar.com\/es\/zzz-borax-msm-y-curcuma\/","title":{"rendered":"ZZZ-B\u00f3rax, MSM y c\u00farcuma"},"content":{"rendered":"\t\t<div data-elementor-type=\"wp-page\" data-elementor-id=\"33567\" class=\"elementor elementor-33567 elementor-3656\" data-elementor-post-type=\"page\">\n\t\t\t\t\t\t<section class=\"elementor-section elementor-top-section elementor-element elementor-element-7a117987 elementor-section-boxed elementor-section-height-default elementor-section-height-default\" data-id=\"7a117987\" data-element_type=\"section\" data-e-type=\"section\">\n\t\t\t\t\t\t<div class=\"elementor-container elementor-column-gap-default\">\n\t\t\t\t\t<div class=\"elementor-column elementor-col-100 elementor-top-column elementor-element elementor-element-15213548\" data-id=\"15213548\" data-element_type=\"column\" data-e-type=\"column\">\n\t\t\t<div class=\"elementor-widget-wrap elementor-element-populated\">\n\t\t\t\t\t\t<div class=\"elementor-element elementor-element-2558315b elementor-widget elementor-widget-text-editor\" data-id=\"2558315b\" data-element_type=\"widget\" data-e-type=\"widget\" data-widget_type=\"text-editor.default\">\n\t\t\t\t<div class=\"elementor-widget-container\">\n\t\t\t\t\t\t\t\t\t<p><span style=\"font-size: 16px; text-align: justify;\">El b\u00f3rax es un maravilloso mineral natural con fant\u00e1sticas propiedades para la osteoartritis y la artritis, as\u00ed como contra los hongos de todo tipo en el cuerpo. S\u00f3lo se prohibi\u00f3 pr\u00e1cticamente de la noche a la ma\u00f1ana en toda la UE en 2011, mientras que todav\u00eda se utiliza como un ingrediente clave en los detergentes en los EE.UU. Aqu\u00ed hay m\u00e1s informaci\u00f3n.<\/span><\/p>\n<h3 style=\"text-align: justify;\">Die Borax-Verschw\u00f6rung<\/h3>\n<p style=\"text-align: justify;\"><span style=\"line-height: 1.5;\"><a href=\"https:\/\/mms-seminar.com\/wp-content\/uploads\/2013\/07\/Bildschirmfoto-2014-03-07-um-22.54.02.png\" target=\"_blank\" rel=\"noopener noreferrer\"><img decoding=\"async\" class=\"alignleft wp-image-1393\" src=\"https:\/\/mms-seminar.com\/wp-content\/uploads\/2013\/07\/Bildschirmfoto-2014-03-07-um-22.54.02.png\" alt=\"\" width=\"121\" height=\"169\" srcset=\"https:\/\/mms-seminar.com\/wp-content\/uploads\/2013\/07\/Bildschirmfoto-2014-03-07-um-22.54.02.png 696w, https:\/\/mms-seminar.com\/wp-content\/uploads\/2013\/07\/Bildschirmfoto-2014-03-07-um-22.54.02-215x300.png 215w\" sizes=\"(max-width: 121px) 100vw, 121px\" \/><\/a><\/span><\/p>\n<p style=\"text-align: justify;\"><span style=\"line-height: 1.5;\"><br \/>Art\u00edculo de la revista Nexus <\/span><a title=\"Die Borax-Verschw\u00f6rung\" href=\"https:\/\/mms-seminar.com\/wp-content\/uploads\/2013\/07\/Borax-Nexus.pdf\" target=\"_blank\" rel=\"noopener noreferrer\">aqu\u00ed<\/a><strong style=\"line-height: 1.5;\">. <\/strong><span style=\"line-height: 1.5;\"> Por ejemplo, puedes conseguir el remedio casero Borax en Turqu\u00eda (no UE) en cualquier farmacia por unos pocos euros. <\/span><span style=\"line-height: 1.5;\">Otras opciones de compra se mantienen siempre en nuestra lista de <a href=\"https:\/\/mms-seminar.com\/es\/fuentes-de-mms\/\">fuentes<\/a>.<\/span><\/p>\n<h3 style=\"text-align: justify;\"> <\/h3>\n<h3 style=\"text-align: justify;\"> <\/h3>\n<p>https:\/\/youtube.com\/watch?v=B_zk5xnFLKc<\/p>\n<h3>C\u00farcuma<\/h3>\n<p><div class=\"ast-oembed-container \" style=\"height: 100%;\"><iframe title=\"KURKUMIN - Wunderwaffe der Natur\" width=\"500\" height=\"281\" src=\"https:\/\/www.youtube.com\/embed\/OI5Z6tA4o1Q?feature=oembed\" frameborder=\"0\" allow=\"accelerometer; autoplay; clipboard-write; encrypted-media; gyroscope; picture-in-picture; web-share\" referrerpolicy=\"strict-origin-when-cross-origin\" allowfullscreen><\/iframe><\/div><\/p>\n<p>v\u00e9ase tambi\u00e9n <a href=\"https:\/\/mms-seminar.com\/wp-content\/uploads\/2015\/08\/DrDouwes_Info_Curcumin.pdf\" target=\"_blank\" rel=\"noopener noreferrer\">&gt;&gt;Estudio de la c\u00farcuma Suiza<\/a>.<\/p>\n<h3>MSM<\/h3>\n<p class=\"p1\">El dolor, la inflamaci\u00f3n y la hinchaz\u00f3n de las articulaciones del grupo de pacientes se midieron a intervalos regulares.<\/p>\n<p class=\"p1\">En el grupo de HSH, se observ\u00f3 una reducci\u00f3n del dolor del 52 por ciento despu\u00e9s de 12 semanas, mientras que el valor del dolor en el grupo de la glucosamina incluso disminuy\u00f3 en un 63 por ciento.<\/p>\n<p class=\"p1\">Sin embargo, el mejor resultado se obtuvo en el grupo que tom\u00f3 MSM junto con la glucosamina: Aqu\u00ed, el dolor, la inflamaci\u00f3n y la hinchaz\u00f3n de las articulaciones se redujeron en un 79 por ciento.<\/p>\n<p class=\"p1\">En caso de dolor severo, la cantidad diaria puede ser aumentada a 2500 mg de MSM y 2500 mg de glucosamina. Dividido en 2 dosis por la ma\u00f1ana y por la noche. \u00a1Se recomienda aumentar lentamente!<\/p>\n<h3>Strophantine<\/h3>\n<p>https:\/\/youtu.be\/ltQqiBqlzA4<\/p>\n\t\t\t\t\t\t\t\t<\/div>\n\t\t\t\t<\/div>\n\t\t\t\t\t<\/div>\n\t\t<\/div>\n\t\t\t\t\t<\/div>\n\t\t<\/section>\n\t\t\t\t<\/div>\n\t\t","protected":false},"excerpt":{"rendered":"<p>El b\u00f3rax es un maravilloso mineral natural con fant\u00e1sticas propiedades para la osteoartritis y la artritis, as\u00ed como contra los hongos de todo tipo en el cuerpo. S\u00f3lo se prohibi\u00f3 pr\u00e1cticamente de la noche a la ma\u00f1ana [&hellip;]<\/p>\n","protected":false},"author":1,"featured_media":0,"parent":0,"menu_order":0,"comment_status":"closed","ping_status":"closed","template":"","meta":{"_uag_custom_page_level_css":"","site-sidebar-layout":"no-sidebar","site-content-layout":"plain-container","ast-site-content-layout":"","site-content-style":"default","site-sidebar-style":"default","ast-global-header-display":"","ast-banner-title-visibility":"","ast-main-header-display":"","ast-hfb-above-header-display":"","ast-hfb-below-header-display":"","ast-hfb-mobile-header-display":"","site-post-title":"disabled","ast-breadcrumbs-content":"","ast-featured-img":"disabled","footer-sml-layout":"","theme-transparent-header-meta":"default","adv-header-id-meta":"","stick-header-meta":"","header-above-stick-meta":"","header-main-stick-meta":"","header-below-stick-meta":"","astra-migrate-meta-layouts":"default","ast-page-background-enabled":"default","ast-page-background-meta":{"desktop":{"background-color":"","background-image":"","background-repeat":"repeat","background-position":"center center","background-size":"auto","background-attachment":"scroll","background-type":"","background-media":"","overlay-type":"","overlay-color":"","overlay-opacity":"","overlay-gradient":""},"tablet":{"background-color":"","background-image":"","background-repeat":"repeat","background-position":"center center","background-size":"auto","background-attachment":"scroll","background-type":"","background-media":"","overlay-type":"","overlay-color":"","overlay-opacity":"","overlay-gradient":""},"mobile":{"background-color":"","background-image":"","background-repeat":"repeat","background-position":"center center","background-size":"auto","background-attachment":"scroll","background-type":"","background-media":"","overlay-type":"","overlay-color":"","overlay-opacity":"","overlay-gradient":""}},"ast-content-background-meta":{"desktop":{"background-color":"var(--ast-global-color-5)","background-image":"","background-repeat":"repeat","background-position":"center center","background-size":"auto","background-attachment":"scroll","background-type":"","background-media":"","overlay-type":"","overlay-color":"","overlay-opacity":"","overlay-gradient":""},"tablet":{"background-color":"var(--ast-global-color-5)","background-image":"","background-repeat":"repeat","background-position":"center center","background-size":"auto","background-attachment":"scroll","background-type":"","background-media":"","overlay-type":"","overlay-color":"","overlay-opacity":"","overlay-gradient":""},"mobile":{"background-color":"var(--ast-global-color-5)","background-image":"","background-repeat":"repeat","background-position":"center center","background-size":"auto","background-attachment":"scroll","background-type":"","background-media":"","overlay-type":"","overlay-color":"","overlay-opacity":"","overlay-gradient":""}},"footnotes":""},"class_list":["post-33567","page","type-page","status-publish","hentry"],"yoast_head":"<!-- This site is optimized with the Yoast SEO Premium plugin v27.2 (Yoast SEO v27.2) - https:\/\/yoast.com\/product\/yoast-seo-premium-wordpress\/ -->\n<title>ZZZ-B\u00f3rax, MSM y c\u00farcuma - MMS Seminar | Chlordioxid (CDS\/CDL) nach Jim Humble &amp; A. Kalcker<\/title>\n<meta name=\"robots\" content=\"index, follow, max-snippet:-1, max-image-preview:large, max-video-preview:-1\" \/>\n<link rel=\"canonical\" href=\"https:\/\/mms-seminar.com\/es\/zzz-borax-msm-y-curcuma\/\" \/>\n<meta property=\"og:locale\" content=\"es_ES\" \/>\n<meta property=\"og:type\" content=\"article\" \/>\n<meta property=\"og:title\" content=\"ZZZ-B\u00f3rax, MSM y c\u00farcuma\" \/>\n<meta property=\"og:description\" content=\"El b\u00f3rax es un maravilloso mineral natural con fant\u00e1sticas propiedades para la osteoartritis y la artritis, as\u00ed como contra los hongos de todo tipo en el cuerpo. S\u00f3lo se prohibi\u00f3 pr\u00e1cticamente de la noche a la ma\u00f1ana [&hellip;]\" \/>\n<meta property=\"og:url\" content=\"https:\/\/mms-seminar.com\/es\/zzz-borax-msm-y-curcuma\/\" \/>\n<meta property=\"og:site_name\" content=\"MMS Seminar | Chlordioxid (CDS\/CDL) nach Jim Humble &amp; A. Kalcker\" \/>\n<meta property=\"article:publisher\" content=\"https:\/\/www.facebook.com\/MMSseminare\" \/>\n<meta property=\"article:modified_time\" content=\"2020-12-30T08:23:39+00:00\" \/>\n<meta property=\"og:image\" content=\"https:\/\/mms-seminar.com\/wp-content\/uploads\/2013\/07\/Bildschirmfoto-2014-03-07-um-22.54.02.png\" \/>\n\t<meta property=\"og:image:width\" content=\"696\" \/>\n\t<meta property=\"og:image:height\" content=\"970\" \/>\n\t<meta property=\"og:image:type\" content=\"image\/png\" \/>\n<meta name=\"twitter:label1\" content=\"Tiempo de lectura\" \/>\n\t<meta name=\"twitter:data1\" content=\"1 minuto\" \/>\n<script type=\"application\/ld+json\" class=\"yoast-schema-graph\">{\"@context\":\"https:\/\/schema.org\",\"@graph\":[{\"@type\":\"WebPage\",\"@id\":\"https:\/\/mms-seminar.com\/es\/zzz-borax-msm-y-curcuma\/\",\"url\":\"https:\/\/mms-seminar.com\/es\/zzz-borax-msm-y-curcuma\/\",\"name\":\"ZZZ-B\u00f3rax, MSM y c\u00farcuma - MMS Seminar | Chlordioxid (CDS\/CDL) nach Jim Humble &amp; A. Kalcker\",\"isPartOf\":{\"@id\":\"https:\/\/mms-seminar.com\/es\/#website\"},\"primaryImageOfPage\":{\"@id\":\"https:\/\/mms-seminar.com\/es\/zzz-borax-msm-y-curcuma\/#primaryimage\"},\"image\":{\"@id\":\"https:\/\/mms-seminar.com\/es\/zzz-borax-msm-y-curcuma\/#primaryimage\"},\"thumbnailUrl\":\"https:\/\/mms-seminar.com\/wp-content\/uploads\/2013\/07\/Bildschirmfoto-2014-03-07-um-22.54.02.png\",\"datePublished\":\"2020-12-29T17:01:32+00:00\",\"dateModified\":\"2020-12-30T08:23:39+00:00\",\"breadcrumb\":{\"@id\":\"https:\/\/mms-seminar.com\/es\/zzz-borax-msm-y-curcuma\/#breadcrumb\"},\"inLanguage\":\"es\",\"potentialAction\":[{\"@type\":\"ReadAction\",\"target\":[\"https:\/\/mms-seminar.com\/es\/zzz-borax-msm-y-curcuma\/\"]}]},{\"@type\":\"ImageObject\",\"inLanguage\":\"es\",\"@id\":\"https:\/\/mms-seminar.com\/es\/zzz-borax-msm-y-curcuma\/#primaryimage\",\"url\":\"https:\/\/mms-seminar.com\/wp-content\/uploads\/2013\/07\/Bildschirmfoto-2014-03-07-um-22.54.02.png\",\"contentUrl\":\"https:\/\/mms-seminar.com\/wp-content\/uploads\/2013\/07\/Bildschirmfoto-2014-03-07-um-22.54.02.png\"},{\"@type\":\"BreadcrumbList\",\"@id\":\"https:\/\/mms-seminar.com\/es\/zzz-borax-msm-y-curcuma\/#breadcrumb\",\"itemListElement\":[{\"@type\":\"ListItem\",\"position\":1,\"name\":\"Home\",\"item\":\"https:\/\/mms-seminar.com\/es\/\"},{\"@type\":\"ListItem\",\"position\":2,\"name\":\"ZZZ-B\u00f3rax, MSM y c\u00farcuma\"}]},{\"@type\":\"WebSite\",\"@id\":\"https:\/\/mms-seminar.com\/es\/#website\",\"url\":\"https:\/\/mms-seminar.com\/es\/\",\"name\":\"MMS Seminar | Chlordioxid (CDS\/CDL) nach Jim Humble & A. Kalcker\",\"description\":\"Dein Wissensportal zu MMS, CDS\/CDL &amp; Methylenblau nach Jim Humble und Andreas Kalcker.\",\"publisher\":{\"@id\":\"https:\/\/mms-seminar.com\/es\/#organization\"},\"potentialAction\":[{\"@type\":\"SearchAction\",\"target\":{\"@type\":\"EntryPoint\",\"urlTemplate\":\"https:\/\/mms-seminar.com\/es\/?s={search_term_string}\"},\"query-input\":{\"@type\":\"PropertyValueSpecification\",\"valueRequired\":true,\"valueName\":\"search_term_string\"}}],\"inLanguage\":\"es\"},{\"@type\":\"Organization\",\"@id\":\"https:\/\/mms-seminar.com\/es\/#organization\",\"name\":\"MMS-Seminar\",\"url\":\"https:\/\/mms-seminar.com\/es\/\",\"logo\":{\"@type\":\"ImageObject\",\"inLanguage\":\"es\",\"@id\":\"https:\/\/mms-seminar.com\/es\/#\/schema\/logo\/image\/\",\"url\":\"https:\/\/mms-seminar.com\/wp-content\/uploads\/2017\/08\/cropped-mms-logo-weiss-560x80-2.png\",\"contentUrl\":\"https:\/\/mms-seminar.com\/wp-content\/uploads\/2017\/08\/cropped-mms-logo-weiss-560x80-2.png\",\"width\":446,\"height\":80,\"caption\":\"MMS-Seminar\"},\"image\":{\"@id\":\"https:\/\/mms-seminar.com\/es\/#\/schema\/logo\/image\/\"},\"sameAs\":[\"https:\/\/www.facebook.com\/MMSseminare\"]}]}<\/script>\n<!-- \/ Yoast SEO Premium plugin. -->","yoast_head_json":{"title":"ZZZ-B\u00f3rax, MSM y c\u00farcuma - MMS Seminar | Chlordioxid (CDS\/CDL) nach Jim Humble &amp; A. Kalcker","robots":{"index":"index","follow":"follow","max-snippet":"max-snippet:-1","max-image-preview":"max-image-preview:large","max-video-preview":"max-video-preview:-1"},"canonical":"https:\/\/mms-seminar.com\/es\/zzz-borax-msm-y-curcuma\/","og_locale":"es_ES","og_type":"article","og_title":"ZZZ-B\u00f3rax, MSM y c\u00farcuma","og_description":"El b\u00f3rax es un maravilloso mineral natural con fant\u00e1sticas propiedades para la osteoartritis y la artritis, as\u00ed como contra los hongos de todo tipo en el cuerpo. S\u00f3lo se prohibi\u00f3 pr\u00e1cticamente de la noche a la ma\u00f1ana [&hellip;]","og_url":"https:\/\/mms-seminar.com\/es\/zzz-borax-msm-y-curcuma\/","og_site_name":"MMS Seminar | Chlordioxid (CDS\/CDL) nach Jim Humble &amp; A. Kalcker","article_publisher":"https:\/\/www.facebook.com\/MMSseminare","article_modified_time":"2020-12-30T08:23:39+00:00","og_image":[{"width":696,"height":970,"url":"https:\/\/mms-seminar.com\/wp-content\/uploads\/2013\/07\/Bildschirmfoto-2014-03-07-um-22.54.02.png","type":"image\/png"}],"twitter_misc":{"Tiempo de lectura":"1 minuto"},"schema":{"@context":"https:\/\/schema.org","@graph":[{"@type":"WebPage","@id":"https:\/\/mms-seminar.com\/es\/zzz-borax-msm-y-curcuma\/","url":"https:\/\/mms-seminar.com\/es\/zzz-borax-msm-y-curcuma\/","name":"ZZZ-B\u00f3rax, MSM y c\u00farcuma - MMS Seminar | Chlordioxid (CDS\/CDL) nach Jim Humble &amp; A. Kalcker","isPartOf":{"@id":"https:\/\/mms-seminar.com\/es\/#website"},"primaryImageOfPage":{"@id":"https:\/\/mms-seminar.com\/es\/zzz-borax-msm-y-curcuma\/#primaryimage"},"image":{"@id":"https:\/\/mms-seminar.com\/es\/zzz-borax-msm-y-curcuma\/#primaryimage"},"thumbnailUrl":"https:\/\/mms-seminar.com\/wp-content\/uploads\/2013\/07\/Bildschirmfoto-2014-03-07-um-22.54.02.png","datePublished":"2020-12-29T17:01:32+00:00","dateModified":"2020-12-30T08:23:39+00:00","breadcrumb":{"@id":"https:\/\/mms-seminar.com\/es\/zzz-borax-msm-y-curcuma\/#breadcrumb"},"inLanguage":"es","potentialAction":[{"@type":"ReadAction","target":["https:\/\/mms-seminar.com\/es\/zzz-borax-msm-y-curcuma\/"]}]},{"@type":"ImageObject","inLanguage":"es","@id":"https:\/\/mms-seminar.com\/es\/zzz-borax-msm-y-curcuma\/#primaryimage","url":"https:\/\/mms-seminar.com\/wp-content\/uploads\/2013\/07\/Bildschirmfoto-2014-03-07-um-22.54.02.png","contentUrl":"https:\/\/mms-seminar.com\/wp-content\/uploads\/2013\/07\/Bildschirmfoto-2014-03-07-um-22.54.02.png"},{"@type":"BreadcrumbList","@id":"https:\/\/mms-seminar.com\/es\/zzz-borax-msm-y-curcuma\/#breadcrumb","itemListElement":[{"@type":"ListItem","position":1,"name":"Home","item":"https:\/\/mms-seminar.com\/es\/"},{"@type":"ListItem","position":2,"name":"ZZZ-B\u00f3rax, MSM y c\u00farcuma"}]},{"@type":"WebSite","@id":"https:\/\/mms-seminar.com\/es\/#website","url":"https:\/\/mms-seminar.com\/es\/","name":"MMS Seminar | Chlordioxid (CDS\/CDL) nach Jim Humble & A. Kalcker","description":"Dein Wissensportal zu MMS, CDS\/CDL &amp; Methylenblau nach Jim Humble und Andreas Kalcker.","publisher":{"@id":"https:\/\/mms-seminar.com\/es\/#organization"},"potentialAction":[{"@type":"SearchAction","target":{"@type":"EntryPoint","urlTemplate":"https:\/\/mms-seminar.com\/es\/?s={search_term_string}"},"query-input":{"@type":"PropertyValueSpecification","valueRequired":true,"valueName":"search_term_string"}}],"inLanguage":"es"},{"@type":"Organization","@id":"https:\/\/mms-seminar.com\/es\/#organization","name":"MMS-Seminar","url":"https:\/\/mms-seminar.com\/es\/","logo":{"@type":"ImageObject","inLanguage":"es","@id":"https:\/\/mms-seminar.com\/es\/#\/schema\/logo\/image\/","url":"https:\/\/mms-seminar.com\/wp-content\/uploads\/2017\/08\/cropped-mms-logo-weiss-560x80-2.png","contentUrl":"https:\/\/mms-seminar.com\/wp-content\/uploads\/2017\/08\/cropped-mms-logo-weiss-560x80-2.png","width":446,"height":80,"caption":"MMS-Seminar"},"image":{"@id":"https:\/\/mms-seminar.com\/es\/#\/schema\/logo\/image\/"},"sameAs":["https:\/\/www.facebook.com\/MMSseminare"]}]}},"uagb_featured_image_src":{"full":false,"thumbnail":false,"medium":false,"medium_large":false,"large":false,"1536x1536":false,"2048x2048":false},"uagb_author_info":{"display_name":"Teamer MMSler","author_link":"https:\/\/mms-seminar.com\/es\/author\/mms-dreamteam2016-2-2-2-2-2-2\/"},"uagb_comment_info":0,"uagb_excerpt":"El b\u00f3rax es un maravilloso mineral natural con fant\u00e1sticas propiedades para la osteoartritis y la artritis, as\u00ed como contra los hongos de todo tipo en el cuerpo. S\u00f3lo se prohibi\u00f3 pr\u00e1cticamente de la noche a la ma\u00f1ana [&hellip;]","_links":{"self":[{"href":"https:\/\/mms-seminar.com\/es\/wp-json\/wp\/v2\/pages\/33567","targetHints":{"allow":["GET"]}}],"collection":[{"href":"https:\/\/mms-seminar.com\/es\/wp-json\/wp\/v2\/pages"}],"about":[{"href":"https:\/\/mms-seminar.com\/es\/wp-json\/wp\/v2\/types\/page"}],"author":[{"embeddable":true,"href":"https:\/\/mms-seminar.com\/es\/wp-json\/wp\/v2\/users\/1"}],"replies":[{"embeddable":true,"href":"https:\/\/mms-seminar.com\/es\/wp-json\/wp\/v2\/comments?post=33567"}],"version-history":[{"count":0,"href":"https:\/\/mms-seminar.com\/es\/wp-json\/wp\/v2\/pages\/33567\/revisions"}],"wp:attachment":[{"href":"https:\/\/mms-seminar.com\/es\/wp-json\/wp\/v2\/media?parent=33567"}],"curies":[{"name":"wp","href":"https:\/\/api.w.org\/{rel}","templated":true}]}}